{"id":970,"date":"2025-07-24T13:28:44","date_gmt":"2025-07-24T13:28:44","guid":{"rendered":"https:\/\/www.pullmanparismontparnasse.com\/?page_id=970"},"modified":"2025-09-19T08:08:47","modified_gmt":"2025-09-19T08:08:47","slug":"rse","status":"publish","type":"page","link":"https:\/\/www.pullmanparismontparnasse.com\/fr\/a-propos\/rse\/","title":{"rendered":"RSE"},"content":{"rendered":"<p style=\"font-weight: 400\">Nous sommes convaincus qu&rsquo;en tant qu\u2019acteur \u00e9conomique, nous pouvons participer \u00e0 la transformation de notre soci\u00e9t\u00e9 vers un mod\u00e8le plus respectueux de l&rsquo;environnement qui nous entoure.<\/p>\n","protected":false},"excerpt":{"rendered":"<p>Nous sommes convaincus qu&rsquo;en tant qu\u2019acteur \u00e9conomique, nous pouvons participer \u00e0 la transformation de notre soci\u00e9t\u00e9 vers un mod\u00e8le plus respectueux de l&rsquo;environnement qui nous entoure.<\/p>\n","protected":false},"author":283,"featured_media":236,"parent":393,"menu_order":0,"comment_status":"closed","ping_status":"closed","template":"","meta":{"footnotes":""},"categories":[],"class_list":["post-970","page","type-page","status-publish","has-post-thumbnail","hentry"],"acf":[],"yoast_head":"<!-- This site is optimized with the Yoast SEO plugin v26.9 - https:\/\/yoast.com\/product\/yoast-seo-wordpress\/ -->\n<title>H\u00f4tel 4 \u00e9toiles ancr\u00e9 \u00e0 Montparnasse | Pullman Paris Montparnasse<\/title>\n<meta name=\"description\" content=\"Innovant et connect\u00e9, l&#039;h\u00f4tel Pullman Paris Montparnasse est \u00e0 une minute de la gare Montparnasse et proche des nombreux sites culturels de Paris 14.\" \/>\n<meta name=\"robots\" content=\"index, follow, max-snippet:-1, max-image-preview:large, max-video-preview:-1\" \/>\n<link rel=\"canonical\" href=\"https:\/\/www.pullmanparismontparnasse.com\/fr\/a-propos\/rse\/\" \/>\n<meta property=\"og:locale\" content=\"fr_FR\" \/>\n<meta property=\"og:type\" content=\"article\" \/>\n<meta property=\"og:title\" content=\"H\u00f4tel 4 \u00e9toiles ancr\u00e9 \u00e0 Montparnasse | Pullman Paris Montparnasse\" \/>\n<meta property=\"og:description\" content=\"Innovant et connect\u00e9, l&#039;h\u00f4tel Pullman Paris Montparnasse est \u00e0 une minute de la gare Montparnasse et proche des nombreux sites culturels de Paris 14.\" \/>\n<meta property=\"og:url\" content=\"https:\/\/www.pullmanparismontparnasse.com\/fr\/a-propos\/rse\/\" \/>\n<meta property=\"og:site_name\" content=\"Pullman Montparnasse\" \/>\n<meta property=\"article:modified_time\" content=\"2025-09-19T08:08:47+00:00\" \/>\n<meta property=\"og:image\" content=\"https:\/\/www.pullmanparismontparnasse.com\/wp-content\/uploads\/sites\/127\/2025\/02\/1.-Terrasse-vegetalisee-Green-Floor-Pullman-Paris-Montparnasse-HD.jpg\" \/>\n\t<meta property=\"og:image:width\" content=\"2200\" \/>\n\t<meta property=\"og:image:height\" content=\"1467\" \/>\n\t<meta property=\"og:image:type\" content=\"image\/jpeg\" \/>\n<meta name=\"twitter:card\" content=\"summary_large_image\" \/>\n<meta name=\"twitter:label1\" content=\"Dur\u00e9e de lecture est.\" \/>\n\t<meta name=\"twitter:data1\" content=\"1 minute\" \/>\n<script type=\"application\/ld+json\" class=\"yoast-schema-graph\">{\"@context\":\"https:\/\/schema.org\",\"@graph\":[{\"@type\":\"WebPage\",\"@id\":\"https:\/\/www.pullmanparismontparnasse.com\/fr\/a-propos\/rse\/\",\"url\":\"https:\/\/www.pullmanparismontparnasse.com\/fr\/a-propos\/rse\/\",\"name\":\"H\u00f4tel 4 \u00e9toiles ancr\u00e9 \u00e0 Montparnasse | Pullman Paris Montparnasse\",\"isPartOf\":{\"@id\":\"https:\/\/www.pullmanparismontparnasse.com\/#website\"},\"primaryImageOfPage\":{\"@id\":\"https:\/\/www.pullmanparismontparnasse.com\/fr\/a-propos\/rse\/#primaryimage\"},\"image\":{\"@id\":\"https:\/\/www.pullmanparismontparnasse.com\/fr\/a-propos\/rse\/#primaryimage\"},\"thumbnailUrl\":\"https:\/\/www.pullmanparismontparnasse.com\/wp-content\/uploads\/sites\/127\/2025\/02\/1.-Terrasse-vegetalisee-Green-Floor-Pullman-Paris-Montparnasse-HD.jpg\",\"datePublished\":\"2025-07-24T13:28:44+00:00\",\"dateModified\":\"2025-09-19T08:08:47+00:00\",\"description\":\"Innovant et connect\u00e9, l'h\u00f4tel Pullman Paris Montparnasse est \u00e0 une minute de la gare Montparnasse et proche des nombreux sites culturels de Paris 14.\",\"breadcrumb\":{\"@id\":\"https:\/\/www.pullmanparismontparnasse.com\/fr\/a-propos\/rse\/#breadcrumb\"},\"inLanguage\":\"fr-FR\",\"potentialAction\":[{\"@type\":\"ReadAction\",\"target\":[\"https:\/\/www.pullmanparismontparnasse.com\/fr\/a-propos\/rse\/\"]}]},{\"@type\":\"ImageObject\",\"inLanguage\":\"fr-FR\",\"@id\":\"https:\/\/www.pullmanparismontparnasse.com\/fr\/a-propos\/rse\/#primaryimage\",\"url\":\"https:\/\/www.pullmanparismontparnasse.com\/wp-content\/uploads\/sites\/127\/2025\/02\/1.-Terrasse-vegetalisee-Green-Floor-Pullman-Paris-Montparnasse-HD.jpg\",\"contentUrl\":\"https:\/\/www.pullmanparismontparnasse.com\/wp-content\/uploads\/sites\/127\/2025\/02\/1.-Terrasse-vegetalisee-Green-Floor-Pullman-Paris-Montparnasse-HD.jpg\",\"width\":2200,\"height\":1467},{\"@type\":\"BreadcrumbList\",\"@id\":\"https:\/\/www.pullmanparismontparnasse.com\/fr\/a-propos\/rse\/#breadcrumb\",\"itemListElement\":[{\"@type\":\"ListItem\",\"position\":1,\"name\":\"Home\",\"item\":\"https:\/\/www.pullmanparismontparnasse.com\/fr\/\"},{\"@type\":\"ListItem\",\"position\":2,\"name\":\"H\u00f4tel\",\"item\":\"https:\/\/www.pullmanparismontparnasse.com\/fr\/a-propos\/\"},{\"@type\":\"ListItem\",\"position\":3,\"name\":\"RSE\"}]},{\"@type\":\"WebSite\",\"@id\":\"https:\/\/www.pullmanparismontparnasse.com\/#website\",\"url\":\"https:\/\/www.pullmanparismontparnasse.com\/\",\"name\":\"Pullman Montparnasse\",\"description\":\"\",\"potentialAction\":[{\"@type\":\"SearchAction\",\"target\":{\"@type\":\"EntryPoint\",\"urlTemplate\":\"https:\/\/www.pullmanparismontparnasse.com\/?s={search_term_string}\"},\"query-input\":{\"@type\":\"PropertyValueSpecification\",\"valueRequired\":true,\"valueName\":\"search_term_string\"}}],\"inLanguage\":\"fr-FR\"}]}<\/script>\n<!-- \/ Yoast SEO plugin. -->","yoast_head_json":{"title":"H\u00f4tel 4 \u00e9toiles ancr\u00e9 \u00e0 Montparnasse | Pullman Paris Montparnasse","description":"Innovant et connect\u00e9, l'h\u00f4tel Pullman Paris Montparnasse est \u00e0 une minute de la gare Montparnasse et proche des nombreux sites culturels de Paris 14.","robots":{"index":"index","follow":"follow","max-snippet":"max-snippet:-1","max-image-preview":"max-image-preview:large","max-video-preview":"max-video-preview:-1"},"canonical":"https:\/\/www.pullmanparismontparnasse.com\/fr\/a-propos\/rse\/","og_locale":"fr_FR","og_type":"article","og_title":"H\u00f4tel 4 \u00e9toiles ancr\u00e9 \u00e0 Montparnasse | Pullman Paris Montparnasse","og_description":"Innovant et connect\u00e9, l'h\u00f4tel Pullman Paris Montparnasse est \u00e0 une minute de la gare Montparnasse et proche des nombreux sites culturels de Paris 14.","og_url":"https:\/\/www.pullmanparismontparnasse.com\/fr\/a-propos\/rse\/","og_site_name":"Pullman Montparnasse","article_modified_time":"2025-09-19T08:08:47+00:00","og_image":[{"width":2200,"height":1467,"url":"https:\/\/www.pullmanparismontparnasse.com\/wp-content\/uploads\/sites\/127\/2025\/02\/1.-Terrasse-vegetalisee-Green-Floor-Pullman-Paris-Montparnasse-HD.jpg","type":"image\/jpeg"}],"twitter_card":"summary_large_image","twitter_misc":{"Dur\u00e9e de lecture est.":"1 minute"},"schema":{"@context":"https:\/\/schema.org","@graph":[{"@type":"WebPage","@id":"https:\/\/www.pullmanparismontparnasse.com\/fr\/a-propos\/rse\/","url":"https:\/\/www.pullmanparismontparnasse.com\/fr\/a-propos\/rse\/","name":"H\u00f4tel 4 \u00e9toiles ancr\u00e9 \u00e0 Montparnasse | Pullman Paris Montparnasse","isPartOf":{"@id":"https:\/\/www.pullmanparismontparnasse.com\/#website"},"primaryImageOfPage":{"@id":"https:\/\/www.pullmanparismontparnasse.com\/fr\/a-propos\/rse\/#primaryimage"},"image":{"@id":"https:\/\/www.pullmanparismontparnasse.com\/fr\/a-propos\/rse\/#primaryimage"},"thumbnailUrl":"https:\/\/www.pullmanparismontparnasse.com\/wp-content\/uploads\/sites\/127\/2025\/02\/1.-Terrasse-vegetalisee-Green-Floor-Pullman-Paris-Montparnasse-HD.jpg","datePublished":"2025-07-24T13:28:44+00:00","dateModified":"2025-09-19T08:08:47+00:00","description":"Innovant et connect\u00e9, l'h\u00f4tel Pullman Paris Montparnasse est \u00e0 une minute de la gare Montparnasse et proche des nombreux sites culturels de Paris 14.","breadcrumb":{"@id":"https:\/\/www.pullmanparismontparnasse.com\/fr\/a-propos\/rse\/#breadcrumb"},"inLanguage":"fr-FR","potentialAction":[{"@type":"ReadAction","target":["https:\/\/www.pullmanparismontparnasse.com\/fr\/a-propos\/rse\/"]}]},{"@type":"ImageObject","inLanguage":"fr-FR","@id":"https:\/\/www.pullmanparismontparnasse.com\/fr\/a-propos\/rse\/#primaryimage","url":"https:\/\/www.pullmanparismontparnasse.com\/wp-content\/uploads\/sites\/127\/2025\/02\/1.-Terrasse-vegetalisee-Green-Floor-Pullman-Paris-Montparnasse-HD.jpg","contentUrl":"https:\/\/www.pullmanparismontparnasse.com\/wp-content\/uploads\/sites\/127\/2025\/02\/1.-Terrasse-vegetalisee-Green-Floor-Pullman-Paris-Montparnasse-HD.jpg","width":2200,"height":1467},{"@type":"BreadcrumbList","@id":"https:\/\/www.pullmanparismontparnasse.com\/fr\/a-propos\/rse\/#breadcrumb","itemListElement":[{"@type":"ListItem","position":1,"name":"Home","item":"https:\/\/www.pullmanparismontparnasse.com\/fr\/"},{"@type":"ListItem","position":2,"name":"H\u00f4tel","item":"https:\/\/www.pullmanparismontparnasse.com\/fr\/a-propos\/"},{"@type":"ListItem","position":3,"name":"RSE"}]},{"@type":"WebSite","@id":"https:\/\/www.pullmanparismontparnasse.com\/#website","url":"https:\/\/www.pullmanparismontparnasse.com\/","name":"Pullman Montparnasse","description":"","potentialAction":[{"@type":"SearchAction","target":{"@type":"EntryPoint","urlTemplate":"https:\/\/www.pullmanparismontparnasse.com\/?s={search_term_string}"},"query-input":{"@type":"PropertyValueSpecification","valueRequired":true,"valueName":"search_term_string"}}],"inLanguage":"fr-FR"}]}},"_links":{"self":[{"href":"https:\/\/www.pullmanparismontparnasse.com\/fr\/wp-json\/wp\/v2\/pages\/970","targetHints":{"allow":["GET"]}}],"collection":[{"href":"https:\/\/www.pullmanparismontparnasse.com\/fr\/wp-json\/wp\/v2\/pages"}],"about":[{"href":"https:\/\/www.pullmanparismontparnasse.com\/fr\/wp-json\/wp\/v2\/types\/page"}],"author":[{"embeddable":true,"href":"https:\/\/www.pullmanparismontparnasse.com\/fr\/wp-json\/wp\/v2\/users\/283"}],"replies":[{"embeddable":true,"href":"https:\/\/www.pullmanparismontparnasse.com\/fr\/wp-json\/wp\/v2\/comments?post=970"}],"version-history":[{"count":0,"href":"https:\/\/www.pullmanparismontparnasse.com\/fr\/wp-json\/wp\/v2\/pages\/970\/revisions"}],"up":[{"embeddable":true,"href":"https:\/\/www.pullmanparismontparnasse.com\/fr\/wp-json\/wp\/v2\/pages\/393"}],"wp:featuredmedia":[{"embeddable":true,"href":"https:\/\/www.pullmanparismontparnasse.com\/fr\/wp-json\/wp\/v2\/media\/236"}],"wp:attachment":[{"href":"https:\/\/www.pullmanparismontparnasse.com\/fr\/wp-json\/wp\/v2\/media?parent=970"}],"wp:term":[{"taxonomy":"category","embeddable":true,"href":"https:\/\/www.pullmanparismontparnasse.com\/fr\/wp-json\/wp\/v2\/categories?post=970"}],"curies":[{"name":"wp","href":"https:\/\/api.w.org\/{rel}","templated":true}]}}