{"id":488,"date":"2025-02-20T10:18:43","date_gmt":"2025-02-20T10:18:43","guid":{"rendered":"https:\/\/pullman-montparnasse.accorv2prod.decms.eu\/specials-offers\/"},"modified":"2025-03-31T12:25:45","modified_gmt":"2025-03-31T12:25:45","slug":"offres-sejours-bons-plans","status":"publish","type":"page","link":"https:\/\/www.pullmanparismontparnasse.com\/fr\/offres-sejours-bons-plans\/","title":{"rendered":"Nos offres sp\u00e9ciales et nos bons plans"},"content":{"rendered":"<p>Vivez le meilleur de l&rsquo;exp\u00e9rience Pullman Paris Montparnasse avec notre s\u00e9lection d&rsquo;offres sp\u00e9ciales. Voyez les choses en grand en profitant d&rsquo;un surclassement, immergez-vous dans la vie locale ou participez \u00e0 l&rsquo;un des brunchs iconiques de Paris. Les meilleurs bons plans de la capitale commencent \u00e0 l&rsquo;h\u00f4tel Pullman Paris Montparnasse.<\/p>\n","protected":false},"excerpt":{"rendered":"<p>Vivez le meilleur de l&rsquo;exp\u00e9rience Pullman Paris Montparnasse avec notre s\u00e9lection d&rsquo;offres sp\u00e9ciales. Voyez les choses en grand en profitant d&rsquo;un surclassement, immergez-vous dans la vie locale ou participez \u00e0 l&rsquo;un des brunchs iconiques de Paris. Les meilleurs bons plans de la capitale commencent \u00e0 l&rsquo;h\u00f4tel Pullman Paris Montparnasse.<\/p>\n","protected":false},"author":264,"featured_media":0,"parent":0,"menu_order":0,"comment_status":"closed","ping_status":"closed","template":"template-special-offers.php","meta":{"footnotes":""},"categories":[],"class_list":["post-488","page","type-page","status-publish","hentry"],"acf":[],"yoast_head":"<!-- This site is optimized with the Yoast SEO plugin v26.9 - https:\/\/yoast.com\/product\/yoast-seo-wordpress\/ -->\n<title>Bons plans \u00e0 Paris | Offres de l&#039;h\u00f4tel Pullman Paris Montparnasse<\/title>\n<meta name=\"description\" content=\"Cumulez les bons plans \u00e0 Paris avec les offres de notre h\u00f4tel. \u00c0 partager en couple, en famille, entre amis ou lors de d\u00e9placements professionnels.\" \/>\n<meta name=\"robots\" content=\"index, follow, max-snippet:-1, max-image-preview:large, max-video-preview:-1\" \/>\n<link rel=\"canonical\" href=\"https:\/\/www.pullmanparismontparnasse.com\/fr\/offres-sejours-bons-plans\/\" \/>\n<meta property=\"og:locale\" content=\"fr_FR\" \/>\n<meta property=\"og:type\" content=\"article\" \/>\n<meta property=\"og:title\" content=\"Bons plans \u00e0 Paris | Offres de l&#039;h\u00f4tel Pullman Paris Montparnasse\" \/>\n<meta property=\"og:description\" content=\"Cumulez les bons plans \u00e0 Paris avec les offres de notre h\u00f4tel. \u00c0 partager en couple, en famille, entre amis ou lors de d\u00e9placements professionnels.\" \/>\n<meta property=\"og:url\" content=\"https:\/\/www.pullmanparismontparnasse.com\/fr\/offres-sejours-bons-plans\/\" \/>\n<meta property=\"og:site_name\" content=\"Pullman Montparnasse\" \/>\n<meta property=\"article:modified_time\" content=\"2025-03-31T12:25:45+00:00\" \/>\n<meta name=\"twitter:card\" content=\"summary_large_image\" \/>\n<meta name=\"twitter:label1\" content=\"Dur\u00e9e de lecture est.\" \/>\n\t<meta name=\"twitter:data1\" content=\"1 minute\" \/>\n<script type=\"application\/ld+json\" class=\"yoast-schema-graph\">{\"@context\":\"https:\/\/schema.org\",\"@graph\":[{\"@type\":\"WebPage\",\"@id\":\"https:\/\/www.pullmanparismontparnasse.com\/fr\/offres-sejours-bons-plans\/\",\"url\":\"https:\/\/www.pullmanparismontparnasse.com\/fr\/offres-sejours-bons-plans\/\",\"name\":\"Bons plans \u00e0 Paris | Offres de l'h\u00f4tel Pullman Paris Montparnasse\",\"isPartOf\":{\"@id\":\"https:\/\/www.pullmanparismontparnasse.com\/#website\"},\"datePublished\":\"2025-02-20T10:18:43+00:00\",\"dateModified\":\"2025-03-31T12:25:45+00:00\",\"description\":\"Cumulez les bons plans \u00e0 Paris avec les offres de notre h\u00f4tel. \u00c0 partager en couple, en famille, entre amis ou lors de d\u00e9placements professionnels.\",\"breadcrumb\":{\"@id\":\"https:\/\/www.pullmanparismontparnasse.com\/fr\/offres-sejours-bons-plans\/#breadcrumb\"},\"inLanguage\":\"fr-FR\",\"potentialAction\":[{\"@type\":\"ReadAction\",\"target\":[\"https:\/\/www.pullmanparismontparnasse.com\/fr\/offres-sejours-bons-plans\/\"]}]},{\"@type\":\"BreadcrumbList\",\"@id\":\"https:\/\/www.pullmanparismontparnasse.com\/fr\/offres-sejours-bons-plans\/#breadcrumb\",\"itemListElement\":[{\"@type\":\"ListItem\",\"position\":1,\"name\":\"Home\",\"item\":\"https:\/\/www.pullmanparismontparnasse.com\/fr\/\"},{\"@type\":\"ListItem\",\"position\":2,\"name\":\"Nos offres sp\u00e9ciales et nos bons plans\"}]},{\"@type\":\"WebSite\",\"@id\":\"https:\/\/www.pullmanparismontparnasse.com\/#website\",\"url\":\"https:\/\/www.pullmanparismontparnasse.com\/\",\"name\":\"Pullman Montparnasse\",\"description\":\"\",\"potentialAction\":[{\"@type\":\"SearchAction\",\"target\":{\"@type\":\"EntryPoint\",\"urlTemplate\":\"https:\/\/www.pullmanparismontparnasse.com\/?s={search_term_string}\"},\"query-input\":{\"@type\":\"PropertyValueSpecification\",\"valueRequired\":true,\"valueName\":\"search_term_string\"}}],\"inLanguage\":\"fr-FR\"}]}<\/script>\n<!-- \/ Yoast SEO plugin. -->","yoast_head_json":{"title":"Bons plans \u00e0 Paris | Offres de l'h\u00f4tel Pullman Paris Montparnasse","description":"Cumulez les bons plans \u00e0 Paris avec les offres de notre h\u00f4tel. \u00c0 partager en couple, en famille, entre amis ou lors de d\u00e9placements professionnels.","robots":{"index":"index","follow":"follow","max-snippet":"max-snippet:-1","max-image-preview":"max-image-preview:large","max-video-preview":"max-video-preview:-1"},"canonical":"https:\/\/www.pullmanparismontparnasse.com\/fr\/offres-sejours-bons-plans\/","og_locale":"fr_FR","og_type":"article","og_title":"Bons plans \u00e0 Paris | Offres de l'h\u00f4tel Pullman Paris Montparnasse","og_description":"Cumulez les bons plans \u00e0 Paris avec les offres de notre h\u00f4tel. \u00c0 partager en couple, en famille, entre amis ou lors de d\u00e9placements professionnels.","og_url":"https:\/\/www.pullmanparismontparnasse.com\/fr\/offres-sejours-bons-plans\/","og_site_name":"Pullman Montparnasse","article_modified_time":"2025-03-31T12:25:45+00:00","twitter_card":"summary_large_image","twitter_misc":{"Dur\u00e9e de lecture est.":"1 minute"},"schema":{"@context":"https:\/\/schema.org","@graph":[{"@type":"WebPage","@id":"https:\/\/www.pullmanparismontparnasse.com\/fr\/offres-sejours-bons-plans\/","url":"https:\/\/www.pullmanparismontparnasse.com\/fr\/offres-sejours-bons-plans\/","name":"Bons plans \u00e0 Paris | Offres de l'h\u00f4tel Pullman Paris Montparnasse","isPartOf":{"@id":"https:\/\/www.pullmanparismontparnasse.com\/#website"},"datePublished":"2025-02-20T10:18:43+00:00","dateModified":"2025-03-31T12:25:45+00:00","description":"Cumulez les bons plans \u00e0 Paris avec les offres de notre h\u00f4tel. \u00c0 partager en couple, en famille, entre amis ou lors de d\u00e9placements professionnels.","breadcrumb":{"@id":"https:\/\/www.pullmanparismontparnasse.com\/fr\/offres-sejours-bons-plans\/#breadcrumb"},"inLanguage":"fr-FR","potentialAction":[{"@type":"ReadAction","target":["https:\/\/www.pullmanparismontparnasse.com\/fr\/offres-sejours-bons-plans\/"]}]},{"@type":"BreadcrumbList","@id":"https:\/\/www.pullmanparismontparnasse.com\/fr\/offres-sejours-bons-plans\/#breadcrumb","itemListElement":[{"@type":"ListItem","position":1,"name":"Home","item":"https:\/\/www.pullmanparismontparnasse.com\/fr\/"},{"@type":"ListItem","position":2,"name":"Nos offres sp\u00e9ciales et nos bons plans"}]},{"@type":"WebSite","@id":"https:\/\/www.pullmanparismontparnasse.com\/#website","url":"https:\/\/www.pullmanparismontparnasse.com\/","name":"Pullman Montparnasse","description":"","potentialAction":[{"@type":"SearchAction","target":{"@type":"EntryPoint","urlTemplate":"https:\/\/www.pullmanparismontparnasse.com\/?s={search_term_string}"},"query-input":{"@type":"PropertyValueSpecification","valueRequired":true,"valueName":"search_term_string"}}],"inLanguage":"fr-FR"}]}},"_links":{"self":[{"href":"https:\/\/www.pullmanparismontparnasse.com\/fr\/wp-json\/wp\/v2\/pages\/488","targetHints":{"allow":["GET"]}}],"collection":[{"href":"https:\/\/www.pullmanparismontparnasse.com\/fr\/wp-json\/wp\/v2\/pages"}],"about":[{"href":"https:\/\/www.pullmanparismontparnasse.com\/fr\/wp-json\/wp\/v2\/types\/page"}],"author":[{"embeddable":true,"href":"https:\/\/www.pullmanparismontparnasse.com\/fr\/wp-json\/wp\/v2\/users\/264"}],"replies":[{"embeddable":true,"href":"https:\/\/www.pullmanparismontparnasse.com\/fr\/wp-json\/wp\/v2\/comments?post=488"}],"version-history":[{"count":0,"href":"https:\/\/www.pullmanparismontparnasse.com\/fr\/wp-json\/wp\/v2\/pages\/488\/revisions"}],"wp:attachment":[{"href":"https:\/\/www.pullmanparismontparnasse.com\/fr\/wp-json\/wp\/v2\/media?parent=488"}],"wp:term":[{"taxonomy":"category","embeddable":true,"href":"https:\/\/www.pullmanparismontparnasse.com\/fr\/wp-json\/wp\/v2\/categories?post=488"}],"curies":[{"name":"wp","href":"https:\/\/api.w.org\/{rel}","templated":true}]}}