{"id":475,"date":"2025-02-20T10:13:55","date_gmt":"2025-02-20T10:13:55","guid":{"rendered":"https:\/\/pullman-montparnasse.accorv2prod.decms.eu\/chambres-suites\/suites\/"},"modified":"2025-03-24T16:29:14","modified_gmt":"2025-03-24T16:29:14","slug":"suites","status":"publish","type":"page","link":"https:\/\/www.pullmanparismontparnasse.com\/fr\/chambres-suites\/suites\/","title":{"rendered":"Suites"},"content":{"rendered":"<p>Avec 44 m\u00b2 \u00e0 58 m\u00b2 d&rsquo;espace design, nos suites \u00e0 Paris sont parfaites pour accueillir jusqu&rsquo;\u00e0 4 voyageurs. Choisissez l&rsquo;oreiller qui vous convient avant de vous abandonner dans le confort du lit king-size. \u00c0 plusieurs, comptez sur la modularit\u00e9 du canap\u00e9-lit.<\/p>\n<p>Deux salles de bain tout \u00e9quip\u00e9es avec douche et baignoire, en plus d&rsquo;un grand salon et d&rsquo;un vaste espace de travail permettent \u00e0 chaque voyageur de d\u00e9connecter ou de se reconnecter. Gardez la forme avec notre kit fitness sur demande ou rejoignez <a href=\"\/fr\/power-fitness\">la salle de sport Power Fitness<\/a>, accessible 24h\/24. Chambres communicantes sur demande.<\/p>\n","protected":false},"excerpt":{"rendered":"<p>Avec 44 m\u00b2 \u00e0 58 m\u00b2 d&rsquo;espace design, nos suites \u00e0 Paris sont parfaites pour accueillir jusqu&rsquo;\u00e0 4 voyageurs. Choisissez l&rsquo;oreiller qui vous convient avant de vous abandonner dans le confort du lit king-size. \u00c0 plusieurs, comptez sur la modularit\u00e9 du canap\u00e9-lit. Deux salles de bain tout \u00e9quip\u00e9es avec douche et baignoire, en plus d&rsquo;un [&hellip;]<\/p>\n","protected":false},"author":264,"featured_media":0,"parent":452,"menu_order":0,"comment_status":"closed","ping_status":"closed","template":"template-room.php","meta":{"footnotes":""},"categories":[16],"class_list":["post-475","page","type-page","status-publish","hentry","category-suites-fr"],"acf":[],"yoast_head":"<!-- This site is optimized with the Yoast SEO plugin v26.9 - https:\/\/yoast.com\/product\/yoast-seo-wordpress\/ -->\n<title>Suites vues Paris | H\u00f4tel 4 \u00e9toiles | Pullman Paris Montparnasse<\/title>\n<meta name=\"description\" content=\"Notre h\u00f4tel \u00e0 Montparnasse propose des suites d&#039;une superficie maximale de 58m\u00b2 avec lit king-size et canap\u00e9-lit, deux salles de bain et minibar \u00e0 Paris.\" \/>\n<meta name=\"robots\" content=\"index, follow, max-snippet:-1, max-image-preview:large, max-video-preview:-1\" \/>\n<link rel=\"canonical\" href=\"https:\/\/www.pullmanparismontparnasse.com\/fr\/chambres-suites\/suites\/\" \/>\n<meta property=\"og:locale\" content=\"fr_FR\" \/>\n<meta property=\"og:type\" content=\"article\" \/>\n<meta property=\"og:title\" content=\"Suites vues Paris | H\u00f4tel 4 \u00e9toiles | Pullman Paris Montparnasse\" \/>\n<meta property=\"og:description\" content=\"Notre h\u00f4tel \u00e0 Montparnasse propose des suites d&#039;une superficie maximale de 58m\u00b2 avec lit king-size et canap\u00e9-lit, deux salles de bain et minibar \u00e0 Paris.\" \/>\n<meta property=\"og:url\" content=\"https:\/\/www.pullmanparismontparnasse.com\/fr\/chambres-suites\/suites\/\" \/>\n<meta property=\"og:site_name\" content=\"Pullman Montparnasse\" \/>\n<meta property=\"article:modified_time\" content=\"2025-03-24T16:29:14+00:00\" \/>\n<meta name=\"twitter:card\" content=\"summary_large_image\" \/>\n<meta name=\"twitter:label1\" content=\"Dur\u00e9e de lecture est.\" \/>\n\t<meta name=\"twitter:data1\" content=\"1 minute\" \/>\n<script type=\"application\/ld+json\" class=\"yoast-schema-graph\">{\"@context\":\"https:\/\/schema.org\",\"@graph\":[{\"@type\":\"WebPage\",\"@id\":\"https:\/\/www.pullmanparismontparnasse.com\/fr\/chambres-suites\/suites\/\",\"url\":\"https:\/\/www.pullmanparismontparnasse.com\/fr\/chambres-suites\/suites\/\",\"name\":\"Suites vues Paris | H\u00f4tel 4 \u00e9toiles | Pullman Paris Montparnasse\",\"isPartOf\":{\"@id\":\"https:\/\/www.pullmanparismontparnasse.com\/#website\"},\"datePublished\":\"2025-02-20T10:13:55+00:00\",\"dateModified\":\"2025-03-24T16:29:14+00:00\",\"description\":\"Notre h\u00f4tel \u00e0 Montparnasse propose des suites d'une superficie maximale de 58m\u00b2 avec lit king-size et canap\u00e9-lit, deux salles de bain et minibar \u00e0 Paris.\",\"breadcrumb\":{\"@id\":\"https:\/\/www.pullmanparismontparnasse.com\/fr\/chambres-suites\/suites\/#breadcrumb\"},\"inLanguage\":\"fr-FR\",\"potentialAction\":[{\"@type\":\"ReadAction\",\"target\":[\"https:\/\/www.pullmanparismontparnasse.com\/fr\/chambres-suites\/suites\/\"]}]},{\"@type\":\"BreadcrumbList\",\"@id\":\"https:\/\/www.pullmanparismontparnasse.com\/fr\/chambres-suites\/suites\/#breadcrumb\",\"itemListElement\":[{\"@type\":\"ListItem\",\"position\":1,\"name\":\"Home\",\"item\":\"https:\/\/www.pullmanparismontparnasse.com\/fr\/\"},{\"@type\":\"ListItem\",\"position\":2,\"name\":\"Chambres + Suites\",\"item\":\"https:\/\/www.pullmanparismontparnasse.com\/fr\/chambres-suites\/\"},{\"@type\":\"ListItem\",\"position\":3,\"name\":\"Suites\"}]},{\"@type\":\"WebSite\",\"@id\":\"https:\/\/www.pullmanparismontparnasse.com\/#website\",\"url\":\"https:\/\/www.pullmanparismontparnasse.com\/\",\"name\":\"Pullman Montparnasse\",\"description\":\"\",\"potentialAction\":[{\"@type\":\"SearchAction\",\"target\":{\"@type\":\"EntryPoint\",\"urlTemplate\":\"https:\/\/www.pullmanparismontparnasse.com\/?s={search_term_string}\"},\"query-input\":{\"@type\":\"PropertyValueSpecification\",\"valueRequired\":true,\"valueName\":\"search_term_string\"}}],\"inLanguage\":\"fr-FR\"}]}<\/script>\n<!-- \/ Yoast SEO plugin. -->","yoast_head_json":{"title":"Suites vues Paris | H\u00f4tel 4 \u00e9toiles | Pullman Paris Montparnasse","description":"Notre h\u00f4tel \u00e0 Montparnasse propose des suites d'une superficie maximale de 58m\u00b2 avec lit king-size et canap\u00e9-lit, deux salles de bain et minibar \u00e0 Paris.","robots":{"index":"index","follow":"follow","max-snippet":"max-snippet:-1","max-image-preview":"max-image-preview:large","max-video-preview":"max-video-preview:-1"},"canonical":"https:\/\/www.pullmanparismontparnasse.com\/fr\/chambres-suites\/suites\/","og_locale":"fr_FR","og_type":"article","og_title":"Suites vues Paris | H\u00f4tel 4 \u00e9toiles | Pullman Paris Montparnasse","og_description":"Notre h\u00f4tel \u00e0 Montparnasse propose des suites d'une superficie maximale de 58m\u00b2 avec lit king-size et canap\u00e9-lit, deux salles de bain et minibar \u00e0 Paris.","og_url":"https:\/\/www.pullmanparismontparnasse.com\/fr\/chambres-suites\/suites\/","og_site_name":"Pullman Montparnasse","article_modified_time":"2025-03-24T16:29:14+00:00","twitter_card":"summary_large_image","twitter_misc":{"Dur\u00e9e de lecture est.":"1 minute"},"schema":{"@context":"https:\/\/schema.org","@graph":[{"@type":"WebPage","@id":"https:\/\/www.pullmanparismontparnasse.com\/fr\/chambres-suites\/suites\/","url":"https:\/\/www.pullmanparismontparnasse.com\/fr\/chambres-suites\/suites\/","name":"Suites vues Paris | H\u00f4tel 4 \u00e9toiles | Pullman Paris Montparnasse","isPartOf":{"@id":"https:\/\/www.pullmanparismontparnasse.com\/#website"},"datePublished":"2025-02-20T10:13:55+00:00","dateModified":"2025-03-24T16:29:14+00:00","description":"Notre h\u00f4tel \u00e0 Montparnasse propose des suites d'une superficie maximale de 58m\u00b2 avec lit king-size et canap\u00e9-lit, deux salles de bain et minibar \u00e0 Paris.","breadcrumb":{"@id":"https:\/\/www.pullmanparismontparnasse.com\/fr\/chambres-suites\/suites\/#breadcrumb"},"inLanguage":"fr-FR","potentialAction":[{"@type":"ReadAction","target":["https:\/\/www.pullmanparismontparnasse.com\/fr\/chambres-suites\/suites\/"]}]},{"@type":"BreadcrumbList","@id":"https:\/\/www.pullmanparismontparnasse.com\/fr\/chambres-suites\/suites\/#breadcrumb","itemListElement":[{"@type":"ListItem","position":1,"name":"Home","item":"https:\/\/www.pullmanparismontparnasse.com\/fr\/"},{"@type":"ListItem","position":2,"name":"Chambres + Suites","item":"https:\/\/www.pullmanparismontparnasse.com\/fr\/chambres-suites\/"},{"@type":"ListItem","position":3,"name":"Suites"}]},{"@type":"WebSite","@id":"https:\/\/www.pullmanparismontparnasse.com\/#website","url":"https:\/\/www.pullmanparismontparnasse.com\/","name":"Pullman Montparnasse","description":"","potentialAction":[{"@type":"SearchAction","target":{"@type":"EntryPoint","urlTemplate":"https:\/\/www.pullmanparismontparnasse.com\/?s={search_term_string}"},"query-input":{"@type":"PropertyValueSpecification","valueRequired":true,"valueName":"search_term_string"}}],"inLanguage":"fr-FR"}]}},"_links":{"self":[{"href":"https:\/\/www.pullmanparismontparnasse.com\/fr\/wp-json\/wp\/v2\/pages\/475","targetHints":{"allow":["GET"]}}],"collection":[{"href":"https:\/\/www.pullmanparismontparnasse.com\/fr\/wp-json\/wp\/v2\/pages"}],"about":[{"href":"https:\/\/www.pullmanparismontparnasse.com\/fr\/wp-json\/wp\/v2\/types\/page"}],"author":[{"embeddable":true,"href":"https:\/\/www.pullmanparismontparnasse.com\/fr\/wp-json\/wp\/v2\/users\/264"}],"replies":[{"embeddable":true,"href":"https:\/\/www.pullmanparismontparnasse.com\/fr\/wp-json\/wp\/v2\/comments?post=475"}],"version-history":[{"count":0,"href":"https:\/\/www.pullmanparismontparnasse.com\/fr\/wp-json\/wp\/v2\/pages\/475\/revisions"}],"up":[{"embeddable":true,"href":"https:\/\/www.pullmanparismontparnasse.com\/fr\/wp-json\/wp\/v2\/pages\/452"}],"wp:attachment":[{"href":"https:\/\/www.pullmanparismontparnasse.com\/fr\/wp-json\/wp\/v2\/media?parent=475"}],"wp:term":[{"taxonomy":"category","embeddable":true,"href":"https:\/\/www.pullmanparismontparnasse.com\/fr\/wp-json\/wp\/v2\/categories?post=475"}],"curies":[{"name":"wp","href":"https:\/\/api.w.org\/{rel}","templated":true}]}}