{"id":468,"date":"2025-02-20T09:57:42","date_gmt":"2025-02-20T09:57:42","guid":{"rendered":"https:\/\/pullman-montparnasse.accorv2prod.decms.eu\/chambres-suites\/deluxe-premium-rooms\/"},"modified":"2025-03-31T12:42:16","modified_gmt":"2025-03-31T12:42:16","slug":"chambres-deluxe-premium","status":"publish","type":"page","link":"https:\/\/www.pullmanparismontparnasse.com\/fr\/chambres-suites\/chambres-deluxe-premium\/","title":{"rendered":"Chambres Deluxe Premium"},"content":{"rendered":"<p>Profitez des plus belles vues sur le Sacr\u00e9-C\u0153ur depuis votre Chambre Deluxe Ex\u00e9cutive ou Premium. Au c\u0153ur du quartier Montparnasse et \u00e0 quelques minutes de la gare, ce bel espace contemporain de 22m\u00b2 ou 30m\u00b2 accueille jusqu&rsquo;\u00e0 deux voyageurs.<\/p>\n<p>Choisissez la configuration id\u00e9ale. En lits jumeaux ou en king size, appr\u00e9ciez une literie haut-de-gamme et une s\u00e9lection d&rsquo;oreillers hypoallerg\u00e9niques ou \u00e0 m\u00e9moire de forme. Vous avez un dossier \u00e0 boucler ? L&rsquo;espace de travail de votre chambre d&rsquo;h\u00f4tel vue Montmartre est \u00e9quip\u00e9 du Wi-Fi haut d\u00e9bit. En famille ou avec des amis ? Demandez-nous nos plus belles chambres communicantes.<\/p>\n","protected":false},"excerpt":{"rendered":"<p>Profitez des plus belles vues sur le Sacr\u00e9-C\u0153ur depuis votre Chambre Deluxe Ex\u00e9cutive ou Premium. Au c\u0153ur du quartier Montparnasse et \u00e0 quelques minutes de la gare, ce bel espace contemporain de 22m\u00b2 ou 30m\u00b2 accueille jusqu&rsquo;\u00e0 deux voyageurs. Choisissez la configuration id\u00e9ale. En lits jumeaux ou en king size, appr\u00e9ciez une literie haut-de-gamme et [&hellip;]<\/p>\n","protected":false},"author":264,"featured_media":0,"parent":452,"menu_order":0,"comment_status":"closed","ping_status":"closed","template":"template-room.php","meta":{"footnotes":""},"categories":[15],"class_list":["post-468","page","type-page","status-publish","hentry","category-rooms-fr"],"acf":[],"yoast_head":"<!-- This site is optimized with the Yoast SEO plugin v26.9 - https:\/\/yoast.com\/product\/yoast-seo-wordpress\/ -->\n<title>Chambre Deluxe + Premium | H\u00f4tel vue Paris | Pullman Montparnasse<\/title>\n<meta name=\"description\" content=\"Notre h\u00f4tel avec vue sur Paris propose des chambres Deluxe ou Premium donnant sur Montmartre, id\u00e9ales pour les s\u00e9jours en couple ou les voyages d&#039;affaires.\" \/>\n<meta name=\"robots\" content=\"index, follow, max-snippet:-1, max-image-preview:large, max-video-preview:-1\" \/>\n<link rel=\"canonical\" href=\"https:\/\/www.pullmanparismontparnasse.com\/fr\/chambres-suites\/chambres-deluxe-premium\/\" \/>\n<meta property=\"og:locale\" content=\"fr_FR\" \/>\n<meta property=\"og:type\" content=\"article\" \/>\n<meta property=\"og:title\" content=\"Chambre Deluxe + Premium | H\u00f4tel vue Paris | Pullman Montparnasse\" \/>\n<meta property=\"og:description\" content=\"Notre h\u00f4tel avec vue sur Paris propose des chambres Deluxe ou Premium donnant sur Montmartre, id\u00e9ales pour les s\u00e9jours en couple ou les voyages d&#039;affaires.\" \/>\n<meta property=\"og:url\" content=\"https:\/\/www.pullmanparismontparnasse.com\/fr\/chambres-suites\/chambres-deluxe-premium\/\" \/>\n<meta property=\"og:site_name\" content=\"Pullman Montparnasse\" \/>\n<meta property=\"article:modified_time\" content=\"2025-03-31T12:42:16+00:00\" \/>\n<meta name=\"twitter:card\" content=\"summary_large_image\" \/>\n<meta name=\"twitter:label1\" content=\"Dur\u00e9e de lecture est.\" \/>\n\t<meta name=\"twitter:data1\" content=\"1 minute\" \/>\n<script type=\"application\/ld+json\" class=\"yoast-schema-graph\">{\"@context\":\"https:\/\/schema.org\",\"@graph\":[{\"@type\":\"WebPage\",\"@id\":\"https:\/\/www.pullmanparismontparnasse.com\/fr\/chambres-suites\/chambres-deluxe-premium\/\",\"url\":\"https:\/\/www.pullmanparismontparnasse.com\/fr\/chambres-suites\/chambres-deluxe-premium\/\",\"name\":\"Chambre Deluxe + Premium | H\u00f4tel vue Paris | Pullman Montparnasse\",\"isPartOf\":{\"@id\":\"https:\/\/www.pullmanparismontparnasse.com\/#website\"},\"datePublished\":\"2025-02-20T09:57:42+00:00\",\"dateModified\":\"2025-03-31T12:42:16+00:00\",\"description\":\"Notre h\u00f4tel avec vue sur Paris propose des chambres Deluxe ou Premium donnant sur Montmartre, id\u00e9ales pour les s\u00e9jours en couple ou les voyages d'affaires.\",\"breadcrumb\":{\"@id\":\"https:\/\/www.pullmanparismontparnasse.com\/fr\/chambres-suites\/chambres-deluxe-premium\/#breadcrumb\"},\"inLanguage\":\"fr-FR\",\"potentialAction\":[{\"@type\":\"ReadAction\",\"target\":[\"https:\/\/www.pullmanparismontparnasse.com\/fr\/chambres-suites\/chambres-deluxe-premium\/\"]}]},{\"@type\":\"BreadcrumbList\",\"@id\":\"https:\/\/www.pullmanparismontparnasse.com\/fr\/chambres-suites\/chambres-deluxe-premium\/#breadcrumb\",\"itemListElement\":[{\"@type\":\"ListItem\",\"position\":1,\"name\":\"Home\",\"item\":\"https:\/\/www.pullmanparismontparnasse.com\/fr\/\"},{\"@type\":\"ListItem\",\"position\":2,\"name\":\"Chambres + Suites\",\"item\":\"https:\/\/www.pullmanparismontparnasse.com\/fr\/chambres-suites\/\"},{\"@type\":\"ListItem\",\"position\":3,\"name\":\"Chambres Deluxe Premium\"}]},{\"@type\":\"WebSite\",\"@id\":\"https:\/\/www.pullmanparismontparnasse.com\/#website\",\"url\":\"https:\/\/www.pullmanparismontparnasse.com\/\",\"name\":\"Pullman Montparnasse\",\"description\":\"\",\"potentialAction\":[{\"@type\":\"SearchAction\",\"target\":{\"@type\":\"EntryPoint\",\"urlTemplate\":\"https:\/\/www.pullmanparismontparnasse.com\/?s={search_term_string}\"},\"query-input\":{\"@type\":\"PropertyValueSpecification\",\"valueRequired\":true,\"valueName\":\"search_term_string\"}}],\"inLanguage\":\"fr-FR\"}]}<\/script>\n<!-- \/ Yoast SEO plugin. -->","yoast_head_json":{"title":"Chambre Deluxe + Premium | H\u00f4tel vue Paris | Pullman Montparnasse","description":"Notre h\u00f4tel avec vue sur Paris propose des chambres Deluxe ou Premium donnant sur Montmartre, id\u00e9ales pour les s\u00e9jours en couple ou les voyages d'affaires.","robots":{"index":"index","follow":"follow","max-snippet":"max-snippet:-1","max-image-preview":"max-image-preview:large","max-video-preview":"max-video-preview:-1"},"canonical":"https:\/\/www.pullmanparismontparnasse.com\/fr\/chambres-suites\/chambres-deluxe-premium\/","og_locale":"fr_FR","og_type":"article","og_title":"Chambre Deluxe + Premium | H\u00f4tel vue Paris | Pullman Montparnasse","og_description":"Notre h\u00f4tel avec vue sur Paris propose des chambres Deluxe ou Premium donnant sur Montmartre, id\u00e9ales pour les s\u00e9jours en couple ou les voyages d'affaires.","og_url":"https:\/\/www.pullmanparismontparnasse.com\/fr\/chambres-suites\/chambres-deluxe-premium\/","og_site_name":"Pullman Montparnasse","article_modified_time":"2025-03-31T12:42:16+00:00","twitter_card":"summary_large_image","twitter_misc":{"Dur\u00e9e de lecture est.":"1 minute"},"schema":{"@context":"https:\/\/schema.org","@graph":[{"@type":"WebPage","@id":"https:\/\/www.pullmanparismontparnasse.com\/fr\/chambres-suites\/chambres-deluxe-premium\/","url":"https:\/\/www.pullmanparismontparnasse.com\/fr\/chambres-suites\/chambres-deluxe-premium\/","name":"Chambre Deluxe + Premium | H\u00f4tel vue Paris | Pullman Montparnasse","isPartOf":{"@id":"https:\/\/www.pullmanparismontparnasse.com\/#website"},"datePublished":"2025-02-20T09:57:42+00:00","dateModified":"2025-03-31T12:42:16+00:00","description":"Notre h\u00f4tel avec vue sur Paris propose des chambres Deluxe ou Premium donnant sur Montmartre, id\u00e9ales pour les s\u00e9jours en couple ou les voyages d'affaires.","breadcrumb":{"@id":"https:\/\/www.pullmanparismontparnasse.com\/fr\/chambres-suites\/chambres-deluxe-premium\/#breadcrumb"},"inLanguage":"fr-FR","potentialAction":[{"@type":"ReadAction","target":["https:\/\/www.pullmanparismontparnasse.com\/fr\/chambres-suites\/chambres-deluxe-premium\/"]}]},{"@type":"BreadcrumbList","@id":"https:\/\/www.pullmanparismontparnasse.com\/fr\/chambres-suites\/chambres-deluxe-premium\/#breadcrumb","itemListElement":[{"@type":"ListItem","position":1,"name":"Home","item":"https:\/\/www.pullmanparismontparnasse.com\/fr\/"},{"@type":"ListItem","position":2,"name":"Chambres + Suites","item":"https:\/\/www.pullmanparismontparnasse.com\/fr\/chambres-suites\/"},{"@type":"ListItem","position":3,"name":"Chambres Deluxe Premium"}]},{"@type":"WebSite","@id":"https:\/\/www.pullmanparismontparnasse.com\/#website","url":"https:\/\/www.pullmanparismontparnasse.com\/","name":"Pullman Montparnasse","description":"","potentialAction":[{"@type":"SearchAction","target":{"@type":"EntryPoint","urlTemplate":"https:\/\/www.pullmanparismontparnasse.com\/?s={search_term_string}"},"query-input":{"@type":"PropertyValueSpecification","valueRequired":true,"valueName":"search_term_string"}}],"inLanguage":"fr-FR"}]}},"_links":{"self":[{"href":"https:\/\/www.pullmanparismontparnasse.com\/fr\/wp-json\/wp\/v2\/pages\/468","targetHints":{"allow":["GET"]}}],"collection":[{"href":"https:\/\/www.pullmanparismontparnasse.com\/fr\/wp-json\/wp\/v2\/pages"}],"about":[{"href":"https:\/\/www.pullmanparismontparnasse.com\/fr\/wp-json\/wp\/v2\/types\/page"}],"author":[{"embeddable":true,"href":"https:\/\/www.pullmanparismontparnasse.com\/fr\/wp-json\/wp\/v2\/users\/264"}],"replies":[{"embeddable":true,"href":"https:\/\/www.pullmanparismontparnasse.com\/fr\/wp-json\/wp\/v2\/comments?post=468"}],"version-history":[{"count":0,"href":"https:\/\/www.pullmanparismontparnasse.com\/fr\/wp-json\/wp\/v2\/pages\/468\/revisions"}],"up":[{"embeddable":true,"href":"https:\/\/www.pullmanparismontparnasse.com\/fr\/wp-json\/wp\/v2\/pages\/452"}],"wp:attachment":[{"href":"https:\/\/www.pullmanparismontparnasse.com\/fr\/wp-json\/wp\/v2\/media?parent=468"}],"wp:term":[{"taxonomy":"category","embeddable":true,"href":"https:\/\/www.pullmanparismontparnasse.com\/fr\/wp-json\/wp\/v2\/categories?post=468"}],"curies":[{"name":"wp","href":"https:\/\/api.w.org\/{rel}","templated":true}]}}