{"id":464,"date":"2025-02-20T09:40:57","date_gmt":"2025-02-20T09:40:57","guid":{"rendered":"https:\/\/pullman-montparnasse.accorv2prod.decms.eu\/chambres-suites\/deluxe-rooms\/"},"modified":"2025-04-16T14:38:06","modified_gmt":"2025-04-16T14:38:06","slug":"chambre-deluxe","status":"publish","type":"page","link":"https:\/\/www.pullmanparismontparnasse.com\/fr\/chambres-suites\/chambre-deluxe\/","title":{"rendered":"Chambre deluxe"},"content":{"rendered":"<p>D&rsquo;une superficie de 22 \u00e0 29m\u00b2, nos chambres d&rsquo;h\u00f4tel Deluxe s&rsquo;adaptent aux voyageurs solos, aux couples ou \u00e0 4 personnes s\u00e9journant \u00e0 Paris, avec tout le confort n\u00e9cessaire. <\/p>\n<p>Configurez l&rsquo;espace selon vos envies : lits jumeaux ou grand lit double, et menu d&rsquo;oreillers aussi doux que votre nuit. Gr\u00e2ce au vaste bureau, prenez de l&rsquo;avance sur vos mails. D\u00e9compressez en br\u00fblant des calories avec le kit fitness livr\u00e9 en chambre. Enfin, la douche \u00e0 ciel-de-pluie fait glisser toute fatigue. Quand vient l&rsquo;heure de souffler, la vapeur d&rsquo;un caf\u00e9 ou d&rsquo;un th\u00e9 organique semble s&rsquo;envoler au-del\u00e0 des toits de Paris, tandis que vous observez la vue.<\/p>\n","protected":false},"excerpt":{"rendered":"<p>D&rsquo;une superficie de 22 \u00e0 29m\u00b2, nos chambres d&rsquo;h\u00f4tel Deluxe s&rsquo;adaptent aux voyageurs solos, aux couples ou \u00e0 4 personnes s\u00e9journant \u00e0 Paris, avec tout le confort n\u00e9cessaire. Configurez l&rsquo;espace selon vos envies : lits jumeaux ou grand lit double, et menu d&rsquo;oreillers aussi doux que votre nuit. Gr\u00e2ce au vaste bureau, prenez de l&rsquo;avance [&hellip;]<\/p>\n","protected":false},"author":264,"featured_media":189,"parent":452,"menu_order":0,"comment_status":"closed","ping_status":"closed","template":"template-room.php","meta":{"footnotes":""},"categories":[15],"class_list":["post-464","page","type-page","status-publish","has-post-thumbnail","hentry","category-rooms-fr"],"acf":[],"yoast_head":"<!-- This site is optimized with the Yoast SEO plugin v26.9 - https:\/\/yoast.com\/product\/yoast-seo-wordpress\/ -->\n<title>Chambre Deluxe | H\u00f4tel design Paris | Pullman Paris Montparnasse<\/title>\n<meta name=\"description\" content=\"Proche de la gare Montparnasse, la chambre Deluxe de notre h\u00f4tel est id\u00e9ale pour les voyageurs solos, couples ou familles en s\u00e9jour \u00e0 Paris.\" \/>\n<meta name=\"robots\" content=\"index, follow, max-snippet:-1, max-image-preview:large, max-video-preview:-1\" \/>\n<link rel=\"canonical\" href=\"https:\/\/www.pullmanparismontparnasse.com\/fr\/chambres-suites\/chambre-deluxe\/\" \/>\n<meta property=\"og:locale\" content=\"fr_FR\" \/>\n<meta property=\"og:type\" content=\"article\" \/>\n<meta property=\"og:title\" content=\"Chambre Deluxe | H\u00f4tel design Paris | Pullman Paris Montparnasse\" \/>\n<meta property=\"og:description\" content=\"Proche de la gare Montparnasse, la chambre Deluxe de notre h\u00f4tel est id\u00e9ale pour les voyageurs solos, couples ou familles en s\u00e9jour \u00e0 Paris.\" \/>\n<meta property=\"og:url\" content=\"https:\/\/www.pullmanparismontparnasse.com\/fr\/chambres-suites\/chambre-deluxe\/\" \/>\n<meta property=\"og:site_name\" content=\"Pullman Montparnasse\" \/>\n<meta property=\"article:modified_time\" content=\"2025-04-16T14:38:06+00:00\" \/>\n<meta property=\"og:image\" content=\"https:\/\/www.pullmanparismontparnasse.com\/wp-content\/uploads\/sites\/127\/2025\/02\/Deluxe-queen-bathroom-bed-view-\u00a9Abacapress-Pavlos-Efthimiou.jpg\" \/>\n\t<meta property=\"og:image:width\" content=\"2200\" \/>\n\t<meta property=\"og:image:height\" content=\"1469\" \/>\n\t<meta property=\"og:image:type\" content=\"image\/jpeg\" \/>\n<meta name=\"twitter:card\" content=\"summary_large_image\" \/>\n<meta name=\"twitter:label1\" content=\"Dur\u00e9e de lecture est.\" \/>\n\t<meta name=\"twitter:data1\" content=\"1 minute\" \/>\n<script type=\"application\/ld+json\" class=\"yoast-schema-graph\">{\"@context\":\"https:\/\/schema.org\",\"@graph\":[{\"@type\":\"WebPage\",\"@id\":\"https:\/\/www.pullmanparismontparnasse.com\/fr\/chambres-suites\/chambre-deluxe\/\",\"url\":\"https:\/\/www.pullmanparismontparnasse.com\/fr\/chambres-suites\/chambre-deluxe\/\",\"name\":\"Chambre Deluxe | H\u00f4tel design Paris | Pullman Paris Montparnasse\",\"isPartOf\":{\"@id\":\"https:\/\/www.pullmanparismontparnasse.com\/#website\"},\"primaryImageOfPage\":{\"@id\":\"https:\/\/www.pullmanparismontparnasse.com\/fr\/chambres-suites\/chambre-deluxe\/#primaryimage\"},\"image\":{\"@id\":\"https:\/\/www.pullmanparismontparnasse.com\/fr\/chambres-suites\/chambre-deluxe\/#primaryimage\"},\"thumbnailUrl\":\"https:\/\/www.pullmanparismontparnasse.com\/wp-content\/uploads\/sites\/127\/2025\/02\/Deluxe-queen-bathroom-bed-view-\u00a9Abacapress-Pavlos-Efthimiou.jpg\",\"datePublished\":\"2025-02-20T09:40:57+00:00\",\"dateModified\":\"2025-04-16T14:38:06+00:00\",\"description\":\"Proche de la gare Montparnasse, la chambre Deluxe de notre h\u00f4tel est id\u00e9ale pour les voyageurs solos, couples ou familles en s\u00e9jour \u00e0 Paris.\",\"breadcrumb\":{\"@id\":\"https:\/\/www.pullmanparismontparnasse.com\/fr\/chambres-suites\/chambre-deluxe\/#breadcrumb\"},\"inLanguage\":\"fr-FR\",\"potentialAction\":[{\"@type\":\"ReadAction\",\"target\":[\"https:\/\/www.pullmanparismontparnasse.com\/fr\/chambres-suites\/chambre-deluxe\/\"]}]},{\"@type\":\"ImageObject\",\"inLanguage\":\"fr-FR\",\"@id\":\"https:\/\/www.pullmanparismontparnasse.com\/fr\/chambres-suites\/chambre-deluxe\/#primaryimage\",\"url\":\"https:\/\/www.pullmanparismontparnasse.com\/wp-content\/uploads\/sites\/127\/2025\/02\/Deluxe-queen-bathroom-bed-view-\u00a9Abacapress-Pavlos-Efthimiou.jpg\",\"contentUrl\":\"https:\/\/www.pullmanparismontparnasse.com\/wp-content\/uploads\/sites\/127\/2025\/02\/Deluxe-queen-bathroom-bed-view-\u00a9Abacapress-Pavlos-Efthimiou.jpg\",\"width\":2200,\"height\":1469},{\"@type\":\"BreadcrumbList\",\"@id\":\"https:\/\/www.pullmanparismontparnasse.com\/fr\/chambres-suites\/chambre-deluxe\/#breadcrumb\",\"itemListElement\":[{\"@type\":\"ListItem\",\"position\":1,\"name\":\"Home\",\"item\":\"https:\/\/www.pullmanparismontparnasse.com\/fr\/\"},{\"@type\":\"ListItem\",\"position\":2,\"name\":\"Chambres + Suites\",\"item\":\"https:\/\/www.pullmanparismontparnasse.com\/fr\/chambres-suites\/\"},{\"@type\":\"ListItem\",\"position\":3,\"name\":\"Chambre deluxe\"}]},{\"@type\":\"WebSite\",\"@id\":\"https:\/\/www.pullmanparismontparnasse.com\/#website\",\"url\":\"https:\/\/www.pullmanparismontparnasse.com\/\",\"name\":\"Pullman Montparnasse\",\"description\":\"\",\"potentialAction\":[{\"@type\":\"SearchAction\",\"target\":{\"@type\":\"EntryPoint\",\"urlTemplate\":\"https:\/\/www.pullmanparismontparnasse.com\/?s={search_term_string}\"},\"query-input\":{\"@type\":\"PropertyValueSpecification\",\"valueRequired\":true,\"valueName\":\"search_term_string\"}}],\"inLanguage\":\"fr-FR\"}]}<\/script>\n<!-- \/ Yoast SEO plugin. -->","yoast_head_json":{"title":"Chambre Deluxe | H\u00f4tel design Paris | Pullman Paris Montparnasse","description":"Proche de la gare Montparnasse, la chambre Deluxe de notre h\u00f4tel est id\u00e9ale pour les voyageurs solos, couples ou familles en s\u00e9jour \u00e0 Paris.","robots":{"index":"index","follow":"follow","max-snippet":"max-snippet:-1","max-image-preview":"max-image-preview:large","max-video-preview":"max-video-preview:-1"},"canonical":"https:\/\/www.pullmanparismontparnasse.com\/fr\/chambres-suites\/chambre-deluxe\/","og_locale":"fr_FR","og_type":"article","og_title":"Chambre Deluxe | H\u00f4tel design Paris | Pullman Paris Montparnasse","og_description":"Proche de la gare Montparnasse, la chambre Deluxe de notre h\u00f4tel est id\u00e9ale pour les voyageurs solos, couples ou familles en s\u00e9jour \u00e0 Paris.","og_url":"https:\/\/www.pullmanparismontparnasse.com\/fr\/chambres-suites\/chambre-deluxe\/","og_site_name":"Pullman Montparnasse","article_modified_time":"2025-04-16T14:38:06+00:00","og_image":[{"width":2200,"height":1469,"url":"https:\/\/www.pullmanparismontparnasse.com\/wp-content\/uploads\/sites\/127\/2025\/02\/Deluxe-queen-bathroom-bed-view-\u00a9Abacapress-Pavlos-Efthimiou.jpg","type":"image\/jpeg"}],"twitter_card":"summary_large_image","twitter_misc":{"Dur\u00e9e de lecture est.":"1 minute"},"schema":{"@context":"https:\/\/schema.org","@graph":[{"@type":"WebPage","@id":"https:\/\/www.pullmanparismontparnasse.com\/fr\/chambres-suites\/chambre-deluxe\/","url":"https:\/\/www.pullmanparismontparnasse.com\/fr\/chambres-suites\/chambre-deluxe\/","name":"Chambre Deluxe | H\u00f4tel design Paris | Pullman Paris Montparnasse","isPartOf":{"@id":"https:\/\/www.pullmanparismontparnasse.com\/#website"},"primaryImageOfPage":{"@id":"https:\/\/www.pullmanparismontparnasse.com\/fr\/chambres-suites\/chambre-deluxe\/#primaryimage"},"image":{"@id":"https:\/\/www.pullmanparismontparnasse.com\/fr\/chambres-suites\/chambre-deluxe\/#primaryimage"},"thumbnailUrl":"https:\/\/www.pullmanparismontparnasse.com\/wp-content\/uploads\/sites\/127\/2025\/02\/Deluxe-queen-bathroom-bed-view-\u00a9Abacapress-Pavlos-Efthimiou.jpg","datePublished":"2025-02-20T09:40:57+00:00","dateModified":"2025-04-16T14:38:06+00:00","description":"Proche de la gare Montparnasse, la chambre Deluxe de notre h\u00f4tel est id\u00e9ale pour les voyageurs solos, couples ou familles en s\u00e9jour \u00e0 Paris.","breadcrumb":{"@id":"https:\/\/www.pullmanparismontparnasse.com\/fr\/chambres-suites\/chambre-deluxe\/#breadcrumb"},"inLanguage":"fr-FR","potentialAction":[{"@type":"ReadAction","target":["https:\/\/www.pullmanparismontparnasse.com\/fr\/chambres-suites\/chambre-deluxe\/"]}]},{"@type":"ImageObject","inLanguage":"fr-FR","@id":"https:\/\/www.pullmanparismontparnasse.com\/fr\/chambres-suites\/chambre-deluxe\/#primaryimage","url":"https:\/\/www.pullmanparismontparnasse.com\/wp-content\/uploads\/sites\/127\/2025\/02\/Deluxe-queen-bathroom-bed-view-\u00a9Abacapress-Pavlos-Efthimiou.jpg","contentUrl":"https:\/\/www.pullmanparismontparnasse.com\/wp-content\/uploads\/sites\/127\/2025\/02\/Deluxe-queen-bathroom-bed-view-\u00a9Abacapress-Pavlos-Efthimiou.jpg","width":2200,"height":1469},{"@type":"BreadcrumbList","@id":"https:\/\/www.pullmanparismontparnasse.com\/fr\/chambres-suites\/chambre-deluxe\/#breadcrumb","itemListElement":[{"@type":"ListItem","position":1,"name":"Home","item":"https:\/\/www.pullmanparismontparnasse.com\/fr\/"},{"@type":"ListItem","position":2,"name":"Chambres + Suites","item":"https:\/\/www.pullmanparismontparnasse.com\/fr\/chambres-suites\/"},{"@type":"ListItem","position":3,"name":"Chambre deluxe"}]},{"@type":"WebSite","@id":"https:\/\/www.pullmanparismontparnasse.com\/#website","url":"https:\/\/www.pullmanparismontparnasse.com\/","name":"Pullman Montparnasse","description":"","potentialAction":[{"@type":"SearchAction","target":{"@type":"EntryPoint","urlTemplate":"https:\/\/www.pullmanparismontparnasse.com\/?s={search_term_string}"},"query-input":{"@type":"PropertyValueSpecification","valueRequired":true,"valueName":"search_term_string"}}],"inLanguage":"fr-FR"}]}},"_links":{"self":[{"href":"https:\/\/www.pullmanparismontparnasse.com\/fr\/wp-json\/wp\/v2\/pages\/464","targetHints":{"allow":["GET"]}}],"collection":[{"href":"https:\/\/www.pullmanparismontparnasse.com\/fr\/wp-json\/wp\/v2\/pages"}],"about":[{"href":"https:\/\/www.pullmanparismontparnasse.com\/fr\/wp-json\/wp\/v2\/types\/page"}],"author":[{"embeddable":true,"href":"https:\/\/www.pullmanparismontparnasse.com\/fr\/wp-json\/wp\/v2\/users\/264"}],"replies":[{"embeddable":true,"href":"https:\/\/www.pullmanparismontparnasse.com\/fr\/wp-json\/wp\/v2\/comments?post=464"}],"version-history":[{"count":0,"href":"https:\/\/www.pullmanparismontparnasse.com\/fr\/wp-json\/wp\/v2\/pages\/464\/revisions"}],"up":[{"embeddable":true,"href":"https:\/\/www.pullmanparismontparnasse.com\/fr\/wp-json\/wp\/v2\/pages\/452"}],"wp:featuredmedia":[{"embeddable":true,"href":"https:\/\/www.pullmanparismontparnasse.com\/fr\/wp-json\/wp\/v2\/media\/189"}],"wp:attachment":[{"href":"https:\/\/www.pullmanparismontparnasse.com\/fr\/wp-json\/wp\/v2\/media?parent=464"}],"wp:term":[{"taxonomy":"category","embeddable":true,"href":"https:\/\/www.pullmanparismontparnasse.com\/fr\/wp-json\/wp\/v2\/categories?post=464"}],"curies":[{"name":"wp","href":"https:\/\/api.w.org\/{rel}","templated":true}]}}