{"id":443,"date":"2025-02-20T10:40:01","date_gmt":"2025-02-20T10:40:01","guid":{"rendered":"https:\/\/pullman-montparnasse.accorv2prod.decms.eu\/restaurants-bars\/room-service\/"},"modified":"2026-02-24T13:19:09","modified_gmt":"2026-02-24T13:19:09","slug":"room-service","status":"publish","type":"page","link":"https:\/\/www.pullmanparismontparnasse.com\/fr\/restaurants-bars\/room-service\/","title":{"rendered":"Room Service"},"content":{"rendered":"<p>De jour comme de nuit, retrouvez les d\u00e9licieuses recettes de nos restaurants sur la carte de room service. Des petits-d\u00e9jeuners \u00e9nerg\u00e9tiques aux fringales de retour de soir\u00e9e, chaque repas est pr\u00e9par\u00e9 avec la m\u00eame attention aux d\u00e9tails.<\/p>\n<p>Apr\u00e8s une r\u00e9union exigeante, un long trajet en train ou pour accompagner votre s\u00e9rie pr\u00e9f\u00e9r\u00e9e du snack parfait, le savoir-faire de nos Chefs s&rsquo;invite dans <a href=\"\/fr\/chambres-suites\/\">votre chambre.\u00a0<\/a><\/p>\n","protected":false},"excerpt":{"rendered":"<p>De jour comme de nuit, retrouvez les d\u00e9licieuses recettes de nos restaurants sur la carte de room service. Des petits-d\u00e9jeuners \u00e9nerg\u00e9tiques aux fringales de retour de soir\u00e9e, chaque repas est pr\u00e9par\u00e9 avec la m\u00eame attention aux d\u00e9tails. Apr\u00e8s une r\u00e9union exigeante, un long trajet en train ou pour accompagner votre s\u00e9rie pr\u00e9f\u00e9r\u00e9e du snack parfait, [&hellip;]<\/p>\n","protected":false},"author":264,"featured_media":0,"parent":438,"menu_order":0,"comment_status":"closed","ping_status":"closed","template":"template-restaurant.php","meta":{"footnotes":""},"categories":[],"class_list":["post-443","page","type-page","status-publish","hentry"],"acf":[],"yoast_head":"<!-- This site is optimized with the Yoast SEO plugin v26.9 - https:\/\/yoast.com\/product\/yoast-seo-wordpress\/ -->\n<title>Room service | H\u00f4tel 4 \u00e9toiles | Pullman Paris Montparnasse<\/title>\n<meta name=\"description\" content=\"Notre h\u00f4tel 4 \u00e9toiles \u00e0 Montparnasse propose un room service 24h\/24. Appr\u00e9ciez le meilleur de nos restaurants dans le confort de votre chambre.\" \/>\n<meta name=\"robots\" content=\"index, follow, max-snippet:-1, max-image-preview:large, max-video-preview:-1\" \/>\n<link rel=\"canonical\" href=\"https:\/\/www.pullmanparismontparnasse.com\/fr\/restaurants-bars\/room-service\/\" \/>\n<meta property=\"og:locale\" content=\"fr_FR\" \/>\n<meta property=\"og:type\" content=\"article\" \/>\n<meta property=\"og:title\" content=\"Room service | H\u00f4tel 4 \u00e9toiles | Pullman Paris Montparnasse\" \/>\n<meta property=\"og:description\" content=\"Notre h\u00f4tel 4 \u00e9toiles \u00e0 Montparnasse propose un room service 24h\/24. Appr\u00e9ciez le meilleur de nos restaurants dans le confort de votre chambre.\" \/>\n<meta property=\"og:url\" content=\"https:\/\/www.pullmanparismontparnasse.com\/fr\/restaurants-bars\/room-service\/\" \/>\n<meta property=\"og:site_name\" content=\"Pullman Montparnasse\" \/>\n<meta property=\"article:modified_time\" content=\"2026-02-24T13:19:09+00:00\" \/>\n<meta name=\"twitter:card\" content=\"summary_large_image\" \/>\n<meta name=\"twitter:label1\" content=\"Dur\u00e9e de lecture est.\" \/>\n\t<meta name=\"twitter:data1\" content=\"1 minute\" \/>\n<script type=\"application\/ld+json\" class=\"yoast-schema-graph\">{\"@context\":\"https:\/\/schema.org\",\"@graph\":[{\"@type\":\"WebPage\",\"@id\":\"https:\/\/www.pullmanparismontparnasse.com\/fr\/restaurants-bars\/room-service\/\",\"url\":\"https:\/\/www.pullmanparismontparnasse.com\/fr\/restaurants-bars\/room-service\/\",\"name\":\"Room service | H\u00f4tel 4 \u00e9toiles | Pullman Paris Montparnasse\",\"isPartOf\":{\"@id\":\"https:\/\/www.pullmanparismontparnasse.com\/#website\"},\"datePublished\":\"2025-02-20T10:40:01+00:00\",\"dateModified\":\"2026-02-24T13:19:09+00:00\",\"description\":\"Notre h\u00f4tel 4 \u00e9toiles \u00e0 Montparnasse propose un room service 24h\/24. Appr\u00e9ciez le meilleur de nos restaurants dans le confort de votre chambre.\",\"breadcrumb\":{\"@id\":\"https:\/\/www.pullmanparismontparnasse.com\/fr\/restaurants-bars\/room-service\/#breadcrumb\"},\"inLanguage\":\"fr-FR\",\"potentialAction\":[{\"@type\":\"ReadAction\",\"target\":[\"https:\/\/www.pullmanparismontparnasse.com\/fr\/restaurants-bars\/room-service\/\"]}]},{\"@type\":\"BreadcrumbList\",\"@id\":\"https:\/\/www.pullmanparismontparnasse.com\/fr\/restaurants-bars\/room-service\/#breadcrumb\",\"itemListElement\":[{\"@type\":\"ListItem\",\"position\":1,\"name\":\"Home\",\"item\":\"https:\/\/www.pullmanparismontparnasse.com\/fr\/\"},{\"@type\":\"ListItem\",\"position\":2,\"name\":\"Restaurants + Bars\",\"item\":\"https:\/\/www.pullmanparismontparnasse.com\/fr\/restaurants-bars\/\"},{\"@type\":\"ListItem\",\"position\":3,\"name\":\"Room Service\"}]},{\"@type\":\"WebSite\",\"@id\":\"https:\/\/www.pullmanparismontparnasse.com\/#website\",\"url\":\"https:\/\/www.pullmanparismontparnasse.com\/\",\"name\":\"Pullman Montparnasse\",\"description\":\"\",\"potentialAction\":[{\"@type\":\"SearchAction\",\"target\":{\"@type\":\"EntryPoint\",\"urlTemplate\":\"https:\/\/www.pullmanparismontparnasse.com\/?s={search_term_string}\"},\"query-input\":{\"@type\":\"PropertyValueSpecification\",\"valueRequired\":true,\"valueName\":\"search_term_string\"}}],\"inLanguage\":\"fr-FR\"}]}<\/script>\n<!-- \/ Yoast SEO plugin. -->","yoast_head_json":{"title":"Room service | H\u00f4tel 4 \u00e9toiles | Pullman Paris Montparnasse","description":"Notre h\u00f4tel 4 \u00e9toiles \u00e0 Montparnasse propose un room service 24h\/24. Appr\u00e9ciez le meilleur de nos restaurants dans le confort de votre chambre.","robots":{"index":"index","follow":"follow","max-snippet":"max-snippet:-1","max-image-preview":"max-image-preview:large","max-video-preview":"max-video-preview:-1"},"canonical":"https:\/\/www.pullmanparismontparnasse.com\/fr\/restaurants-bars\/room-service\/","og_locale":"fr_FR","og_type":"article","og_title":"Room service | H\u00f4tel 4 \u00e9toiles | Pullman Paris Montparnasse","og_description":"Notre h\u00f4tel 4 \u00e9toiles \u00e0 Montparnasse propose un room service 24h\/24. Appr\u00e9ciez le meilleur de nos restaurants dans le confort de votre chambre.","og_url":"https:\/\/www.pullmanparismontparnasse.com\/fr\/restaurants-bars\/room-service\/","og_site_name":"Pullman Montparnasse","article_modified_time":"2026-02-24T13:19:09+00:00","twitter_card":"summary_large_image","twitter_misc":{"Dur\u00e9e de lecture est.":"1 minute"},"schema":{"@context":"https:\/\/schema.org","@graph":[{"@type":"WebPage","@id":"https:\/\/www.pullmanparismontparnasse.com\/fr\/restaurants-bars\/room-service\/","url":"https:\/\/www.pullmanparismontparnasse.com\/fr\/restaurants-bars\/room-service\/","name":"Room service | H\u00f4tel 4 \u00e9toiles | Pullman Paris Montparnasse","isPartOf":{"@id":"https:\/\/www.pullmanparismontparnasse.com\/#website"},"datePublished":"2025-02-20T10:40:01+00:00","dateModified":"2026-02-24T13:19:09+00:00","description":"Notre h\u00f4tel 4 \u00e9toiles \u00e0 Montparnasse propose un room service 24h\/24. Appr\u00e9ciez le meilleur de nos restaurants dans le confort de votre chambre.","breadcrumb":{"@id":"https:\/\/www.pullmanparismontparnasse.com\/fr\/restaurants-bars\/room-service\/#breadcrumb"},"inLanguage":"fr-FR","potentialAction":[{"@type":"ReadAction","target":["https:\/\/www.pullmanparismontparnasse.com\/fr\/restaurants-bars\/room-service\/"]}]},{"@type":"BreadcrumbList","@id":"https:\/\/www.pullmanparismontparnasse.com\/fr\/restaurants-bars\/room-service\/#breadcrumb","itemListElement":[{"@type":"ListItem","position":1,"name":"Home","item":"https:\/\/www.pullmanparismontparnasse.com\/fr\/"},{"@type":"ListItem","position":2,"name":"Restaurants + Bars","item":"https:\/\/www.pullmanparismontparnasse.com\/fr\/restaurants-bars\/"},{"@type":"ListItem","position":3,"name":"Room Service"}]},{"@type":"WebSite","@id":"https:\/\/www.pullmanparismontparnasse.com\/#website","url":"https:\/\/www.pullmanparismontparnasse.com\/","name":"Pullman Montparnasse","description":"","potentialAction":[{"@type":"SearchAction","target":{"@type":"EntryPoint","urlTemplate":"https:\/\/www.pullmanparismontparnasse.com\/?s={search_term_string}"},"query-input":{"@type":"PropertyValueSpecification","valueRequired":true,"valueName":"search_term_string"}}],"inLanguage":"fr-FR"}]}},"_links":{"self":[{"href":"https:\/\/www.pullmanparismontparnasse.com\/fr\/wp-json\/wp\/v2\/pages\/443","targetHints":{"allow":["GET"]}}],"collection":[{"href":"https:\/\/www.pullmanparismontparnasse.com\/fr\/wp-json\/wp\/v2\/pages"}],"about":[{"href":"https:\/\/www.pullmanparismontparnasse.com\/fr\/wp-json\/wp\/v2\/types\/page"}],"author":[{"embeddable":true,"href":"https:\/\/www.pullmanparismontparnasse.com\/fr\/wp-json\/wp\/v2\/users\/264"}],"replies":[{"embeddable":true,"href":"https:\/\/www.pullmanparismontparnasse.com\/fr\/wp-json\/wp\/v2\/comments?post=443"}],"version-history":[{"count":0,"href":"https:\/\/www.pullmanparismontparnasse.com\/fr\/wp-json\/wp\/v2\/pages\/443\/revisions"}],"up":[{"embeddable":true,"href":"https:\/\/www.pullmanparismontparnasse.com\/fr\/wp-json\/wp\/v2\/pages\/438"}],"wp:attachment":[{"href":"https:\/\/www.pullmanparismontparnasse.com\/fr\/wp-json\/wp\/v2\/media?parent=443"}],"wp:term":[{"taxonomy":"category","embeddable":true,"href":"https:\/\/www.pullmanparismontparnasse.com\/fr\/wp-json\/wp\/v2\/categories?post=443"}],"curies":[{"name":"wp","href":"https:\/\/api.w.org\/{rel}","templated":true}]}}