{"id":442,"date":"2025-02-20T10:42:04","date_gmt":"2025-02-20T10:42:04","guid":{"rendered":"https:\/\/pullman-montparnasse.accorv2prod.decms.eu\/restaurants-bars\/grab-go\/"},"modified":"2025-03-21T16:44:04","modified_gmt":"2025-03-21T16:44:04","slug":"grab-go","status":"publish","type":"page","link":"https:\/\/www.pullmanparismontparnasse.com\/fr\/restaurants-bars\/grab-go\/","title":{"rendered":"Grab + Go"},"content":{"rendered":"<p>Press\u00e9 entre deux r\u00e9unions ? Un agenda de visites qui vous force \u00e0 manger sur le pouce ? Pour ceux qui manquent de temps, le comptoir Grab &amp; Go maximise le plaisir. Caf\u00e9s r\u00e9put\u00e9s, sandwiches gourmands, snacks healthy, p\u00e2tisseries faites maison&#8230; la s\u00e9lection \u00e9volue tout au long de la journ\u00e9e. Du matin au soir, acc\u00e9dez \u00e0 des boissons et des repas pr\u00e9par\u00e9es sur place. Pratique et d\u00e9licieux.<\/p>\n","protected":false},"excerpt":{"rendered":"<p>Press\u00e9 entre deux r\u00e9unions ? Un agenda de visites qui vous force \u00e0 manger sur le pouce ? Pour ceux qui manquent de temps, le comptoir Grab &amp; Go maximise le plaisir. Caf\u00e9s r\u00e9put\u00e9s, sandwiches gourmands, snacks healthy, p\u00e2tisseries faites maison&#8230; la s\u00e9lection \u00e9volue tout au long de la journ\u00e9e. Du matin au soir, acc\u00e9dez [&hellip;]<\/p>\n","protected":false},"author":264,"featured_media":0,"parent":438,"menu_order":0,"comment_status":"closed","ping_status":"closed","template":"template-restaurant.php","meta":{"footnotes":""},"categories":[],"class_list":["post-442","page","type-page","status-publish","hentry"],"acf":[],"yoast_head":"<!-- This site is optimized with the Yoast SEO plugin v26.9 - https:\/\/yoast.com\/product\/yoast-seo-wordpress\/ -->\n<title>Caf\u00e9 Grab + Go \u00e0 emporter | Pullman Paris Montparnasse<\/title>\n<meta name=\"description\" content=\"Notre comptoir Grab &amp; Go proche de la gare Montparnasse vous invite \u00e0 emporter caf\u00e9, viennoiseries, sandwiches, bagels et boissons pour votre voyage.\" \/>\n<meta name=\"robots\" content=\"index, follow, max-snippet:-1, max-image-preview:large, max-video-preview:-1\" \/>\n<link rel=\"canonical\" href=\"https:\/\/www.pullmanparismontparnasse.com\/fr\/restaurants-bars\/grab-go\/\" \/>\n<meta property=\"og:locale\" content=\"fr_FR\" \/>\n<meta property=\"og:type\" content=\"article\" \/>\n<meta property=\"og:title\" content=\"Caf\u00e9 Grab + Go \u00e0 emporter | Pullman Paris Montparnasse\" \/>\n<meta property=\"og:description\" content=\"Notre comptoir Grab &amp; Go proche de la gare Montparnasse vous invite \u00e0 emporter caf\u00e9, viennoiseries, sandwiches, bagels et boissons pour votre voyage.\" \/>\n<meta property=\"og:url\" content=\"https:\/\/www.pullmanparismontparnasse.com\/fr\/restaurants-bars\/grab-go\/\" \/>\n<meta property=\"og:site_name\" content=\"Pullman Montparnasse\" \/>\n<meta property=\"article:modified_time\" content=\"2025-03-21T16:44:04+00:00\" \/>\n<meta name=\"twitter:card\" content=\"summary_large_image\" \/>\n<meta name=\"twitter:label1\" content=\"Dur\u00e9e de lecture est.\" \/>\n\t<meta name=\"twitter:data1\" content=\"1 minute\" \/>\n<script type=\"application\/ld+json\" class=\"yoast-schema-graph\">{\"@context\":\"https:\/\/schema.org\",\"@graph\":[{\"@type\":\"WebPage\",\"@id\":\"https:\/\/www.pullmanparismontparnasse.com\/fr\/restaurants-bars\/grab-go\/\",\"url\":\"https:\/\/www.pullmanparismontparnasse.com\/fr\/restaurants-bars\/grab-go\/\",\"name\":\"Caf\u00e9 Grab + Go \u00e0 emporter | Pullman Paris Montparnasse\",\"isPartOf\":{\"@id\":\"https:\/\/www.pullmanparismontparnasse.com\/#website\"},\"datePublished\":\"2025-02-20T10:42:04+00:00\",\"dateModified\":\"2025-03-21T16:44:04+00:00\",\"description\":\"Notre comptoir Grab & Go proche de la gare Montparnasse vous invite \u00e0 emporter caf\u00e9, viennoiseries, sandwiches, bagels et boissons pour votre voyage.\",\"breadcrumb\":{\"@id\":\"https:\/\/www.pullmanparismontparnasse.com\/fr\/restaurants-bars\/grab-go\/#breadcrumb\"},\"inLanguage\":\"fr-FR\",\"potentialAction\":[{\"@type\":\"ReadAction\",\"target\":[\"https:\/\/www.pullmanparismontparnasse.com\/fr\/restaurants-bars\/grab-go\/\"]}]},{\"@type\":\"BreadcrumbList\",\"@id\":\"https:\/\/www.pullmanparismontparnasse.com\/fr\/restaurants-bars\/grab-go\/#breadcrumb\",\"itemListElement\":[{\"@type\":\"ListItem\",\"position\":1,\"name\":\"Home\",\"item\":\"https:\/\/www.pullmanparismontparnasse.com\/fr\/\"},{\"@type\":\"ListItem\",\"position\":2,\"name\":\"Restaurants + Bars\",\"item\":\"https:\/\/www.pullmanparismontparnasse.com\/fr\/restaurants-bars\/\"},{\"@type\":\"ListItem\",\"position\":3,\"name\":\"Grab + Go\"}]},{\"@type\":\"WebSite\",\"@id\":\"https:\/\/www.pullmanparismontparnasse.com\/#website\",\"url\":\"https:\/\/www.pullmanparismontparnasse.com\/\",\"name\":\"Pullman Montparnasse\",\"description\":\"\",\"potentialAction\":[{\"@type\":\"SearchAction\",\"target\":{\"@type\":\"EntryPoint\",\"urlTemplate\":\"https:\/\/www.pullmanparismontparnasse.com\/?s={search_term_string}\"},\"query-input\":{\"@type\":\"PropertyValueSpecification\",\"valueRequired\":true,\"valueName\":\"search_term_string\"}}],\"inLanguage\":\"fr-FR\"}]}<\/script>\n<!-- \/ Yoast SEO plugin. -->","yoast_head_json":{"title":"Caf\u00e9 Grab + Go \u00e0 emporter | Pullman Paris Montparnasse","description":"Notre comptoir Grab & Go proche de la gare Montparnasse vous invite \u00e0 emporter caf\u00e9, viennoiseries, sandwiches, bagels et boissons pour votre voyage.","robots":{"index":"index","follow":"follow","max-snippet":"max-snippet:-1","max-image-preview":"max-image-preview:large","max-video-preview":"max-video-preview:-1"},"canonical":"https:\/\/www.pullmanparismontparnasse.com\/fr\/restaurants-bars\/grab-go\/","og_locale":"fr_FR","og_type":"article","og_title":"Caf\u00e9 Grab + Go \u00e0 emporter | Pullman Paris Montparnasse","og_description":"Notre comptoir Grab & Go proche de la gare Montparnasse vous invite \u00e0 emporter caf\u00e9, viennoiseries, sandwiches, bagels et boissons pour votre voyage.","og_url":"https:\/\/www.pullmanparismontparnasse.com\/fr\/restaurants-bars\/grab-go\/","og_site_name":"Pullman Montparnasse","article_modified_time":"2025-03-21T16:44:04+00:00","twitter_card":"summary_large_image","twitter_misc":{"Dur\u00e9e de lecture est.":"1 minute"},"schema":{"@context":"https:\/\/schema.org","@graph":[{"@type":"WebPage","@id":"https:\/\/www.pullmanparismontparnasse.com\/fr\/restaurants-bars\/grab-go\/","url":"https:\/\/www.pullmanparismontparnasse.com\/fr\/restaurants-bars\/grab-go\/","name":"Caf\u00e9 Grab + Go \u00e0 emporter | Pullman Paris Montparnasse","isPartOf":{"@id":"https:\/\/www.pullmanparismontparnasse.com\/#website"},"datePublished":"2025-02-20T10:42:04+00:00","dateModified":"2025-03-21T16:44:04+00:00","description":"Notre comptoir Grab & Go proche de la gare Montparnasse vous invite \u00e0 emporter caf\u00e9, viennoiseries, sandwiches, bagels et boissons pour votre voyage.","breadcrumb":{"@id":"https:\/\/www.pullmanparismontparnasse.com\/fr\/restaurants-bars\/grab-go\/#breadcrumb"},"inLanguage":"fr-FR","potentialAction":[{"@type":"ReadAction","target":["https:\/\/www.pullmanparismontparnasse.com\/fr\/restaurants-bars\/grab-go\/"]}]},{"@type":"BreadcrumbList","@id":"https:\/\/www.pullmanparismontparnasse.com\/fr\/restaurants-bars\/grab-go\/#breadcrumb","itemListElement":[{"@type":"ListItem","position":1,"name":"Home","item":"https:\/\/www.pullmanparismontparnasse.com\/fr\/"},{"@type":"ListItem","position":2,"name":"Restaurants + Bars","item":"https:\/\/www.pullmanparismontparnasse.com\/fr\/restaurants-bars\/"},{"@type":"ListItem","position":3,"name":"Grab + Go"}]},{"@type":"WebSite","@id":"https:\/\/www.pullmanparismontparnasse.com\/#website","url":"https:\/\/www.pullmanparismontparnasse.com\/","name":"Pullman Montparnasse","description":"","potentialAction":[{"@type":"SearchAction","target":{"@type":"EntryPoint","urlTemplate":"https:\/\/www.pullmanparismontparnasse.com\/?s={search_term_string}"},"query-input":{"@type":"PropertyValueSpecification","valueRequired":true,"valueName":"search_term_string"}}],"inLanguage":"fr-FR"}]}},"_links":{"self":[{"href":"https:\/\/www.pullmanparismontparnasse.com\/fr\/wp-json\/wp\/v2\/pages\/442","targetHints":{"allow":["GET"]}}],"collection":[{"href":"https:\/\/www.pullmanparismontparnasse.com\/fr\/wp-json\/wp\/v2\/pages"}],"about":[{"href":"https:\/\/www.pullmanparismontparnasse.com\/fr\/wp-json\/wp\/v2\/types\/page"}],"author":[{"embeddable":true,"href":"https:\/\/www.pullmanparismontparnasse.com\/fr\/wp-json\/wp\/v2\/users\/264"}],"replies":[{"embeddable":true,"href":"https:\/\/www.pullmanparismontparnasse.com\/fr\/wp-json\/wp\/v2\/comments?post=442"}],"version-history":[{"count":0,"href":"https:\/\/www.pullmanparismontparnasse.com\/fr\/wp-json\/wp\/v2\/pages\/442\/revisions"}],"up":[{"embeddable":true,"href":"https:\/\/www.pullmanparismontparnasse.com\/fr\/wp-json\/wp\/v2\/pages\/438"}],"wp:attachment":[{"href":"https:\/\/www.pullmanparismontparnasse.com\/fr\/wp-json\/wp\/v2\/media?parent=442"}],"wp:term":[{"taxonomy":"category","embeddable":true,"href":"https:\/\/www.pullmanparismontparnasse.com\/fr\/wp-json\/wp\/v2\/categories?post=442"}],"curies":[{"name":"wp","href":"https:\/\/api.w.org\/{rel}","templated":true}]}}