{"id":438,"date":"2025-02-20T10:27:14","date_gmt":"2025-02-20T10:27:14","guid":{"rendered":"https:\/\/pullman-montparnasse.accorv2prod.decms.eu\/restaurants-bars\/"},"modified":"2025-04-04T15:23:58","modified_gmt":"2025-04-04T15:23:58","slug":"restaurants-bars","status":"publish","type":"page","link":"https:\/\/www.pullmanparismontparnasse.com\/fr\/restaurants-bars\/","title":{"rendered":"Restaurants + Bars"},"content":{"rendered":"<p>Au Pullman Paris Montparnasse, les saveurs et la saisonnalit\u00e9 guident nos cr\u00e9ations culinaires. Si vous cherchez un lieu pour boire un verre et manger \u00e0 Montparnasse, profitez de nos deux bars et de notre comptoir Grab &amp; Go. Explorez de nouvelles perspectives gourmandes, survolez les toits de Paris au rooftop Skybar, appr\u00e9ciez la vibe intimiste de notre bistro italien ou craquez pour la d\u00e9cadence de smash burgers typiquement am\u00e9ricains.<\/p>\n","protected":false},"excerpt":{"rendered":"<p>Au Pullman Paris Montparnasse, les saveurs et la saisonnalit\u00e9 guident nos cr\u00e9ations culinaires. Si vous cherchez un lieu pour boire un verre et manger \u00e0 Montparnasse, profitez de nos deux bars et de notre comptoir Grab &amp; Go. Explorez de nouvelles perspectives gourmandes, survolez les toits de Paris au rooftop Skybar, appr\u00e9ciez la vibe intimiste [&hellip;]<\/p>\n","protected":false},"author":264,"featured_media":0,"parent":0,"menu_order":0,"comment_status":"closed","ping_status":"closed","template":"template-restaurants.php","meta":{"footnotes":""},"categories":[],"class_list":["post-438","page","type-page","status-publish","hentry"],"acf":[],"yoast_head":"<!-- This site is optimized with the Yoast SEO plugin v26.9 - https:\/\/yoast.com\/product\/yoast-seo-wordpress\/ -->\n<title>Restaurants + Bars | 4-Star Hotel | Pullman Paris Montparnasse<\/title>\n<meta name=\"description\" content=\"Pullman Paris Montparnasse hotel offers innovative dining experiences, including a Sunday brunch buffet and our Skybar rooftop bar with Eiffel Tower views.\" \/>\n<meta name=\"robots\" content=\"index, follow, max-snippet:-1, max-image-preview:large, max-video-preview:-1\" \/>\n<link rel=\"canonical\" href=\"https:\/\/www.pullmanparismontparnasse.com\/fr\/restaurants-bars\/\" \/>\n<meta property=\"og:locale\" content=\"fr_FR\" \/>\n<meta property=\"og:type\" content=\"article\" \/>\n<meta property=\"og:title\" content=\"Restaurants + Bars | 4-Star Hotel | Pullman Paris Montparnasse\" \/>\n<meta property=\"og:description\" content=\"Pullman Paris Montparnasse hotel offers innovative dining experiences, including a Sunday brunch buffet and our Skybar rooftop bar with Eiffel Tower views.\" \/>\n<meta property=\"og:url\" content=\"https:\/\/www.pullmanparismontparnasse.com\/fr\/restaurants-bars\/\" \/>\n<meta property=\"og:site_name\" content=\"Pullman Montparnasse\" \/>\n<meta property=\"article:modified_time\" content=\"2025-04-04T15:23:58+00:00\" \/>\n<meta name=\"twitter:card\" content=\"summary_large_image\" \/>\n<meta name=\"twitter:label1\" content=\"Dur\u00e9e de lecture est.\" \/>\n\t<meta name=\"twitter:data1\" content=\"1 minute\" \/>\n<script type=\"application\/ld+json\" class=\"yoast-schema-graph\">{\"@context\":\"https:\/\/schema.org\",\"@graph\":[{\"@type\":\"WebPage\",\"@id\":\"https:\/\/www.pullmanparismontparnasse.com\/fr\/restaurants-bars\/\",\"url\":\"https:\/\/www.pullmanparismontparnasse.com\/fr\/restaurants-bars\/\",\"name\":\"Restaurants + Bars | 4-Star Hotel | Pullman Paris Montparnasse\",\"isPartOf\":{\"@id\":\"https:\/\/www.pullmanparismontparnasse.com\/#website\"},\"datePublished\":\"2025-02-20T10:27:14+00:00\",\"dateModified\":\"2025-04-04T15:23:58+00:00\",\"description\":\"Pullman Paris Montparnasse hotel offers innovative dining experiences, including a Sunday brunch buffet and our Skybar rooftop bar with Eiffel Tower views.\",\"breadcrumb\":{\"@id\":\"https:\/\/www.pullmanparismontparnasse.com\/fr\/restaurants-bars\/#breadcrumb\"},\"inLanguage\":\"fr-FR\",\"potentialAction\":[{\"@type\":\"ReadAction\",\"target\":[\"https:\/\/www.pullmanparismontparnasse.com\/fr\/restaurants-bars\/\"]}]},{\"@type\":\"BreadcrumbList\",\"@id\":\"https:\/\/www.pullmanparismontparnasse.com\/fr\/restaurants-bars\/#breadcrumb\",\"itemListElement\":[{\"@type\":\"ListItem\",\"position\":1,\"name\":\"Home\",\"item\":\"https:\/\/www.pullmanparismontparnasse.com\/fr\/\"},{\"@type\":\"ListItem\",\"position\":2,\"name\":\"Restaurants + Bars\"}]},{\"@type\":\"WebSite\",\"@id\":\"https:\/\/www.pullmanparismontparnasse.com\/#website\",\"url\":\"https:\/\/www.pullmanparismontparnasse.com\/\",\"name\":\"Pullman Montparnasse\",\"description\":\"\",\"potentialAction\":[{\"@type\":\"SearchAction\",\"target\":{\"@type\":\"EntryPoint\",\"urlTemplate\":\"https:\/\/www.pullmanparismontparnasse.com\/?s={search_term_string}\"},\"query-input\":{\"@type\":\"PropertyValueSpecification\",\"valueRequired\":true,\"valueName\":\"search_term_string\"}}],\"inLanguage\":\"fr-FR\"}]}<\/script>\n<!-- \/ Yoast SEO plugin. -->","yoast_head_json":{"title":"Restaurants + Bars | 4-Star Hotel | Pullman Paris Montparnasse","description":"Pullman Paris Montparnasse hotel offers innovative dining experiences, including a Sunday brunch buffet and our Skybar rooftop bar with Eiffel Tower views.","robots":{"index":"index","follow":"follow","max-snippet":"max-snippet:-1","max-image-preview":"max-image-preview:large","max-video-preview":"max-video-preview:-1"},"canonical":"https:\/\/www.pullmanparismontparnasse.com\/fr\/restaurants-bars\/","og_locale":"fr_FR","og_type":"article","og_title":"Restaurants + Bars | 4-Star Hotel | Pullman Paris Montparnasse","og_description":"Pullman Paris Montparnasse hotel offers innovative dining experiences, including a Sunday brunch buffet and our Skybar rooftop bar with Eiffel Tower views.","og_url":"https:\/\/www.pullmanparismontparnasse.com\/fr\/restaurants-bars\/","og_site_name":"Pullman Montparnasse","article_modified_time":"2025-04-04T15:23:58+00:00","twitter_card":"summary_large_image","twitter_misc":{"Dur\u00e9e de lecture est.":"1 minute"},"schema":{"@context":"https:\/\/schema.org","@graph":[{"@type":"WebPage","@id":"https:\/\/www.pullmanparismontparnasse.com\/fr\/restaurants-bars\/","url":"https:\/\/www.pullmanparismontparnasse.com\/fr\/restaurants-bars\/","name":"Restaurants + Bars | 4-Star Hotel | Pullman Paris Montparnasse","isPartOf":{"@id":"https:\/\/www.pullmanparismontparnasse.com\/#website"},"datePublished":"2025-02-20T10:27:14+00:00","dateModified":"2025-04-04T15:23:58+00:00","description":"Pullman Paris Montparnasse hotel offers innovative dining experiences, including a Sunday brunch buffet and our Skybar rooftop bar with Eiffel Tower views.","breadcrumb":{"@id":"https:\/\/www.pullmanparismontparnasse.com\/fr\/restaurants-bars\/#breadcrumb"},"inLanguage":"fr-FR","potentialAction":[{"@type":"ReadAction","target":["https:\/\/www.pullmanparismontparnasse.com\/fr\/restaurants-bars\/"]}]},{"@type":"BreadcrumbList","@id":"https:\/\/www.pullmanparismontparnasse.com\/fr\/restaurants-bars\/#breadcrumb","itemListElement":[{"@type":"ListItem","position":1,"name":"Home","item":"https:\/\/www.pullmanparismontparnasse.com\/fr\/"},{"@type":"ListItem","position":2,"name":"Restaurants + Bars"}]},{"@type":"WebSite","@id":"https:\/\/www.pullmanparismontparnasse.com\/#website","url":"https:\/\/www.pullmanparismontparnasse.com\/","name":"Pullman Montparnasse","description":"","potentialAction":[{"@type":"SearchAction","target":{"@type":"EntryPoint","urlTemplate":"https:\/\/www.pullmanparismontparnasse.com\/?s={search_term_string}"},"query-input":{"@type":"PropertyValueSpecification","valueRequired":true,"valueName":"search_term_string"}}],"inLanguage":"fr-FR"}]}},"_links":{"self":[{"href":"https:\/\/www.pullmanparismontparnasse.com\/fr\/wp-json\/wp\/v2\/pages\/438","targetHints":{"allow":["GET"]}}],"collection":[{"href":"https:\/\/www.pullmanparismontparnasse.com\/fr\/wp-json\/wp\/v2\/pages"}],"about":[{"href":"https:\/\/www.pullmanparismontparnasse.com\/fr\/wp-json\/wp\/v2\/types\/page"}],"author":[{"embeddable":true,"href":"https:\/\/www.pullmanparismontparnasse.com\/fr\/wp-json\/wp\/v2\/users\/264"}],"replies":[{"embeddable":true,"href":"https:\/\/www.pullmanparismontparnasse.com\/fr\/wp-json\/wp\/v2\/comments?post=438"}],"version-history":[{"count":0,"href":"https:\/\/www.pullmanparismontparnasse.com\/fr\/wp-json\/wp\/v2\/pages\/438\/revisions"}],"wp:attachment":[{"href":"https:\/\/www.pullmanparismontparnasse.com\/fr\/wp-json\/wp\/v2\/media?parent=438"}],"wp:term":[{"taxonomy":"category","embeddable":true,"href":"https:\/\/www.pullmanparismontparnasse.com\/fr\/wp-json\/wp\/v2\/categories?post=438"}],"curies":[{"name":"wp","href":"https:\/\/api.w.org\/{rel}","templated":true}]}}