{"id":434,"date":"2025-02-20T12:37:57","date_gmt":"2025-02-20T12:37:57","guid":{"rendered":"https:\/\/pullman-montparnasse.accorv2prod.decms.eu\/reunions-evenements\/grand-studio\/"},"modified":"2025-08-12T09:26:11","modified_gmt":"2025-08-12T09:26:11","slug":"grand-studio","status":"publish","type":"page","link":"https:\/\/www.pullmanparismontparnasse.com\/fr\/reunions-evenements\/grand-studio\/","title":{"rendered":"Grand Studio"},"content":{"rendered":"<p>Les esprits s&rsquo;inspirent et s&rsquo;\u00e9l\u00e8vent dans le Grand Studio de notre h\u00f4tel Pullman Paris Montparnasse. En r\u00e9servant cette salle de r\u00e9union \u00e0 Paris, acc\u00e9dez \u00e0 un espace enti\u00e8rement personnalisable. Les studios s&rsquo;\u00e9tendent autour d&rsquo;un large foyer central. Divisez ou assemblez jusqu&rsquo;\u00e0 977 m\u00b2 d&rsquo;espace \u00e9v\u00e9nementiel, au gr\u00e9 de vos besoins.<\/p>\n<p>Maximisez l&rsquo;impact de votre \u00e9v\u00e9nement. Si vous recherchez un lieu d&rsquo;exposition \u00e0 Montparnasse, ou une salle pour un lancement de produit, team building ou cocktail d&rsquo;entreprise \u00e0 Paris, vous \u00eates au bon endroit. Le foyer sert \u00e0 la fois de point d&rsquo;accueil et d&rsquo;espace de rencontres, pleinement int\u00e9gr\u00e9 dans votre sc\u00e9nographie \u00e9v\u00e9nementielle.<\/p>\n","protected":false},"excerpt":{"rendered":"<p>Les esprits s&rsquo;inspirent et s&rsquo;\u00e9l\u00e8vent dans le Grand Studio de notre h\u00f4tel Pullman Paris Montparnasse. En r\u00e9servant cette salle de r\u00e9union \u00e0 Paris, acc\u00e9dez \u00e0 un espace enti\u00e8rement personnalisable. Les studios s&rsquo;\u00e9tendent autour d&rsquo;un large foyer central. Divisez ou assemblez jusqu&rsquo;\u00e0 977 m\u00b2 d&rsquo;espace \u00e9v\u00e9nementiel, au gr\u00e9 de vos besoins. Maximisez l&rsquo;impact de votre \u00e9v\u00e9nement. [&hellip;]<\/p>\n","protected":false},"author":264,"featured_media":0,"parent":425,"menu_order":0,"comment_status":"closed","ping_status":"closed","template":"template-meeting-room.php","meta":{"footnotes":""},"categories":[],"class_list":["post-434","page","type-page","status-publish","hentry"],"acf":[],"yoast_head":"<!-- This site is optimized with the Yoast SEO plugin v26.9 - https:\/\/yoast.com\/product\/yoast-seo-wordpress\/ -->\n<title>Salle de r\u00e9ception Grand Ballroom | Pullman Paris Montparnasse<\/title>\n<meta name=\"description\" content=\"D&#039;une superficie de 742 m\u00b2, notre salle de r\u00e9ception \u00e0 Paris se module au gr\u00e9 de vos \u00e9v\u00e9nements, conf\u00e9rences, d\u00eeners et performances artistiques.\" \/>\n<meta name=\"robots\" content=\"index, follow, max-snippet:-1, max-image-preview:large, max-video-preview:-1\" \/>\n<link rel=\"canonical\" href=\"https:\/\/www.pullmanparismontparnasse.com\/fr\/reunions-evenements\/grand-studio\/\" \/>\n<meta property=\"og:locale\" content=\"fr_FR\" \/>\n<meta property=\"og:type\" content=\"article\" \/>\n<meta property=\"og:title\" content=\"Salle de r\u00e9ception Grand Ballroom | Pullman Paris Montparnasse\" \/>\n<meta property=\"og:description\" content=\"D&#039;une superficie de 742 m\u00b2, notre salle de r\u00e9ception \u00e0 Paris se module au gr\u00e9 de vos \u00e9v\u00e9nements, conf\u00e9rences, d\u00eeners et performances artistiques.\" \/>\n<meta property=\"og:url\" content=\"https:\/\/www.pullmanparismontparnasse.com\/fr\/reunions-evenements\/grand-studio\/\" \/>\n<meta property=\"og:site_name\" content=\"Pullman Montparnasse\" \/>\n<meta property=\"article:modified_time\" content=\"2025-08-12T09:26:11+00:00\" \/>\n<meta name=\"twitter:card\" content=\"summary_large_image\" \/>\n<meta name=\"twitter:label1\" content=\"Dur\u00e9e de lecture est.\" \/>\n\t<meta name=\"twitter:data1\" content=\"1 minute\" \/>\n<script type=\"application\/ld+json\" class=\"yoast-schema-graph\">{\"@context\":\"https:\/\/schema.org\",\"@graph\":[{\"@type\":\"WebPage\",\"@id\":\"https:\/\/www.pullmanparismontparnasse.com\/fr\/reunions-evenements\/grand-studio\/\",\"url\":\"https:\/\/www.pullmanparismontparnasse.com\/fr\/reunions-evenements\/grand-studio\/\",\"name\":\"Salle de r\u00e9ception Grand Ballroom | Pullman Paris Montparnasse\",\"isPartOf\":{\"@id\":\"https:\/\/www.pullmanparismontparnasse.com\/#website\"},\"datePublished\":\"2025-02-20T12:37:57+00:00\",\"dateModified\":\"2025-08-12T09:26:11+00:00\",\"description\":\"D'une superficie de 742 m\u00b2, notre salle de r\u00e9ception \u00e0 Paris se module au gr\u00e9 de vos \u00e9v\u00e9nements, conf\u00e9rences, d\u00eeners et performances artistiques.\",\"breadcrumb\":{\"@id\":\"https:\/\/www.pullmanparismontparnasse.com\/fr\/reunions-evenements\/grand-studio\/#breadcrumb\"},\"inLanguage\":\"fr-FR\",\"potentialAction\":[{\"@type\":\"ReadAction\",\"target\":[\"https:\/\/www.pullmanparismontparnasse.com\/fr\/reunions-evenements\/grand-studio\/\"]}]},{\"@type\":\"BreadcrumbList\",\"@id\":\"https:\/\/www.pullmanparismontparnasse.com\/fr\/reunions-evenements\/grand-studio\/#breadcrumb\",\"itemListElement\":[{\"@type\":\"ListItem\",\"position\":1,\"name\":\"Home\",\"item\":\"https:\/\/www.pullmanparismontparnasse.com\/fr\/\"},{\"@type\":\"ListItem\",\"position\":2,\"name\":\"R\u00e9unions + \u00c9v\u00e9nements\",\"item\":\"https:\/\/www.pullmanparismontparnasse.com\/fr\/reunions-evenements\/\"},{\"@type\":\"ListItem\",\"position\":3,\"name\":\"Grand Studio\"}]},{\"@type\":\"WebSite\",\"@id\":\"https:\/\/www.pullmanparismontparnasse.com\/#website\",\"url\":\"https:\/\/www.pullmanparismontparnasse.com\/\",\"name\":\"Pullman Montparnasse\",\"description\":\"\",\"potentialAction\":[{\"@type\":\"SearchAction\",\"target\":{\"@type\":\"EntryPoint\",\"urlTemplate\":\"https:\/\/www.pullmanparismontparnasse.com\/?s={search_term_string}\"},\"query-input\":{\"@type\":\"PropertyValueSpecification\",\"valueRequired\":true,\"valueName\":\"search_term_string\"}}],\"inLanguage\":\"fr-FR\"}]}<\/script>\n<!-- \/ Yoast SEO plugin. -->","yoast_head_json":{"title":"Salle de r\u00e9ception Grand Ballroom | Pullman Paris Montparnasse","description":"D'une superficie de 742 m\u00b2, notre salle de r\u00e9ception \u00e0 Paris se module au gr\u00e9 de vos \u00e9v\u00e9nements, conf\u00e9rences, d\u00eeners et performances artistiques.","robots":{"index":"index","follow":"follow","max-snippet":"max-snippet:-1","max-image-preview":"max-image-preview:large","max-video-preview":"max-video-preview:-1"},"canonical":"https:\/\/www.pullmanparismontparnasse.com\/fr\/reunions-evenements\/grand-studio\/","og_locale":"fr_FR","og_type":"article","og_title":"Salle de r\u00e9ception Grand Ballroom | Pullman Paris Montparnasse","og_description":"D'une superficie de 742 m\u00b2, notre salle de r\u00e9ception \u00e0 Paris se module au gr\u00e9 de vos \u00e9v\u00e9nements, conf\u00e9rences, d\u00eeners et performances artistiques.","og_url":"https:\/\/www.pullmanparismontparnasse.com\/fr\/reunions-evenements\/grand-studio\/","og_site_name":"Pullman Montparnasse","article_modified_time":"2025-08-12T09:26:11+00:00","twitter_card":"summary_large_image","twitter_misc":{"Dur\u00e9e de lecture est.":"1 minute"},"schema":{"@context":"https:\/\/schema.org","@graph":[{"@type":"WebPage","@id":"https:\/\/www.pullmanparismontparnasse.com\/fr\/reunions-evenements\/grand-studio\/","url":"https:\/\/www.pullmanparismontparnasse.com\/fr\/reunions-evenements\/grand-studio\/","name":"Salle de r\u00e9ception Grand Ballroom | Pullman Paris Montparnasse","isPartOf":{"@id":"https:\/\/www.pullmanparismontparnasse.com\/#website"},"datePublished":"2025-02-20T12:37:57+00:00","dateModified":"2025-08-12T09:26:11+00:00","description":"D'une superficie de 742 m\u00b2, notre salle de r\u00e9ception \u00e0 Paris se module au gr\u00e9 de vos \u00e9v\u00e9nements, conf\u00e9rences, d\u00eeners et performances artistiques.","breadcrumb":{"@id":"https:\/\/www.pullmanparismontparnasse.com\/fr\/reunions-evenements\/grand-studio\/#breadcrumb"},"inLanguage":"fr-FR","potentialAction":[{"@type":"ReadAction","target":["https:\/\/www.pullmanparismontparnasse.com\/fr\/reunions-evenements\/grand-studio\/"]}]},{"@type":"BreadcrumbList","@id":"https:\/\/www.pullmanparismontparnasse.com\/fr\/reunions-evenements\/grand-studio\/#breadcrumb","itemListElement":[{"@type":"ListItem","position":1,"name":"Home","item":"https:\/\/www.pullmanparismontparnasse.com\/fr\/"},{"@type":"ListItem","position":2,"name":"R\u00e9unions + \u00c9v\u00e9nements","item":"https:\/\/www.pullmanparismontparnasse.com\/fr\/reunions-evenements\/"},{"@type":"ListItem","position":3,"name":"Grand Studio"}]},{"@type":"WebSite","@id":"https:\/\/www.pullmanparismontparnasse.com\/#website","url":"https:\/\/www.pullmanparismontparnasse.com\/","name":"Pullman Montparnasse","description":"","potentialAction":[{"@type":"SearchAction","target":{"@type":"EntryPoint","urlTemplate":"https:\/\/www.pullmanparismontparnasse.com\/?s={search_term_string}"},"query-input":{"@type":"PropertyValueSpecification","valueRequired":true,"valueName":"search_term_string"}}],"inLanguage":"fr-FR"}]}},"_links":{"self":[{"href":"https:\/\/www.pullmanparismontparnasse.com\/fr\/wp-json\/wp\/v2\/pages\/434","targetHints":{"allow":["GET"]}}],"collection":[{"href":"https:\/\/www.pullmanparismontparnasse.com\/fr\/wp-json\/wp\/v2\/pages"}],"about":[{"href":"https:\/\/www.pullmanparismontparnasse.com\/fr\/wp-json\/wp\/v2\/types\/page"}],"author":[{"embeddable":true,"href":"https:\/\/www.pullmanparismontparnasse.com\/fr\/wp-json\/wp\/v2\/users\/264"}],"replies":[{"embeddable":true,"href":"https:\/\/www.pullmanparismontparnasse.com\/fr\/wp-json\/wp\/v2\/comments?post=434"}],"version-history":[{"count":0,"href":"https:\/\/www.pullmanparismontparnasse.com\/fr\/wp-json\/wp\/v2\/pages\/434\/revisions"}],"up":[{"embeddable":true,"href":"https:\/\/www.pullmanparismontparnasse.com\/fr\/wp-json\/wp\/v2\/pages\/425"}],"wp:attachment":[{"href":"https:\/\/www.pullmanparismontparnasse.com\/fr\/wp-json\/wp\/v2\/media?parent=434"}],"wp:term":[{"taxonomy":"category","embeddable":true,"href":"https:\/\/www.pullmanparismontparnasse.com\/fr\/wp-json\/wp\/v2\/categories?post=434"}],"curies":[{"name":"wp","href":"https:\/\/api.w.org\/{rel}","templated":true}]}}