{"id":432,"date":"2025-02-20T12:37:25","date_gmt":"2025-02-20T12:37:25","guid":{"rendered":"https:\/\/pullman-montparnasse.accorv2prod.decms.eu\/reunions-evenements\/grand-ballroom\/"},"modified":"2025-08-12T09:29:38","modified_gmt":"2025-08-12T09:29:38","slug":"ballroom","status":"publish","type":"page","link":"https:\/\/www.pullmanparismontparnasse.com\/fr\/reunions-evenements\/ballroom\/","title":{"rendered":"Grand Ballroom"},"content":{"rendered":"<p>Donnez une nouvelle dimension \u00e0 vos \u00e9v\u00e9nements d&rsquo;entreprise et conf\u00e9rences \u00e0 Paris. La Ballroom est l&rsquo;une des plus grandes salles de r\u00e9ception de la capitale, en plus d&rsquo;\u00eatre totalement modulable. Transcendez votre exp\u00e9rience \u00e9v\u00e9nementielle avec 742 m\u00b2 d&rsquo;espace ininterrompu avec une impressionnante hauteur sous plafond de 7 m\u00e8tres.<\/p>\n<p>Une large baie vitr\u00e9e inonde la salle de lumi\u00e8re naturelle, cadre inspirant o\u00f9 les id\u00e9es circulent et les liens se cr\u00e9ent intuitivement. L&rsquo;espace est combinable avec nos studios, pour des \u00e9v\u00e9nements professionnels \u00e0 Paris de tr\u00e8s grande envergure. La modularit\u00e9 de la Ballroom s&rsquo;adapte \u00e0 votre vision cr\u00e9ative pour une conf\u00e9rence, un \u00e9l\u00e9gant d\u00eener, un mariage ou une performance artistique. Ici, les esprits se rencontrent et les souvenirs marquants se cr\u00e9ent.<\/p>\n","protected":false},"excerpt":{"rendered":"<p>Donnez une nouvelle dimension \u00e0 vos \u00e9v\u00e9nements d&rsquo;entreprise et conf\u00e9rences \u00e0 Paris. La Ballroom est l&rsquo;une des plus grandes salles de r\u00e9ception de la capitale, en plus d&rsquo;\u00eatre totalement modulable. Transcendez votre exp\u00e9rience \u00e9v\u00e9nementielle avec 742 m\u00b2 d&rsquo;espace ininterrompu avec une impressionnante hauteur sous plafond de 7 m\u00e8tres. Une large baie vitr\u00e9e inonde la salle [&hellip;]<\/p>\n","protected":false},"author":264,"featured_media":0,"parent":425,"menu_order":0,"comment_status":"closed","ping_status":"closed","template":"template-meeting-room.php","meta":{"footnotes":""},"categories":[],"class_list":["post-432","page","type-page","status-publish","hentry"],"acf":[],"yoast_head":"<!-- This site is optimized with the Yoast SEO plugin v26.9 - https:\/\/yoast.com\/product\/yoast-seo-wordpress\/ -->\n<title>Salle de r\u00e9ception Ballroom | Pullman Paris Montparnasse<\/title>\n<meta name=\"description\" content=\"D&#039;une superficie de 742 m\u00b2, notre salle de r\u00e9ception \u00e0 Paris se module au gr\u00e9 de vos \u00e9v\u00e9nements, conf\u00e9rences, d\u00eeners, mariages et performances artistiques.\" \/>\n<meta name=\"robots\" content=\"index, follow, max-snippet:-1, max-image-preview:large, max-video-preview:-1\" \/>\n<link rel=\"canonical\" href=\"https:\/\/www.pullmanparismontparnasse.com\/fr\/reunions-evenements\/ballroom\/\" \/>\n<meta property=\"og:locale\" content=\"fr_FR\" \/>\n<meta property=\"og:type\" content=\"article\" \/>\n<meta property=\"og:title\" content=\"Salle de r\u00e9ception Ballroom | Pullman Paris Montparnasse\" \/>\n<meta property=\"og:description\" content=\"D&#039;une superficie de 742 m\u00b2, notre salle de r\u00e9ception \u00e0 Paris se module au gr\u00e9 de vos \u00e9v\u00e9nements, conf\u00e9rences, d\u00eeners, mariages et performances artistiques.\" \/>\n<meta property=\"og:url\" content=\"https:\/\/www.pullmanparismontparnasse.com\/fr\/reunions-evenements\/ballroom\/\" \/>\n<meta property=\"og:site_name\" content=\"Pullman Montparnasse\" \/>\n<meta property=\"article:modified_time\" content=\"2025-08-12T09:29:38+00:00\" \/>\n<meta name=\"twitter:card\" content=\"summary_large_image\" \/>\n<meta name=\"twitter:label1\" content=\"Dur\u00e9e de lecture est.\" \/>\n\t<meta name=\"twitter:data1\" content=\"1 minute\" \/>\n<script type=\"application\/ld+json\" class=\"yoast-schema-graph\">{\"@context\":\"https:\/\/schema.org\",\"@graph\":[{\"@type\":\"WebPage\",\"@id\":\"https:\/\/www.pullmanparismontparnasse.com\/fr\/reunions-evenements\/ballroom\/\",\"url\":\"https:\/\/www.pullmanparismontparnasse.com\/fr\/reunions-evenements\/ballroom\/\",\"name\":\"Salle de r\u00e9ception Ballroom | Pullman Paris Montparnasse\",\"isPartOf\":{\"@id\":\"https:\/\/www.pullmanparismontparnasse.com\/#website\"},\"datePublished\":\"2025-02-20T12:37:25+00:00\",\"dateModified\":\"2025-08-12T09:29:38+00:00\",\"description\":\"D'une superficie de 742 m\u00b2, notre salle de r\u00e9ception \u00e0 Paris se module au gr\u00e9 de vos \u00e9v\u00e9nements, conf\u00e9rences, d\u00eeners, mariages et performances artistiques.\",\"breadcrumb\":{\"@id\":\"https:\/\/www.pullmanparismontparnasse.com\/fr\/reunions-evenements\/ballroom\/#breadcrumb\"},\"inLanguage\":\"fr-FR\",\"potentialAction\":[{\"@type\":\"ReadAction\",\"target\":[\"https:\/\/www.pullmanparismontparnasse.com\/fr\/reunions-evenements\/ballroom\/\"]}]},{\"@type\":\"BreadcrumbList\",\"@id\":\"https:\/\/www.pullmanparismontparnasse.com\/fr\/reunions-evenements\/ballroom\/#breadcrumb\",\"itemListElement\":[{\"@type\":\"ListItem\",\"position\":1,\"name\":\"Home\",\"item\":\"https:\/\/www.pullmanparismontparnasse.com\/fr\/\"},{\"@type\":\"ListItem\",\"position\":2,\"name\":\"R\u00e9unions + \u00c9v\u00e9nements\",\"item\":\"https:\/\/www.pullmanparismontparnasse.com\/fr\/reunions-evenements\/\"},{\"@type\":\"ListItem\",\"position\":3,\"name\":\"Grand Ballroom\"}]},{\"@type\":\"WebSite\",\"@id\":\"https:\/\/www.pullmanparismontparnasse.com\/#website\",\"url\":\"https:\/\/www.pullmanparismontparnasse.com\/\",\"name\":\"Pullman Montparnasse\",\"description\":\"\",\"potentialAction\":[{\"@type\":\"SearchAction\",\"target\":{\"@type\":\"EntryPoint\",\"urlTemplate\":\"https:\/\/www.pullmanparismontparnasse.com\/?s={search_term_string}\"},\"query-input\":{\"@type\":\"PropertyValueSpecification\",\"valueRequired\":true,\"valueName\":\"search_term_string\"}}],\"inLanguage\":\"fr-FR\"}]}<\/script>\n<!-- \/ Yoast SEO plugin. -->","yoast_head_json":{"title":"Salle de r\u00e9ception Ballroom | Pullman Paris Montparnasse","description":"D'une superficie de 742 m\u00b2, notre salle de r\u00e9ception \u00e0 Paris se module au gr\u00e9 de vos \u00e9v\u00e9nements, conf\u00e9rences, d\u00eeners, mariages et performances artistiques.","robots":{"index":"index","follow":"follow","max-snippet":"max-snippet:-1","max-image-preview":"max-image-preview:large","max-video-preview":"max-video-preview:-1"},"canonical":"https:\/\/www.pullmanparismontparnasse.com\/fr\/reunions-evenements\/ballroom\/","og_locale":"fr_FR","og_type":"article","og_title":"Salle de r\u00e9ception Ballroom | Pullman Paris Montparnasse","og_description":"D'une superficie de 742 m\u00b2, notre salle de r\u00e9ception \u00e0 Paris se module au gr\u00e9 de vos \u00e9v\u00e9nements, conf\u00e9rences, d\u00eeners, mariages et performances artistiques.","og_url":"https:\/\/www.pullmanparismontparnasse.com\/fr\/reunions-evenements\/ballroom\/","og_site_name":"Pullman Montparnasse","article_modified_time":"2025-08-12T09:29:38+00:00","twitter_card":"summary_large_image","twitter_misc":{"Dur\u00e9e de lecture est.":"1 minute"},"schema":{"@context":"https:\/\/schema.org","@graph":[{"@type":"WebPage","@id":"https:\/\/www.pullmanparismontparnasse.com\/fr\/reunions-evenements\/ballroom\/","url":"https:\/\/www.pullmanparismontparnasse.com\/fr\/reunions-evenements\/ballroom\/","name":"Salle de r\u00e9ception Ballroom | Pullman Paris Montparnasse","isPartOf":{"@id":"https:\/\/www.pullmanparismontparnasse.com\/#website"},"datePublished":"2025-02-20T12:37:25+00:00","dateModified":"2025-08-12T09:29:38+00:00","description":"D'une superficie de 742 m\u00b2, notre salle de r\u00e9ception \u00e0 Paris se module au gr\u00e9 de vos \u00e9v\u00e9nements, conf\u00e9rences, d\u00eeners, mariages et performances artistiques.","breadcrumb":{"@id":"https:\/\/www.pullmanparismontparnasse.com\/fr\/reunions-evenements\/ballroom\/#breadcrumb"},"inLanguage":"fr-FR","potentialAction":[{"@type":"ReadAction","target":["https:\/\/www.pullmanparismontparnasse.com\/fr\/reunions-evenements\/ballroom\/"]}]},{"@type":"BreadcrumbList","@id":"https:\/\/www.pullmanparismontparnasse.com\/fr\/reunions-evenements\/ballroom\/#breadcrumb","itemListElement":[{"@type":"ListItem","position":1,"name":"Home","item":"https:\/\/www.pullmanparismontparnasse.com\/fr\/"},{"@type":"ListItem","position":2,"name":"R\u00e9unions + \u00c9v\u00e9nements","item":"https:\/\/www.pullmanparismontparnasse.com\/fr\/reunions-evenements\/"},{"@type":"ListItem","position":3,"name":"Grand Ballroom"}]},{"@type":"WebSite","@id":"https:\/\/www.pullmanparismontparnasse.com\/#website","url":"https:\/\/www.pullmanparismontparnasse.com\/","name":"Pullman Montparnasse","description":"","potentialAction":[{"@type":"SearchAction","target":{"@type":"EntryPoint","urlTemplate":"https:\/\/www.pullmanparismontparnasse.com\/?s={search_term_string}"},"query-input":{"@type":"PropertyValueSpecification","valueRequired":true,"valueName":"search_term_string"}}],"inLanguage":"fr-FR"}]}},"_links":{"self":[{"href":"https:\/\/www.pullmanparismontparnasse.com\/fr\/wp-json\/wp\/v2\/pages\/432","targetHints":{"allow":["GET"]}}],"collection":[{"href":"https:\/\/www.pullmanparismontparnasse.com\/fr\/wp-json\/wp\/v2\/pages"}],"about":[{"href":"https:\/\/www.pullmanparismontparnasse.com\/fr\/wp-json\/wp\/v2\/types\/page"}],"author":[{"embeddable":true,"href":"https:\/\/www.pullmanparismontparnasse.com\/fr\/wp-json\/wp\/v2\/users\/264"}],"replies":[{"embeddable":true,"href":"https:\/\/www.pullmanparismontparnasse.com\/fr\/wp-json\/wp\/v2\/comments?post=432"}],"version-history":[{"count":0,"href":"https:\/\/www.pullmanparismontparnasse.com\/fr\/wp-json\/wp\/v2\/pages\/432\/revisions"}],"up":[{"embeddable":true,"href":"https:\/\/www.pullmanparismontparnasse.com\/fr\/wp-json\/wp\/v2\/pages\/425"}],"wp:attachment":[{"href":"https:\/\/www.pullmanparismontparnasse.com\/fr\/wp-json\/wp\/v2\/media?parent=432"}],"wp:term":[{"taxonomy":"category","embeddable":true,"href":"https:\/\/www.pullmanparismontparnasse.com\/fr\/wp-json\/wp\/v2\/categories?post=432"}],"curies":[{"name":"wp","href":"https:\/\/api.w.org\/{rel}","templated":true}]}}