{"id":422,"date":"2025-02-20T11:16:23","date_gmt":"2025-02-20T11:16:23","guid":{"rendered":"https:\/\/pullman-montparnasse.accorv2prod.decms.eu\/fitness-bien-etre\/running\/"},"modified":"2025-03-21T16:12:53","modified_gmt":"2025-03-21T16:12:53","slug":"running","status":"publish","type":"page","link":"https:\/\/www.pullmanparismontparnasse.com\/fr\/fitness-bien-etre\/running\/","title":{"rendered":"Running"},"content":{"rendered":"<p>Vous ne savez pas o\u00f9 courir \u00e0 Paris 14 ? Tout autour de notre h\u00f4tel Pullman Paris Montparnasse, appr\u00e9ciez des runs alternant parcs et zones urbaines. Voici les meilleurs endroits pour courir \u00e0 Montparnasse et leur distance depuis l&rsquo;h\u00f4tel :<\/p>\n<ul>\n<li>Jardin Atlantique (600 m)<\/li>\n<li>Cimeti\u00e8re du Montparnasse (900 m)<\/li>\n<li>Jardin du Luxembourg (1,6 km)<\/li>\n<li>Champ de Mars (2,5 km)<\/li>\n<li>Parc Montsouris (2,6 km)<\/li>\n<\/ul>\n","protected":false},"excerpt":{"rendered":"<p>Vous ne savez pas o\u00f9 courir \u00e0 Paris 14 ? Tout autour de notre h\u00f4tel Pullman Paris Montparnasse, appr\u00e9ciez des runs alternant parcs et zones urbaines. Voici les meilleurs endroits pour courir \u00e0 Montparnasse et leur distance depuis l&rsquo;h\u00f4tel : Jardin Atlantique (600 m) Cimeti\u00e8re du Montparnasse (900 m) Jardin du Luxembourg (1,6 km) Champ [&hellip;]<\/p>\n","protected":false},"author":264,"featured_media":0,"parent":411,"menu_order":0,"comment_status":"closed","ping_status":"closed","template":"template-spa.php","meta":{"footnotes":""},"categories":[],"class_list":["post-422","page","type-page","status-publish","hentry"],"acf":[],"yoast_head":"<!-- This site is optimized with the Yoast SEO plugin v26.9 - https:\/\/yoast.com\/product\/yoast-seo-wordpress\/ -->\n<title>Running - Pullman Montparnasse<\/title>\n<meta name=\"robots\" content=\"index, follow, max-snippet:-1, max-image-preview:large, max-video-preview:-1\" \/>\n<link rel=\"canonical\" href=\"https:\/\/www.pullmanparismontparnasse.com\/fr\/fitness-bien-etre\/running\/\" \/>\n<meta property=\"og:locale\" content=\"fr_FR\" \/>\n<meta property=\"og:type\" content=\"article\" \/>\n<meta property=\"og:title\" content=\"Running - Pullman Montparnasse\" \/>\n<meta property=\"og:description\" content=\"Vous ne savez pas o\u00f9 courir \u00e0 Paris 14 ? Tout autour de notre h\u00f4tel Pullman Paris Montparnasse, appr\u00e9ciez des runs alternant parcs et zones urbaines. Voici les meilleurs endroits pour courir \u00e0 Montparnasse et leur distance depuis l&rsquo;h\u00f4tel : Jardin Atlantique (600 m) Cimeti\u00e8re du Montparnasse (900 m) Jardin du Luxembourg (1,6 km) Champ [&hellip;]\" \/>\n<meta property=\"og:url\" content=\"https:\/\/www.pullmanparismontparnasse.com\/fr\/fitness-bien-etre\/running\/\" \/>\n<meta property=\"og:site_name\" content=\"Pullman Montparnasse\" \/>\n<meta property=\"article:modified_time\" content=\"2025-03-21T16:12:53+00:00\" \/>\n<meta name=\"twitter:card\" content=\"summary_large_image\" \/>\n<meta name=\"twitter:label1\" content=\"Dur\u00e9e de lecture est.\" \/>\n\t<meta name=\"twitter:data1\" content=\"1 minute\" \/>\n<script type=\"application\/ld+json\" class=\"yoast-schema-graph\">{\"@context\":\"https:\/\/schema.org\",\"@graph\":[{\"@type\":\"WebPage\",\"@id\":\"https:\/\/www.pullmanparismontparnasse.com\/fr\/fitness-bien-etre\/running\/\",\"url\":\"https:\/\/www.pullmanparismontparnasse.com\/fr\/fitness-bien-etre\/running\/\",\"name\":\"Running - Pullman Montparnasse\",\"isPartOf\":{\"@id\":\"https:\/\/www.pullmanparismontparnasse.com\/#website\"},\"datePublished\":\"2025-02-20T11:16:23+00:00\",\"dateModified\":\"2025-03-21T16:12:53+00:00\",\"breadcrumb\":{\"@id\":\"https:\/\/www.pullmanparismontparnasse.com\/fr\/fitness-bien-etre\/running\/#breadcrumb\"},\"inLanguage\":\"fr-FR\",\"potentialAction\":[{\"@type\":\"ReadAction\",\"target\":[\"https:\/\/www.pullmanparismontparnasse.com\/fr\/fitness-bien-etre\/running\/\"]}]},{\"@type\":\"BreadcrumbList\",\"@id\":\"https:\/\/www.pullmanparismontparnasse.com\/fr\/fitness-bien-etre\/running\/#breadcrumb\",\"itemListElement\":[{\"@type\":\"ListItem\",\"position\":1,\"name\":\"Home\",\"item\":\"https:\/\/www.pullmanparismontparnasse.com\/fr\/\"},{\"@type\":\"ListItem\",\"position\":2,\"name\":\"Fitness + Bien-\u00eatre\",\"item\":\"https:\/\/www.pullmanparismontparnasse.com\/fr\/fitness-bien-etre\/\"},{\"@type\":\"ListItem\",\"position\":3,\"name\":\"Running\"}]},{\"@type\":\"WebSite\",\"@id\":\"https:\/\/www.pullmanparismontparnasse.com\/#website\",\"url\":\"https:\/\/www.pullmanparismontparnasse.com\/\",\"name\":\"Pullman Montparnasse\",\"description\":\"\",\"potentialAction\":[{\"@type\":\"SearchAction\",\"target\":{\"@type\":\"EntryPoint\",\"urlTemplate\":\"https:\/\/www.pullmanparismontparnasse.com\/?s={search_term_string}\"},\"query-input\":{\"@type\":\"PropertyValueSpecification\",\"valueRequired\":true,\"valueName\":\"search_term_string\"}}],\"inLanguage\":\"fr-FR\"}]}<\/script>\n<!-- \/ Yoast SEO plugin. -->","yoast_head_json":{"title":"Running - Pullman Montparnasse","robots":{"index":"index","follow":"follow","max-snippet":"max-snippet:-1","max-image-preview":"max-image-preview:large","max-video-preview":"max-video-preview:-1"},"canonical":"https:\/\/www.pullmanparismontparnasse.com\/fr\/fitness-bien-etre\/running\/","og_locale":"fr_FR","og_type":"article","og_title":"Running - Pullman Montparnasse","og_description":"Vous ne savez pas o\u00f9 courir \u00e0 Paris 14 ? Tout autour de notre h\u00f4tel Pullman Paris Montparnasse, appr\u00e9ciez des runs alternant parcs et zones urbaines. Voici les meilleurs endroits pour courir \u00e0 Montparnasse et leur distance depuis l&rsquo;h\u00f4tel : Jardin Atlantique (600 m) Cimeti\u00e8re du Montparnasse (900 m) Jardin du Luxembourg (1,6 km) Champ [&hellip;]","og_url":"https:\/\/www.pullmanparismontparnasse.com\/fr\/fitness-bien-etre\/running\/","og_site_name":"Pullman Montparnasse","article_modified_time":"2025-03-21T16:12:53+00:00","twitter_card":"summary_large_image","twitter_misc":{"Dur\u00e9e de lecture est.":"1 minute"},"schema":{"@context":"https:\/\/schema.org","@graph":[{"@type":"WebPage","@id":"https:\/\/www.pullmanparismontparnasse.com\/fr\/fitness-bien-etre\/running\/","url":"https:\/\/www.pullmanparismontparnasse.com\/fr\/fitness-bien-etre\/running\/","name":"Running - Pullman Montparnasse","isPartOf":{"@id":"https:\/\/www.pullmanparismontparnasse.com\/#website"},"datePublished":"2025-02-20T11:16:23+00:00","dateModified":"2025-03-21T16:12:53+00:00","breadcrumb":{"@id":"https:\/\/www.pullmanparismontparnasse.com\/fr\/fitness-bien-etre\/running\/#breadcrumb"},"inLanguage":"fr-FR","potentialAction":[{"@type":"ReadAction","target":["https:\/\/www.pullmanparismontparnasse.com\/fr\/fitness-bien-etre\/running\/"]}]},{"@type":"BreadcrumbList","@id":"https:\/\/www.pullmanparismontparnasse.com\/fr\/fitness-bien-etre\/running\/#breadcrumb","itemListElement":[{"@type":"ListItem","position":1,"name":"Home","item":"https:\/\/www.pullmanparismontparnasse.com\/fr\/"},{"@type":"ListItem","position":2,"name":"Fitness + Bien-\u00eatre","item":"https:\/\/www.pullmanparismontparnasse.com\/fr\/fitness-bien-etre\/"},{"@type":"ListItem","position":3,"name":"Running"}]},{"@type":"WebSite","@id":"https:\/\/www.pullmanparismontparnasse.com\/#website","url":"https:\/\/www.pullmanparismontparnasse.com\/","name":"Pullman Montparnasse","description":"","potentialAction":[{"@type":"SearchAction","target":{"@type":"EntryPoint","urlTemplate":"https:\/\/www.pullmanparismontparnasse.com\/?s={search_term_string}"},"query-input":{"@type":"PropertyValueSpecification","valueRequired":true,"valueName":"search_term_string"}}],"inLanguage":"fr-FR"}]}},"_links":{"self":[{"href":"https:\/\/www.pullmanparismontparnasse.com\/fr\/wp-json\/wp\/v2\/pages\/422","targetHints":{"allow":["GET"]}}],"collection":[{"href":"https:\/\/www.pullmanparismontparnasse.com\/fr\/wp-json\/wp\/v2\/pages"}],"about":[{"href":"https:\/\/www.pullmanparismontparnasse.com\/fr\/wp-json\/wp\/v2\/types\/page"}],"author":[{"embeddable":true,"href":"https:\/\/www.pullmanparismontparnasse.com\/fr\/wp-json\/wp\/v2\/users\/264"}],"replies":[{"embeddable":true,"href":"https:\/\/www.pullmanparismontparnasse.com\/fr\/wp-json\/wp\/v2\/comments?post=422"}],"version-history":[{"count":0,"href":"https:\/\/www.pullmanparismontparnasse.com\/fr\/wp-json\/wp\/v2\/pages\/422\/revisions"}],"up":[{"embeddable":true,"href":"https:\/\/www.pullmanparismontparnasse.com\/fr\/wp-json\/wp\/v2\/pages\/411"}],"wp:attachment":[{"href":"https:\/\/www.pullmanparismontparnasse.com\/fr\/wp-json\/wp\/v2\/media?parent=422"}],"wp:term":[{"taxonomy":"category","embeddable":true,"href":"https:\/\/www.pullmanparismontparnasse.com\/fr\/wp-json\/wp\/v2\/categories?post=422"}],"curies":[{"name":"wp","href":"https:\/\/api.w.org\/{rel}","templated":true}]}}