{"id":417,"date":"2025-02-20T11:04:42","date_gmt":"2025-02-20T11:04:42","guid":{"rendered":"https:\/\/pullman-montparnasse.accorv2prod.decms.eu\/fitness-bien-etre\/power-fitness\/"},"modified":"2025-08-06T14:36:08","modified_gmt":"2025-08-06T14:36:08","slug":"power-fitness","status":"publish","type":"page","link":"https:\/\/www.pullmanparismontparnasse.com\/fr\/fitness-bien-etre\/power-fitness\/","title":{"rendered":"Power Fitness"},"content":{"rendered":"<p>\u00ab\u00a0Synchronisez votre routine bien-\u00eatre avec vos habitudes de voyage. Notre h\u00f4tel \u00e0 Paris propose une salle de sport adapt\u00e9e aux professionnels et aux amateurs. Une session intense ou une s\u00e9ance de r\u00e9cup\u00e9ration ? Trouvez votre bonheur dans notre studio Power Fitness.<\/p>\n<p>En partenariat avec la marque de fitness Les Mills, notre salle de sport priv\u00e9e \u00e0 Montparnasse s&rsquo;\u00e9tend sur 200 m\u00b2. Ouverte 24h\/24 et dot\u00e9e d&rsquo;\u00e9quipements \u00e0 la pointe de la technologie, notre espace d&rsquo;innovation sportive se divise en diff\u00e9rentes sections selon le type d&rsquo;exercice. Boostez votre cardio, r\u00e9veillez vos muscles ou \u00e9tirez-vous en douceur. Suivez votre rythme. \u00ab\u00a0<\/p>\n","protected":false},"excerpt":{"rendered":"<p>\u00ab\u00a0Synchronisez votre routine bien-\u00eatre avec vos habitudes de voyage. Notre h\u00f4tel \u00e0 Paris propose une salle de sport adapt\u00e9e aux professionnels et aux amateurs. Une session intense ou une s\u00e9ance de r\u00e9cup\u00e9ration ? Trouvez votre bonheur dans notre studio Power Fitness. En partenariat avec la marque de fitness Les Mills, notre salle de sport priv\u00e9e [&hellip;]<\/p>\n","protected":false},"author":264,"featured_media":0,"parent":411,"menu_order":0,"comment_status":"closed","ping_status":"closed","template":"template-spa.php","meta":{"footnotes":""},"categories":[],"class_list":["post-417","page","type-page","status-publish","hentry"],"acf":[],"yoast_head":"<!-- This site is optimized with the Yoast SEO plugin v26.9 - https:\/\/yoast.com\/product\/yoast-seo-wordpress\/ -->\n<title>Power Fitness | Salle de sport 14e | Pullman Paris Montparnasse<\/title>\n<meta name=\"description\" content=\"La salle de sport Power Fitness, dans notre h\u00f4tel du 14e arrondissement de Paris, vous accueille pour vos exercices de cardio, musculation et stretching.\" \/>\n<meta name=\"robots\" content=\"index, follow, max-snippet:-1, max-image-preview:large, max-video-preview:-1\" \/>\n<link rel=\"canonical\" href=\"https:\/\/www.pullmanparismontparnasse.com\/fr\/fitness-bien-etre\/power-fitness\/\" \/>\n<meta property=\"og:locale\" content=\"fr_FR\" \/>\n<meta property=\"og:type\" content=\"article\" \/>\n<meta property=\"og:title\" content=\"Power Fitness | Salle de sport 14e | Pullman Paris Montparnasse\" \/>\n<meta property=\"og:description\" content=\"La salle de sport Power Fitness, dans notre h\u00f4tel du 14e arrondissement de Paris, vous accueille pour vos exercices de cardio, musculation et stretching.\" \/>\n<meta property=\"og:url\" content=\"https:\/\/www.pullmanparismontparnasse.com\/fr\/fitness-bien-etre\/power-fitness\/\" \/>\n<meta property=\"og:site_name\" content=\"Pullman Montparnasse\" \/>\n<meta property=\"article:modified_time\" content=\"2025-08-06T14:36:08+00:00\" \/>\n<meta name=\"twitter:card\" content=\"summary_large_image\" \/>\n<meta name=\"twitter:label1\" content=\"Dur\u00e9e de lecture est.\" \/>\n\t<meta name=\"twitter:data1\" content=\"1 minute\" \/>\n<script type=\"application\/ld+json\" class=\"yoast-schema-graph\">{\"@context\":\"https:\/\/schema.org\",\"@graph\":[{\"@type\":\"WebPage\",\"@id\":\"https:\/\/www.pullmanparismontparnasse.com\/fr\/fitness-bien-etre\/power-fitness\/\",\"url\":\"https:\/\/www.pullmanparismontparnasse.com\/fr\/fitness-bien-etre\/power-fitness\/\",\"name\":\"Power Fitness | Salle de sport 14e | Pullman Paris Montparnasse\",\"isPartOf\":{\"@id\":\"https:\/\/www.pullmanparismontparnasse.com\/#website\"},\"datePublished\":\"2025-02-20T11:04:42+00:00\",\"dateModified\":\"2025-08-06T14:36:08+00:00\",\"description\":\"La salle de sport Power Fitness, dans notre h\u00f4tel du 14e arrondissement de Paris, vous accueille pour vos exercices de cardio, musculation et stretching.\",\"breadcrumb\":{\"@id\":\"https:\/\/www.pullmanparismontparnasse.com\/fr\/fitness-bien-etre\/power-fitness\/#breadcrumb\"},\"inLanguage\":\"fr-FR\",\"potentialAction\":[{\"@type\":\"ReadAction\",\"target\":[\"https:\/\/www.pullmanparismontparnasse.com\/fr\/fitness-bien-etre\/power-fitness\/\"]}]},{\"@type\":\"BreadcrumbList\",\"@id\":\"https:\/\/www.pullmanparismontparnasse.com\/fr\/fitness-bien-etre\/power-fitness\/#breadcrumb\",\"itemListElement\":[{\"@type\":\"ListItem\",\"position\":1,\"name\":\"Home\",\"item\":\"https:\/\/www.pullmanparismontparnasse.com\/fr\/\"},{\"@type\":\"ListItem\",\"position\":2,\"name\":\"Fitness + Bien-\u00eatre\",\"item\":\"https:\/\/www.pullmanparismontparnasse.com\/fr\/fitness-bien-etre\/\"},{\"@type\":\"ListItem\",\"position\":3,\"name\":\"Power Fitness\"}]},{\"@type\":\"WebSite\",\"@id\":\"https:\/\/www.pullmanparismontparnasse.com\/#website\",\"url\":\"https:\/\/www.pullmanparismontparnasse.com\/\",\"name\":\"Pullman Montparnasse\",\"description\":\"\",\"potentialAction\":[{\"@type\":\"SearchAction\",\"target\":{\"@type\":\"EntryPoint\",\"urlTemplate\":\"https:\/\/www.pullmanparismontparnasse.com\/?s={search_term_string}\"},\"query-input\":{\"@type\":\"PropertyValueSpecification\",\"valueRequired\":true,\"valueName\":\"search_term_string\"}}],\"inLanguage\":\"fr-FR\"}]}<\/script>\n<!-- \/ Yoast SEO plugin. -->","yoast_head_json":{"title":"Power Fitness | Salle de sport 14e | Pullman Paris Montparnasse","description":"La salle de sport Power Fitness, dans notre h\u00f4tel du 14e arrondissement de Paris, vous accueille pour vos exercices de cardio, musculation et stretching.","robots":{"index":"index","follow":"follow","max-snippet":"max-snippet:-1","max-image-preview":"max-image-preview:large","max-video-preview":"max-video-preview:-1"},"canonical":"https:\/\/www.pullmanparismontparnasse.com\/fr\/fitness-bien-etre\/power-fitness\/","og_locale":"fr_FR","og_type":"article","og_title":"Power Fitness | Salle de sport 14e | Pullman Paris Montparnasse","og_description":"La salle de sport Power Fitness, dans notre h\u00f4tel du 14e arrondissement de Paris, vous accueille pour vos exercices de cardio, musculation et stretching.","og_url":"https:\/\/www.pullmanparismontparnasse.com\/fr\/fitness-bien-etre\/power-fitness\/","og_site_name":"Pullman Montparnasse","article_modified_time":"2025-08-06T14:36:08+00:00","twitter_card":"summary_large_image","twitter_misc":{"Dur\u00e9e de lecture est.":"1 minute"},"schema":{"@context":"https:\/\/schema.org","@graph":[{"@type":"WebPage","@id":"https:\/\/www.pullmanparismontparnasse.com\/fr\/fitness-bien-etre\/power-fitness\/","url":"https:\/\/www.pullmanparismontparnasse.com\/fr\/fitness-bien-etre\/power-fitness\/","name":"Power Fitness | Salle de sport 14e | Pullman Paris Montparnasse","isPartOf":{"@id":"https:\/\/www.pullmanparismontparnasse.com\/#website"},"datePublished":"2025-02-20T11:04:42+00:00","dateModified":"2025-08-06T14:36:08+00:00","description":"La salle de sport Power Fitness, dans notre h\u00f4tel du 14e arrondissement de Paris, vous accueille pour vos exercices de cardio, musculation et stretching.","breadcrumb":{"@id":"https:\/\/www.pullmanparismontparnasse.com\/fr\/fitness-bien-etre\/power-fitness\/#breadcrumb"},"inLanguage":"fr-FR","potentialAction":[{"@type":"ReadAction","target":["https:\/\/www.pullmanparismontparnasse.com\/fr\/fitness-bien-etre\/power-fitness\/"]}]},{"@type":"BreadcrumbList","@id":"https:\/\/www.pullmanparismontparnasse.com\/fr\/fitness-bien-etre\/power-fitness\/#breadcrumb","itemListElement":[{"@type":"ListItem","position":1,"name":"Home","item":"https:\/\/www.pullmanparismontparnasse.com\/fr\/"},{"@type":"ListItem","position":2,"name":"Fitness + Bien-\u00eatre","item":"https:\/\/www.pullmanparismontparnasse.com\/fr\/fitness-bien-etre\/"},{"@type":"ListItem","position":3,"name":"Power Fitness"}]},{"@type":"WebSite","@id":"https:\/\/www.pullmanparismontparnasse.com\/#website","url":"https:\/\/www.pullmanparismontparnasse.com\/","name":"Pullman Montparnasse","description":"","potentialAction":[{"@type":"SearchAction","target":{"@type":"EntryPoint","urlTemplate":"https:\/\/www.pullmanparismontparnasse.com\/?s={search_term_string}"},"query-input":{"@type":"PropertyValueSpecification","valueRequired":true,"valueName":"search_term_string"}}],"inLanguage":"fr-FR"}]}},"_links":{"self":[{"href":"https:\/\/www.pullmanparismontparnasse.com\/fr\/wp-json\/wp\/v2\/pages\/417","targetHints":{"allow":["GET"]}}],"collection":[{"href":"https:\/\/www.pullmanparismontparnasse.com\/fr\/wp-json\/wp\/v2\/pages"}],"about":[{"href":"https:\/\/www.pullmanparismontparnasse.com\/fr\/wp-json\/wp\/v2\/types\/page"}],"author":[{"embeddable":true,"href":"https:\/\/www.pullmanparismontparnasse.com\/fr\/wp-json\/wp\/v2\/users\/264"}],"replies":[{"embeddable":true,"href":"https:\/\/www.pullmanparismontparnasse.com\/fr\/wp-json\/wp\/v2\/comments?post=417"}],"version-history":[{"count":0,"href":"https:\/\/www.pullmanparismontparnasse.com\/fr\/wp-json\/wp\/v2\/pages\/417\/revisions"}],"up":[{"embeddable":true,"href":"https:\/\/www.pullmanparismontparnasse.com\/fr\/wp-json\/wp\/v2\/pages\/411"}],"wp:attachment":[{"href":"https:\/\/www.pullmanparismontparnasse.com\/fr\/wp-json\/wp\/v2\/media?parent=417"}],"wp:term":[{"taxonomy":"category","embeddable":true,"href":"https:\/\/www.pullmanparismontparnasse.com\/fr\/wp-json\/wp\/v2\/categories?post=417"}],"curies":[{"name":"wp","href":"https:\/\/api.w.org\/{rel}","templated":true}]}}