{"id":411,"date":"2025-02-20T10:47:59","date_gmt":"2025-02-20T10:47:59","guid":{"rendered":"https:\/\/pullman-montparnasse.accorv2prod.decms.eu\/fitness-wellness\/"},"modified":"2025-10-21T09:06:36","modified_gmt":"2025-10-21T09:06:36","slug":"fitness-bien-etre","status":"publish","type":"page","link":"https:\/\/www.pullmanparismontparnasse.com\/fr\/fitness-bien-etre\/","title":{"rendered":"Fitness + Bien-\u00eatre"},"content":{"rendered":"<p>Au Pullman Paris Montparnasse, continuez vos entrainements sportifs et restez en forme.<\/p>\n<p>R\u00e9v\u00e9lez votre potentiel. Notre salle Power Fitness de 200 m\u00b2 a \u00e9t\u00e9 pens\u00e9e pour vous permettre de progresser \u00e0 votre rythme. Cet espace bien-\u00eatre \u00e0 Paris 14 vous donne acc\u00e8s \u00e0 un \u00e9quipement ultra moderne, en partenariat avec la marque de fitness Les Mills. Vous pouvez aussi participer \u00e0 des cours collectifs avec un coach sportif. Ouverte 24h\/24 et 7j\/7, notre salle de sport premium \u00e0 Montparnasse vous accueille d\u00e8s que vous en avez envie et aussi longtemps que vous en avez envie.<\/p>\n","protected":false},"excerpt":{"rendered":"<p>Au Pullman Paris Montparnasse, continuez vos entrainements sportifs et restez en forme. R\u00e9v\u00e9lez votre potentiel. Notre salle Power Fitness de 200 m\u00b2 a \u00e9t\u00e9 pens\u00e9e pour vous permettre de progresser \u00e0 votre rythme. Cet espace bien-\u00eatre \u00e0 Paris 14 vous donne acc\u00e8s \u00e0 un \u00e9quipement ultra moderne, en partenariat avec la marque de fitness Les [&hellip;]<\/p>\n","protected":false},"author":264,"featured_media":0,"parent":0,"menu_order":0,"comment_status":"closed","ping_status":"closed","template":"template-spa.php","meta":{"footnotes":""},"categories":[],"class_list":["post-411","page","type-page","status-publish","hentry"],"acf":[],"yoast_head":"<!-- This site is optimized with the Yoast SEO plugin v26.9 - https:\/\/yoast.com\/product\/yoast-seo-wordpress\/ -->\n<title>Fitness | Salle de sport \u00e0 Paris 14 | Pullman Paris Montparnasse<\/title>\n<meta name=\"description\" content=\"Acc\u00e9dez jour et nuit \u00e0 notre salle de sport premium \u00e0 Paris Montparnasse. Sur demande, \u00e9quipements de fitness en chambre et conseils pour courir \u00e0 Paris.\" \/>\n<meta name=\"robots\" content=\"index, follow, max-snippet:-1, max-image-preview:large, max-video-preview:-1\" \/>\n<link rel=\"canonical\" href=\"https:\/\/www.pullmanparismontparnasse.com\/fr\/fitness-bien-etre\/\" \/>\n<meta property=\"og:locale\" content=\"fr_FR\" \/>\n<meta property=\"og:type\" content=\"article\" \/>\n<meta property=\"og:title\" content=\"Fitness | Salle de sport \u00e0 Paris 14 | Pullman Paris Montparnasse\" \/>\n<meta property=\"og:description\" content=\"Acc\u00e9dez jour et nuit \u00e0 notre salle de sport premium \u00e0 Paris Montparnasse. Sur demande, \u00e9quipements de fitness en chambre et conseils pour courir \u00e0 Paris.\" \/>\n<meta property=\"og:url\" content=\"https:\/\/www.pullmanparismontparnasse.com\/fr\/fitness-bien-etre\/\" \/>\n<meta property=\"og:site_name\" content=\"Pullman Montparnasse\" \/>\n<meta property=\"article:modified_time\" content=\"2025-10-21T09:06:36+00:00\" \/>\n<meta name=\"twitter:card\" content=\"summary_large_image\" \/>\n<meta name=\"twitter:label1\" content=\"Dur\u00e9e de lecture est.\" \/>\n\t<meta name=\"twitter:data1\" content=\"1 minute\" \/>\n<script type=\"application\/ld+json\" class=\"yoast-schema-graph\">{\"@context\":\"https:\/\/schema.org\",\"@graph\":[{\"@type\":\"WebPage\",\"@id\":\"https:\/\/www.pullmanparismontparnasse.com\/fr\/fitness-bien-etre\/\",\"url\":\"https:\/\/www.pullmanparismontparnasse.com\/fr\/fitness-bien-etre\/\",\"name\":\"Fitness | Salle de sport \u00e0 Paris 14 | Pullman Paris Montparnasse\",\"isPartOf\":{\"@id\":\"https:\/\/www.pullmanparismontparnasse.com\/#website\"},\"datePublished\":\"2025-02-20T10:47:59+00:00\",\"dateModified\":\"2025-10-21T09:06:36+00:00\",\"description\":\"Acc\u00e9dez jour et nuit \u00e0 notre salle de sport premium \u00e0 Paris Montparnasse. Sur demande, \u00e9quipements de fitness en chambre et conseils pour courir \u00e0 Paris.\",\"breadcrumb\":{\"@id\":\"https:\/\/www.pullmanparismontparnasse.com\/fr\/fitness-bien-etre\/#breadcrumb\"},\"inLanguage\":\"fr-FR\",\"potentialAction\":[{\"@type\":\"ReadAction\",\"target\":[\"https:\/\/www.pullmanparismontparnasse.com\/fr\/fitness-bien-etre\/\"]}]},{\"@type\":\"BreadcrumbList\",\"@id\":\"https:\/\/www.pullmanparismontparnasse.com\/fr\/fitness-bien-etre\/#breadcrumb\",\"itemListElement\":[{\"@type\":\"ListItem\",\"position\":1,\"name\":\"Home\",\"item\":\"https:\/\/www.pullmanparismontparnasse.com\/fr\/\"},{\"@type\":\"ListItem\",\"position\":2,\"name\":\"Fitness + Bien-\u00eatre\"}]},{\"@type\":\"WebSite\",\"@id\":\"https:\/\/www.pullmanparismontparnasse.com\/#website\",\"url\":\"https:\/\/www.pullmanparismontparnasse.com\/\",\"name\":\"Pullman Montparnasse\",\"description\":\"\",\"potentialAction\":[{\"@type\":\"SearchAction\",\"target\":{\"@type\":\"EntryPoint\",\"urlTemplate\":\"https:\/\/www.pullmanparismontparnasse.com\/?s={search_term_string}\"},\"query-input\":{\"@type\":\"PropertyValueSpecification\",\"valueRequired\":true,\"valueName\":\"search_term_string\"}}],\"inLanguage\":\"fr-FR\"}]}<\/script>\n<!-- \/ Yoast SEO plugin. -->","yoast_head_json":{"title":"Fitness | Salle de sport \u00e0 Paris 14 | Pullman Paris Montparnasse","description":"Acc\u00e9dez jour et nuit \u00e0 notre salle de sport premium \u00e0 Paris Montparnasse. Sur demande, \u00e9quipements de fitness en chambre et conseils pour courir \u00e0 Paris.","robots":{"index":"index","follow":"follow","max-snippet":"max-snippet:-1","max-image-preview":"max-image-preview:large","max-video-preview":"max-video-preview:-1"},"canonical":"https:\/\/www.pullmanparismontparnasse.com\/fr\/fitness-bien-etre\/","og_locale":"fr_FR","og_type":"article","og_title":"Fitness | Salle de sport \u00e0 Paris 14 | Pullman Paris Montparnasse","og_description":"Acc\u00e9dez jour et nuit \u00e0 notre salle de sport premium \u00e0 Paris Montparnasse. Sur demande, \u00e9quipements de fitness en chambre et conseils pour courir \u00e0 Paris.","og_url":"https:\/\/www.pullmanparismontparnasse.com\/fr\/fitness-bien-etre\/","og_site_name":"Pullman Montparnasse","article_modified_time":"2025-10-21T09:06:36+00:00","twitter_card":"summary_large_image","twitter_misc":{"Dur\u00e9e de lecture est.":"1 minute"},"schema":{"@context":"https:\/\/schema.org","@graph":[{"@type":"WebPage","@id":"https:\/\/www.pullmanparismontparnasse.com\/fr\/fitness-bien-etre\/","url":"https:\/\/www.pullmanparismontparnasse.com\/fr\/fitness-bien-etre\/","name":"Fitness | Salle de sport \u00e0 Paris 14 | Pullman Paris Montparnasse","isPartOf":{"@id":"https:\/\/www.pullmanparismontparnasse.com\/#website"},"datePublished":"2025-02-20T10:47:59+00:00","dateModified":"2025-10-21T09:06:36+00:00","description":"Acc\u00e9dez jour et nuit \u00e0 notre salle de sport premium \u00e0 Paris Montparnasse. Sur demande, \u00e9quipements de fitness en chambre et conseils pour courir \u00e0 Paris.","breadcrumb":{"@id":"https:\/\/www.pullmanparismontparnasse.com\/fr\/fitness-bien-etre\/#breadcrumb"},"inLanguage":"fr-FR","potentialAction":[{"@type":"ReadAction","target":["https:\/\/www.pullmanparismontparnasse.com\/fr\/fitness-bien-etre\/"]}]},{"@type":"BreadcrumbList","@id":"https:\/\/www.pullmanparismontparnasse.com\/fr\/fitness-bien-etre\/#breadcrumb","itemListElement":[{"@type":"ListItem","position":1,"name":"Home","item":"https:\/\/www.pullmanparismontparnasse.com\/fr\/"},{"@type":"ListItem","position":2,"name":"Fitness + Bien-\u00eatre"}]},{"@type":"WebSite","@id":"https:\/\/www.pullmanparismontparnasse.com\/#website","url":"https:\/\/www.pullmanparismontparnasse.com\/","name":"Pullman Montparnasse","description":"","potentialAction":[{"@type":"SearchAction","target":{"@type":"EntryPoint","urlTemplate":"https:\/\/www.pullmanparismontparnasse.com\/?s={search_term_string}"},"query-input":{"@type":"PropertyValueSpecification","valueRequired":true,"valueName":"search_term_string"}}],"inLanguage":"fr-FR"}]}},"_links":{"self":[{"href":"https:\/\/www.pullmanparismontparnasse.com\/fr\/wp-json\/wp\/v2\/pages\/411","targetHints":{"allow":["GET"]}}],"collection":[{"href":"https:\/\/www.pullmanparismontparnasse.com\/fr\/wp-json\/wp\/v2\/pages"}],"about":[{"href":"https:\/\/www.pullmanparismontparnasse.com\/fr\/wp-json\/wp\/v2\/types\/page"}],"author":[{"embeddable":true,"href":"https:\/\/www.pullmanparismontparnasse.com\/fr\/wp-json\/wp\/v2\/users\/264"}],"replies":[{"embeddable":true,"href":"https:\/\/www.pullmanparismontparnasse.com\/fr\/wp-json\/wp\/v2\/comments?post=411"}],"version-history":[{"count":0,"href":"https:\/\/www.pullmanparismontparnasse.com\/fr\/wp-json\/wp\/v2\/pages\/411\/revisions"}],"wp:attachment":[{"href":"https:\/\/www.pullmanparismontparnasse.com\/fr\/wp-json\/wp\/v2\/media?parent=411"}],"wp:term":[{"taxonomy":"category","embeddable":true,"href":"https:\/\/www.pullmanparismontparnasse.com\/fr\/wp-json\/wp\/v2\/categories?post=411"}],"curies":[{"name":"wp","href":"https:\/\/api.w.org\/{rel}","templated":true}]}}