{"id":405,"date":"2025-02-20T12:44:09","date_gmt":"2025-02-20T12:44:09","guid":{"rendered":"https:\/\/pullman-montparnasse.accorv2prod.decms.eu\/faq\/"},"modified":"2025-08-20T08:39:31","modified_gmt":"2025-08-20T08:39:31","slug":"faq","status":"publish","type":"page","link":"https:\/\/www.pullmanparismontparnasse.com\/fr\/faq\/","title":{"rendered":"FAQ"},"content":{"rendered":"<p>Trouvez toutes les r\u00e9ponses aux questions fr\u00e9quentes : acc\u00e8s, r\u00e9servations et services de notre h\u00f4tel \u00e0 Montparnasse. Profitez pleinement de votre s\u00e9jour ou \u00e9v\u00e9nement au Pullman Paris Montparnasse.<\/p>\n","protected":false},"excerpt":{"rendered":"<p>Trouvez toutes les r\u00e9ponses aux questions fr\u00e9quentes : acc\u00e8s, r\u00e9servations et services de notre h\u00f4tel \u00e0 Montparnasse. Profitez pleinement de votre s\u00e9jour ou \u00e9v\u00e9nement au Pullman Paris Montparnasse.<\/p>\n","protected":false},"author":264,"featured_media":0,"parent":0,"menu_order":0,"comment_status":"closed","ping_status":"closed","template":"template-faq.php","meta":{"footnotes":""},"categories":[],"class_list":["post-405","page","type-page","status-publish","hentry"],"acf":[],"yoast_head":"<!-- This site is optimized with the Yoast SEO plugin v26.9 - https:\/\/yoast.com\/product\/yoast-seo-wordpress\/ -->\n<title>FAQ et informations pratiques | H\u00f4tel Pullman Paris Montparnasse<\/title>\n<meta name=\"description\" content=\"Trouvez r\u00e9ponse \u00e0 toutes vos questions sur l&#039;h\u00f4tel Pullman Paris Montparnasse : informations pratiques, services, o\u00f9 sortir, animaux de compagnie...\" \/>\n<meta name=\"robots\" content=\"index, follow, max-snippet:-1, max-image-preview:large, max-video-preview:-1\" \/>\n<link rel=\"canonical\" href=\"https:\/\/www.pullmanparismontparnasse.com\/fr\/faq\/\" \/>\n<meta property=\"og:locale\" content=\"fr_FR\" \/>\n<meta property=\"og:type\" content=\"article\" \/>\n<meta property=\"og:title\" content=\"FAQ et informations pratiques | H\u00f4tel Pullman Paris Montparnasse\" \/>\n<meta property=\"og:description\" content=\"Trouvez r\u00e9ponse \u00e0 toutes vos questions sur l&#039;h\u00f4tel Pullman Paris Montparnasse : informations pratiques, services, o\u00f9 sortir, animaux de compagnie...\" \/>\n<meta property=\"og:url\" content=\"https:\/\/www.pullmanparismontparnasse.com\/fr\/faq\/\" \/>\n<meta property=\"og:site_name\" content=\"Pullman Montparnasse\" \/>\n<meta property=\"article:modified_time\" content=\"2025-08-20T08:39:31+00:00\" \/>\n<meta name=\"twitter:card\" content=\"summary_large_image\" \/>\n<meta name=\"twitter:label1\" content=\"Dur\u00e9e de lecture est.\" \/>\n\t<meta name=\"twitter:data1\" content=\"1 minute\" \/>\n<script type=\"application\/ld+json\" class=\"yoast-schema-graph\">{\"@context\":\"https:\/\/schema.org\",\"@graph\":[{\"@type\":\"WebPage\",\"@id\":\"https:\/\/www.pullmanparismontparnasse.com\/fr\/faq\/\",\"url\":\"https:\/\/www.pullmanparismontparnasse.com\/fr\/faq\/\",\"name\":\"FAQ et informations pratiques | H\u00f4tel Pullman Paris Montparnasse\",\"isPartOf\":{\"@id\":\"https:\/\/www.pullmanparismontparnasse.com\/#website\"},\"datePublished\":\"2025-02-20T12:44:09+00:00\",\"dateModified\":\"2025-08-20T08:39:31+00:00\",\"description\":\"Trouvez r\u00e9ponse \u00e0 toutes vos questions sur l'h\u00f4tel Pullman Paris Montparnasse : informations pratiques, services, o\u00f9 sortir, animaux de compagnie...\",\"breadcrumb\":{\"@id\":\"https:\/\/www.pullmanparismontparnasse.com\/fr\/faq\/#breadcrumb\"},\"inLanguage\":\"fr-FR\",\"potentialAction\":[{\"@type\":\"ReadAction\",\"target\":[\"https:\/\/www.pullmanparismontparnasse.com\/fr\/faq\/\"]}]},{\"@type\":\"BreadcrumbList\",\"@id\":\"https:\/\/www.pullmanparismontparnasse.com\/fr\/faq\/#breadcrumb\",\"itemListElement\":[{\"@type\":\"ListItem\",\"position\":1,\"name\":\"Home\",\"item\":\"https:\/\/www.pullmanparismontparnasse.com\/fr\/\"},{\"@type\":\"ListItem\",\"position\":2,\"name\":\"FAQ\"}]},{\"@type\":\"WebSite\",\"@id\":\"https:\/\/www.pullmanparismontparnasse.com\/#website\",\"url\":\"https:\/\/www.pullmanparismontparnasse.com\/\",\"name\":\"Pullman Montparnasse\",\"description\":\"\",\"potentialAction\":[{\"@type\":\"SearchAction\",\"target\":{\"@type\":\"EntryPoint\",\"urlTemplate\":\"https:\/\/www.pullmanparismontparnasse.com\/?s={search_term_string}\"},\"query-input\":{\"@type\":\"PropertyValueSpecification\",\"valueRequired\":true,\"valueName\":\"search_term_string\"}}],\"inLanguage\":\"fr-FR\"}]}<\/script>\n<!-- \/ Yoast SEO plugin. -->","yoast_head_json":{"title":"FAQ et informations pratiques | H\u00f4tel Pullman Paris Montparnasse","description":"Trouvez r\u00e9ponse \u00e0 toutes vos questions sur l'h\u00f4tel Pullman Paris Montparnasse : informations pratiques, services, o\u00f9 sortir, animaux de compagnie...","robots":{"index":"index","follow":"follow","max-snippet":"max-snippet:-1","max-image-preview":"max-image-preview:large","max-video-preview":"max-video-preview:-1"},"canonical":"https:\/\/www.pullmanparismontparnasse.com\/fr\/faq\/","og_locale":"fr_FR","og_type":"article","og_title":"FAQ et informations pratiques | H\u00f4tel Pullman Paris Montparnasse","og_description":"Trouvez r\u00e9ponse \u00e0 toutes vos questions sur l'h\u00f4tel Pullman Paris Montparnasse : informations pratiques, services, o\u00f9 sortir, animaux de compagnie...","og_url":"https:\/\/www.pullmanparismontparnasse.com\/fr\/faq\/","og_site_name":"Pullman Montparnasse","article_modified_time":"2025-08-20T08:39:31+00:00","twitter_card":"summary_large_image","twitter_misc":{"Dur\u00e9e de lecture est.":"1 minute"},"schema":{"@context":"https:\/\/schema.org","@graph":[{"@type":"WebPage","@id":"https:\/\/www.pullmanparismontparnasse.com\/fr\/faq\/","url":"https:\/\/www.pullmanparismontparnasse.com\/fr\/faq\/","name":"FAQ et informations pratiques | H\u00f4tel Pullman Paris Montparnasse","isPartOf":{"@id":"https:\/\/www.pullmanparismontparnasse.com\/#website"},"datePublished":"2025-02-20T12:44:09+00:00","dateModified":"2025-08-20T08:39:31+00:00","description":"Trouvez r\u00e9ponse \u00e0 toutes vos questions sur l'h\u00f4tel Pullman Paris Montparnasse : informations pratiques, services, o\u00f9 sortir, animaux de compagnie...","breadcrumb":{"@id":"https:\/\/www.pullmanparismontparnasse.com\/fr\/faq\/#breadcrumb"},"inLanguage":"fr-FR","potentialAction":[{"@type":"ReadAction","target":["https:\/\/www.pullmanparismontparnasse.com\/fr\/faq\/"]}]},{"@type":"BreadcrumbList","@id":"https:\/\/www.pullmanparismontparnasse.com\/fr\/faq\/#breadcrumb","itemListElement":[{"@type":"ListItem","position":1,"name":"Home","item":"https:\/\/www.pullmanparismontparnasse.com\/fr\/"},{"@type":"ListItem","position":2,"name":"FAQ"}]},{"@type":"WebSite","@id":"https:\/\/www.pullmanparismontparnasse.com\/#website","url":"https:\/\/www.pullmanparismontparnasse.com\/","name":"Pullman Montparnasse","description":"","potentialAction":[{"@type":"SearchAction","target":{"@type":"EntryPoint","urlTemplate":"https:\/\/www.pullmanparismontparnasse.com\/?s={search_term_string}"},"query-input":{"@type":"PropertyValueSpecification","valueRequired":true,"valueName":"search_term_string"}}],"inLanguage":"fr-FR"}]}},"_links":{"self":[{"href":"https:\/\/www.pullmanparismontparnasse.com\/fr\/wp-json\/wp\/v2\/pages\/405","targetHints":{"allow":["GET"]}}],"collection":[{"href":"https:\/\/www.pullmanparismontparnasse.com\/fr\/wp-json\/wp\/v2\/pages"}],"about":[{"href":"https:\/\/www.pullmanparismontparnasse.com\/fr\/wp-json\/wp\/v2\/types\/page"}],"author":[{"embeddable":true,"href":"https:\/\/www.pullmanparismontparnasse.com\/fr\/wp-json\/wp\/v2\/users\/264"}],"replies":[{"embeddable":true,"href":"https:\/\/www.pullmanparismontparnasse.com\/fr\/wp-json\/wp\/v2\/comments?post=405"}],"version-history":[{"count":0,"href":"https:\/\/www.pullmanparismontparnasse.com\/fr\/wp-json\/wp\/v2\/pages\/405\/revisions"}],"wp:attachment":[{"href":"https:\/\/www.pullmanparismontparnasse.com\/fr\/wp-json\/wp\/v2\/media?parent=405"}],"wp:term":[{"taxonomy":"category","embeddable":true,"href":"https:\/\/www.pullmanparismontparnasse.com\/fr\/wp-json\/wp\/v2\/categories?post=405"}],"curies":[{"name":"wp","href":"https:\/\/api.w.org\/{rel}","templated":true}]}}