{"id":399,"date":"2025-02-20T13:12:08","date_gmt":"2025-02-20T13:12:08","guid":{"rendered":"https:\/\/pullman-montparnasse.accorv2prod.decms.eu\/contact-us\/"},"modified":"2025-03-27T13:53:47","modified_gmt":"2025-03-27T13:53:47","slug":"nous-contacter","status":"publish","type":"page","link":"https:\/\/www.pullmanparismontparnasse.com\/fr\/nous-contacter\/","title":{"rendered":"Nous contacter"},"content":{"rendered":"<p style=\"text-align: center;\">Pour toute question, suggestion ou pour en savoir plus sur notre h\u00f4tel, contactez-nous. Nos \u00e9quipes sont \u00e0 votre disposition.<\/p>\n","protected":false},"excerpt":{"rendered":"<p>Pour toute question, suggestion ou pour en savoir plus sur notre h\u00f4tel, contactez-nous. Nos \u00e9quipes sont \u00e0 votre disposition.<\/p>\n","protected":false},"author":264,"featured_media":0,"parent":0,"menu_order":0,"comment_status":"closed","ping_status":"closed","template":"template-contact.php","meta":{"footnotes":""},"categories":[],"class_list":["post-399","page","type-page","status-publish","hentry"],"acf":[],"yoast_head":"<!-- This site is optimized with the Yoast SEO plugin v26.9 - https:\/\/yoast.com\/product\/yoast-seo-wordpress\/ -->\n<title>Contact | Pullman Paris Montparnasse | H\u00f4tel gare Montparnasse<\/title>\n<meta name=\"description\" content=\"L&#039;h\u00f4tel Pullman Paris Montparnasse accueille toutes vos questions et retours. Remplissez le formulaire de contact et nous reviendrons vers vous.\" \/>\n<meta name=\"robots\" content=\"index, follow, max-snippet:-1, max-image-preview:large, max-video-preview:-1\" \/>\n<link rel=\"canonical\" href=\"https:\/\/www.pullmanparismontparnasse.com\/fr\/nous-contacter\/\" \/>\n<meta property=\"og:locale\" content=\"fr_FR\" \/>\n<meta property=\"og:type\" content=\"article\" \/>\n<meta property=\"og:title\" content=\"Contact | Pullman Paris Montparnasse | H\u00f4tel gare Montparnasse\" \/>\n<meta property=\"og:description\" content=\"L&#039;h\u00f4tel Pullman Paris Montparnasse accueille toutes vos questions et retours. Remplissez le formulaire de contact et nous reviendrons vers vous.\" \/>\n<meta property=\"og:url\" content=\"https:\/\/www.pullmanparismontparnasse.com\/fr\/nous-contacter\/\" \/>\n<meta property=\"og:site_name\" content=\"Pullman Montparnasse\" \/>\n<meta property=\"article:modified_time\" content=\"2025-03-27T13:53:47+00:00\" \/>\n<meta name=\"twitter:card\" content=\"summary_large_image\" \/>\n<meta name=\"twitter:label1\" content=\"Dur\u00e9e de lecture est.\" \/>\n\t<meta name=\"twitter:data1\" content=\"1 minute\" \/>\n<script type=\"application\/ld+json\" class=\"yoast-schema-graph\">{\"@context\":\"https:\/\/schema.org\",\"@graph\":[{\"@type\":\"WebPage\",\"@id\":\"https:\/\/www.pullmanparismontparnasse.com\/fr\/nous-contacter\/\",\"url\":\"https:\/\/www.pullmanparismontparnasse.com\/fr\/nous-contacter\/\",\"name\":\"Contact | Pullman Paris Montparnasse | H\u00f4tel gare Montparnasse\",\"isPartOf\":{\"@id\":\"https:\/\/www.pullmanparismontparnasse.com\/#website\"},\"datePublished\":\"2025-02-20T13:12:08+00:00\",\"dateModified\":\"2025-03-27T13:53:47+00:00\",\"description\":\"L'h\u00f4tel Pullman Paris Montparnasse accueille toutes vos questions et retours. Remplissez le formulaire de contact et nous reviendrons vers vous.\",\"breadcrumb\":{\"@id\":\"https:\/\/www.pullmanparismontparnasse.com\/fr\/nous-contacter\/#breadcrumb\"},\"inLanguage\":\"fr-FR\",\"potentialAction\":[{\"@type\":\"ReadAction\",\"target\":[\"https:\/\/www.pullmanparismontparnasse.com\/fr\/nous-contacter\/\"]}]},{\"@type\":\"BreadcrumbList\",\"@id\":\"https:\/\/www.pullmanparismontparnasse.com\/fr\/nous-contacter\/#breadcrumb\",\"itemListElement\":[{\"@type\":\"ListItem\",\"position\":1,\"name\":\"Home\",\"item\":\"https:\/\/www.pullmanparismontparnasse.com\/fr\/\"},{\"@type\":\"ListItem\",\"position\":2,\"name\":\"Nous contacter\"}]},{\"@type\":\"WebSite\",\"@id\":\"https:\/\/www.pullmanparismontparnasse.com\/#website\",\"url\":\"https:\/\/www.pullmanparismontparnasse.com\/\",\"name\":\"Pullman Montparnasse\",\"description\":\"\",\"potentialAction\":[{\"@type\":\"SearchAction\",\"target\":{\"@type\":\"EntryPoint\",\"urlTemplate\":\"https:\/\/www.pullmanparismontparnasse.com\/?s={search_term_string}\"},\"query-input\":{\"@type\":\"PropertyValueSpecification\",\"valueRequired\":true,\"valueName\":\"search_term_string\"}}],\"inLanguage\":\"fr-FR\"}]}<\/script>\n<!-- \/ Yoast SEO plugin. -->","yoast_head_json":{"title":"Contact | Pullman Paris Montparnasse | H\u00f4tel gare Montparnasse","description":"L'h\u00f4tel Pullman Paris Montparnasse accueille toutes vos questions et retours. Remplissez le formulaire de contact et nous reviendrons vers vous.","robots":{"index":"index","follow":"follow","max-snippet":"max-snippet:-1","max-image-preview":"max-image-preview:large","max-video-preview":"max-video-preview:-1"},"canonical":"https:\/\/www.pullmanparismontparnasse.com\/fr\/nous-contacter\/","og_locale":"fr_FR","og_type":"article","og_title":"Contact | Pullman Paris Montparnasse | H\u00f4tel gare Montparnasse","og_description":"L'h\u00f4tel Pullman Paris Montparnasse accueille toutes vos questions et retours. Remplissez le formulaire de contact et nous reviendrons vers vous.","og_url":"https:\/\/www.pullmanparismontparnasse.com\/fr\/nous-contacter\/","og_site_name":"Pullman Montparnasse","article_modified_time":"2025-03-27T13:53:47+00:00","twitter_card":"summary_large_image","twitter_misc":{"Dur\u00e9e de lecture est.":"1 minute"},"schema":{"@context":"https:\/\/schema.org","@graph":[{"@type":"WebPage","@id":"https:\/\/www.pullmanparismontparnasse.com\/fr\/nous-contacter\/","url":"https:\/\/www.pullmanparismontparnasse.com\/fr\/nous-contacter\/","name":"Contact | Pullman Paris Montparnasse | H\u00f4tel gare Montparnasse","isPartOf":{"@id":"https:\/\/www.pullmanparismontparnasse.com\/#website"},"datePublished":"2025-02-20T13:12:08+00:00","dateModified":"2025-03-27T13:53:47+00:00","description":"L'h\u00f4tel Pullman Paris Montparnasse accueille toutes vos questions et retours. Remplissez le formulaire de contact et nous reviendrons vers vous.","breadcrumb":{"@id":"https:\/\/www.pullmanparismontparnasse.com\/fr\/nous-contacter\/#breadcrumb"},"inLanguage":"fr-FR","potentialAction":[{"@type":"ReadAction","target":["https:\/\/www.pullmanparismontparnasse.com\/fr\/nous-contacter\/"]}]},{"@type":"BreadcrumbList","@id":"https:\/\/www.pullmanparismontparnasse.com\/fr\/nous-contacter\/#breadcrumb","itemListElement":[{"@type":"ListItem","position":1,"name":"Home","item":"https:\/\/www.pullmanparismontparnasse.com\/fr\/"},{"@type":"ListItem","position":2,"name":"Nous contacter"}]},{"@type":"WebSite","@id":"https:\/\/www.pullmanparismontparnasse.com\/#website","url":"https:\/\/www.pullmanparismontparnasse.com\/","name":"Pullman Montparnasse","description":"","potentialAction":[{"@type":"SearchAction","target":{"@type":"EntryPoint","urlTemplate":"https:\/\/www.pullmanparismontparnasse.com\/?s={search_term_string}"},"query-input":{"@type":"PropertyValueSpecification","valueRequired":true,"valueName":"search_term_string"}}],"inLanguage":"fr-FR"}]}},"_links":{"self":[{"href":"https:\/\/www.pullmanparismontparnasse.com\/fr\/wp-json\/wp\/v2\/pages\/399","targetHints":{"allow":["GET"]}}],"collection":[{"href":"https:\/\/www.pullmanparismontparnasse.com\/fr\/wp-json\/wp\/v2\/pages"}],"about":[{"href":"https:\/\/www.pullmanparismontparnasse.com\/fr\/wp-json\/wp\/v2\/types\/page"}],"author":[{"embeddable":true,"href":"https:\/\/www.pullmanparismontparnasse.com\/fr\/wp-json\/wp\/v2\/users\/264"}],"replies":[{"embeddable":true,"href":"https:\/\/www.pullmanparismontparnasse.com\/fr\/wp-json\/wp\/v2\/comments?post=399"}],"version-history":[{"count":0,"href":"https:\/\/www.pullmanparismontparnasse.com\/fr\/wp-json\/wp\/v2\/pages\/399\/revisions"}],"wp:attachment":[{"href":"https:\/\/www.pullmanparismontparnasse.com\/fr\/wp-json\/wp\/v2\/media?parent=399"}],"wp:term":[{"taxonomy":"category","embeddable":true,"href":"https:\/\/www.pullmanparismontparnasse.com\/fr\/wp-json\/wp\/v2\/categories?post=399"}],"curies":[{"name":"wp","href":"https:\/\/api.w.org\/{rel}","templated":true}]}}