{"id":28,"date":"2025-01-15T15:47:54","date_gmt":"2025-01-15T15:47:54","guid":{"rendered":"https:\/\/pullman-montparnasse.accorv2prod.decms.eu\/sample-page\/"},"modified":"2025-07-16T13:00:12","modified_gmt":"2025-07-16T13:00:12","slug":"sample-page","status":"publish","type":"page","link":"https:\/\/www.pullmanparismontparnasse.com\/fr\/","title":{"rendered":"Pullman Montparnasse"},"content":{"rendered":"<p>Pullman Paris Montparnasse, h\u00f4tel 4 \u00e9toiles proche de la gare Montparnasse, vous accueille pour un s\u00e9jour parisien unique.<\/p>\n<p>Explorez facilement la capitale. Ajoutez un \u00e9lan de cr\u00e9ativit\u00e9 \u00e0 vos \u00e9v\u00e9nements professionnels. Retrouvez votre \u00e9quilibre dans les chambres con\u00e7ues pour votre relaxation et votre inspiration. Imposez votre rythme dans notre salle Power Fitness, ouverte jour et nuit. Savourez la fra\u00eecheur d&rsquo;ingr\u00e9dients pr\u00e9par\u00e9s avec passion au sein de nos restaurants. Partagez un moment inoubliable \/ unique face \u00e0 la Tour Eiffel, au rooftop Skybar depuis le 32e \u00e9tage.<\/p>\n","protected":false},"excerpt":{"rendered":"<p>Pullman Paris Montparnasse, h\u00f4tel 4 \u00e9toiles proche de la gare Montparnasse, vous accueille pour un s\u00e9jour parisien unique. Explorez facilement la capitale. Ajoutez un \u00e9lan de cr\u00e9ativit\u00e9 \u00e0 vos \u00e9v\u00e9nements professionnels. Retrouvez votre \u00e9quilibre dans les chambres con\u00e7ues pour votre relaxation et votre inspiration. Imposez votre rythme dans notre salle Power Fitness, ouverte jour et [&hellip;]<\/p>\n","protected":false},"author":264,"featured_media":0,"parent":0,"menu_order":0,"comment_status":"closed","ping_status":"closed","template":"","meta":{"footnotes":""},"categories":[],"class_list":["post-28","page","type-page","status-publish","hentry"],"acf":[],"yoast_head":"<!-- This site is optimized with the Yoast SEO plugin v26.9 - https:\/\/yoast.com\/product\/yoast-seo-wordpress\/ -->\n<title>Pullman Paris Montparnasse | H\u00f4tel proche de gare Montparnasse<\/title>\n<meta name=\"description\" content=\"Pullman Paris Montparnasse, h\u00f4tel 4 \u00e9toiles proche de la gare Montparnasse avec Power Fitness, salles de r\u00e9union, brunch et rooftop vue sur la tour Eiffel.\" \/>\n<meta name=\"robots\" content=\"index, follow, max-snippet:-1, max-image-preview:large, max-video-preview:-1\" \/>\n<link rel=\"canonical\" href=\"https:\/\/www.pullmanparismontparnasse.com\/fr\/\" \/>\n<meta property=\"og:locale\" content=\"fr_FR\" \/>\n<meta property=\"og:type\" content=\"article\" \/>\n<meta property=\"og:title\" content=\"Pullman Paris Montparnasse | H\u00f4tel proche de gare Montparnasse\" \/>\n<meta property=\"og:description\" content=\"Pullman Paris Montparnasse, h\u00f4tel 4 \u00e9toiles proche de la gare Montparnasse avec Power Fitness, salles de r\u00e9union, brunch et rooftop vue sur la tour Eiffel.\" \/>\n<meta property=\"og:url\" content=\"https:\/\/www.pullmanparismontparnasse.com\/fr\/\" \/>\n<meta property=\"og:site_name\" content=\"Pullman Montparnasse\" \/>\n<meta property=\"article:modified_time\" content=\"2025-07-16T13:00:12+00:00\" \/>\n<meta name=\"twitter:card\" content=\"summary_large_image\" \/>\n<meta name=\"twitter:label1\" content=\"Dur\u00e9e de lecture est.\" \/>\n\t<meta name=\"twitter:data1\" content=\"1 minute\" \/>\n<script type=\"application\/ld+json\" class=\"yoast-schema-graph\">{\"@context\":\"https:\/\/schema.org\",\"@graph\":[{\"@type\":\"WebPage\",\"@id\":\"https:\/\/www.pullmanparismontparnasse.com\/fr\/\",\"url\":\"https:\/\/www.pullmanparismontparnasse.com\/fr\/\",\"name\":\"Pullman Paris Montparnasse | H\u00f4tel proche de gare Montparnasse\",\"isPartOf\":{\"@id\":\"https:\/\/www.pullmanparismontparnasse.com\/#website\"},\"datePublished\":\"2025-01-15T15:47:54+00:00\",\"dateModified\":\"2025-07-16T13:00:12+00:00\",\"description\":\"Pullman Paris Montparnasse, h\u00f4tel 4 \u00e9toiles proche de la gare Montparnasse avec Power Fitness, salles de r\u00e9union, brunch et rooftop vue sur la tour Eiffel.\",\"breadcrumb\":{\"@id\":\"https:\/\/www.pullmanparismontparnasse.com\/fr\/#breadcrumb\"},\"inLanguage\":\"fr-FR\",\"potentialAction\":[{\"@type\":\"ReadAction\",\"target\":[\"https:\/\/www.pullmanparismontparnasse.com\/fr\/\"]}]},{\"@type\":\"BreadcrumbList\",\"@id\":\"https:\/\/www.pullmanparismontparnasse.com\/fr\/#breadcrumb\",\"itemListElement\":[{\"@type\":\"ListItem\",\"position\":1,\"name\":\"Home\",\"item\":\"https:\/\/www.pullmanparismontparnasse.com\/fr\/\"},{\"@type\":\"ListItem\",\"position\":2,\"name\":\"Pullman Montparnasse\"}]},{\"@type\":\"WebSite\",\"@id\":\"https:\/\/www.pullmanparismontparnasse.com\/#website\",\"url\":\"https:\/\/www.pullmanparismontparnasse.com\/\",\"name\":\"Pullman Montparnasse\",\"description\":\"\",\"potentialAction\":[{\"@type\":\"SearchAction\",\"target\":{\"@type\":\"EntryPoint\",\"urlTemplate\":\"https:\/\/www.pullmanparismontparnasse.com\/?s={search_term_string}\"},\"query-input\":{\"@type\":\"PropertyValueSpecification\",\"valueRequired\":true,\"valueName\":\"search_term_string\"}}],\"inLanguage\":\"fr-FR\"}]}<\/script>\n<!-- \/ Yoast SEO plugin. -->","yoast_head_json":{"title":"Pullman Paris Montparnasse | H\u00f4tel proche de gare Montparnasse","description":"Pullman Paris Montparnasse, h\u00f4tel 4 \u00e9toiles proche de la gare Montparnasse avec Power Fitness, salles de r\u00e9union, brunch et rooftop vue sur la tour Eiffel.","robots":{"index":"index","follow":"follow","max-snippet":"max-snippet:-1","max-image-preview":"max-image-preview:large","max-video-preview":"max-video-preview:-1"},"canonical":"https:\/\/www.pullmanparismontparnasse.com\/fr\/","og_locale":"fr_FR","og_type":"article","og_title":"Pullman Paris Montparnasse | H\u00f4tel proche de gare Montparnasse","og_description":"Pullman Paris Montparnasse, h\u00f4tel 4 \u00e9toiles proche de la gare Montparnasse avec Power Fitness, salles de r\u00e9union, brunch et rooftop vue sur la tour Eiffel.","og_url":"https:\/\/www.pullmanparismontparnasse.com\/fr\/","og_site_name":"Pullman Montparnasse","article_modified_time":"2025-07-16T13:00:12+00:00","twitter_card":"summary_large_image","twitter_misc":{"Dur\u00e9e de lecture est.":"1 minute"},"schema":{"@context":"https:\/\/schema.org","@graph":[{"@type":"WebPage","@id":"https:\/\/www.pullmanparismontparnasse.com\/fr\/","url":"https:\/\/www.pullmanparismontparnasse.com\/fr\/","name":"Pullman Paris Montparnasse | H\u00f4tel proche de gare Montparnasse","isPartOf":{"@id":"https:\/\/www.pullmanparismontparnasse.com\/#website"},"datePublished":"2025-01-15T15:47:54+00:00","dateModified":"2025-07-16T13:00:12+00:00","description":"Pullman Paris Montparnasse, h\u00f4tel 4 \u00e9toiles proche de la gare Montparnasse avec Power Fitness, salles de r\u00e9union, brunch et rooftop vue sur la tour Eiffel.","breadcrumb":{"@id":"https:\/\/www.pullmanparismontparnasse.com\/fr\/#breadcrumb"},"inLanguage":"fr-FR","potentialAction":[{"@type":"ReadAction","target":["https:\/\/www.pullmanparismontparnasse.com\/fr\/"]}]},{"@type":"BreadcrumbList","@id":"https:\/\/www.pullmanparismontparnasse.com\/fr\/#breadcrumb","itemListElement":[{"@type":"ListItem","position":1,"name":"Home","item":"https:\/\/www.pullmanparismontparnasse.com\/fr\/"},{"@type":"ListItem","position":2,"name":"Pullman Montparnasse"}]},{"@type":"WebSite","@id":"https:\/\/www.pullmanparismontparnasse.com\/#website","url":"https:\/\/www.pullmanparismontparnasse.com\/","name":"Pullman Montparnasse","description":"","potentialAction":[{"@type":"SearchAction","target":{"@type":"EntryPoint","urlTemplate":"https:\/\/www.pullmanparismontparnasse.com\/?s={search_term_string}"},"query-input":{"@type":"PropertyValueSpecification","valueRequired":true,"valueName":"search_term_string"}}],"inLanguage":"fr-FR"}]}},"_links":{"self":[{"href":"https:\/\/www.pullmanparismontparnasse.com\/fr\/wp-json\/wp\/v2\/pages\/28","targetHints":{"allow":["GET"]}}],"collection":[{"href":"https:\/\/www.pullmanparismontparnasse.com\/fr\/wp-json\/wp\/v2\/pages"}],"about":[{"href":"https:\/\/www.pullmanparismontparnasse.com\/fr\/wp-json\/wp\/v2\/types\/page"}],"author":[{"embeddable":true,"href":"https:\/\/www.pullmanparismontparnasse.com\/fr\/wp-json\/wp\/v2\/users\/264"}],"replies":[{"embeddable":true,"href":"https:\/\/www.pullmanparismontparnasse.com\/fr\/wp-json\/wp\/v2\/comments?post=28"}],"version-history":[{"count":0,"href":"https:\/\/www.pullmanparismontparnasse.com\/fr\/wp-json\/wp\/v2\/pages\/28\/revisions"}],"wp:attachment":[{"href":"https:\/\/www.pullmanparismontparnasse.com\/fr\/wp-json\/wp\/v2\/media?parent=28"}],"wp:term":[{"taxonomy":"category","embeddable":true,"href":"https:\/\/www.pullmanparismontparnasse.com\/fr\/wp-json\/wp\/v2\/categories?post=28"}],"curies":[{"name":"wp","href":"https:\/\/api.w.org\/{rel}","templated":true}]}}