{"id":1067,"date":"2025-08-28T13:29:37","date_gmt":"2025-08-28T13:29:37","guid":{"rendered":"https:\/\/www.pullmanparismontparnasse.com\/?page_id=1067"},"modified":"2026-04-16T12:29:33","modified_gmt":"2026-04-16T12:29:33","slug":"prestataires-pour-vos-evenements","status":"publish","type":"page","link":"https:\/\/www.pullmanparismontparnasse.com\/fr\/prestataires-pour-vos-evenements\/","title":{"rendered":"Prestataires pour vos \u00e9v\u00e8nements"},"content":{"rendered":"<p style=\"text-align: center\">Organisez un \u00e9v\u00e9nement inoubliable dans nos salles de r\u00e9union \u00e0 Paris, con\u00e7ues pour s&rsquo;adapter \u00e0 toutes les occasions professionnelles ou priv\u00e9es. Des comit\u00e9s confidentiels aux grandes c\u00e9l\u00e9brations, chacun de nos espaces ouvre de nouvelles perspectives.<\/p>\n<p style=\"text-align: center\">Marquez les esprits avec un \u00e9v\u00e9nement \u00e0 la hauteur de vos ambitions.<\/p>\n","protected":false},"excerpt":{"rendered":"<p>Organisez un \u00e9v\u00e9nement inoubliable dans nos salles de r\u00e9union \u00e0 Paris, con\u00e7ues pour s&rsquo;adapter \u00e0 toutes les occasions professionnelles ou priv\u00e9es. Des comit\u00e9s confidentiels aux grandes c\u00e9l\u00e9brations, chacun de nos espaces ouvre de nouvelles perspectives. Marquez les esprits avec un \u00e9v\u00e9nement \u00e0 la hauteur de vos ambitions.<\/p>\n","protected":false},"author":283,"featured_media":1202,"parent":0,"menu_order":0,"comment_status":"closed","ping_status":"closed","template":"template-meetings.php","meta":{"footnotes":""},"categories":[],"class_list":["post-1067","page","type-page","status-publish","has-post-thumbnail","hentry"],"acf":[],"yoast_head":"<!-- This site is optimized with the Yoast SEO plugin v26.9 - https:\/\/yoast.com\/product\/yoast-seo-wordpress\/ -->\n<title>Salles de r\u00e9union \u00e0 Paris | H\u00f4tel Pullman Paris Montparnasse<\/title>\n<meta name=\"description\" content=\"Notre h\u00f4tel offre des salles de r\u00e9union \u00e0 Paris parmi les plus grands espaces de la capitale pour vos \u00e9v\u00e9nements professionnels, conf\u00e9rences ou r\u00e9ceptions.\" \/>\n<meta name=\"robots\" content=\"index, follow, max-snippet:-1, max-image-preview:large, max-video-preview:-1\" \/>\n<link rel=\"canonical\" href=\"https:\/\/www.pullmanparismontparnasse.com\/fr\/prestataires-pour-vos-evenements\/\" \/>\n<meta property=\"og:locale\" content=\"fr_FR\" \/>\n<meta property=\"og:type\" content=\"article\" \/>\n<meta property=\"og:title\" content=\"Salles de r\u00e9union \u00e0 Paris | H\u00f4tel Pullman Paris Montparnasse\" \/>\n<meta property=\"og:description\" content=\"Notre h\u00f4tel offre des salles de r\u00e9union \u00e0 Paris parmi les plus grands espaces de la capitale pour vos \u00e9v\u00e9nements professionnels, conf\u00e9rences ou r\u00e9ceptions.\" \/>\n<meta property=\"og:url\" content=\"https:\/\/www.pullmanparismontparnasse.com\/fr\/prestataires-pour-vos-evenements\/\" \/>\n<meta property=\"og:site_name\" content=\"Pullman Montparnasse\" \/>\n<meta property=\"article:modified_time\" content=\"2026-04-16T12:29:33+00:00\" \/>\n<meta property=\"og:image\" content=\"https:\/\/www.pullmanparismontparnasse.com\/wp-content\/uploads\/sites\/127\/2025\/08\/partners-events-1024x680.jpg\" \/>\n\t<meta property=\"og:image:width\" content=\"1024\" \/>\n\t<meta property=\"og:image:height\" content=\"680\" \/>\n\t<meta property=\"og:image:type\" content=\"image\/jpeg\" \/>\n<meta name=\"twitter:card\" content=\"summary_large_image\" \/>\n<meta name=\"twitter:label1\" content=\"Dur\u00e9e de lecture est.\" \/>\n\t<meta name=\"twitter:data1\" content=\"1 minute\" \/>\n<script type=\"application\/ld+json\" class=\"yoast-schema-graph\">{\"@context\":\"https:\/\/schema.org\",\"@graph\":[{\"@type\":\"WebPage\",\"@id\":\"https:\/\/www.pullmanparismontparnasse.com\/fr\/prestataires-pour-vos-evenements\/\",\"url\":\"https:\/\/www.pullmanparismontparnasse.com\/fr\/prestataires-pour-vos-evenements\/\",\"name\":\"Salles de r\u00e9union \u00e0 Paris | H\u00f4tel Pullman Paris Montparnasse\",\"isPartOf\":{\"@id\":\"https:\/\/www.pullmanparismontparnasse.com\/#website\"},\"primaryImageOfPage\":{\"@id\":\"https:\/\/www.pullmanparismontparnasse.com\/fr\/prestataires-pour-vos-evenements\/#primaryimage\"},\"image\":{\"@id\":\"https:\/\/www.pullmanparismontparnasse.com\/fr\/prestataires-pour-vos-evenements\/#primaryimage\"},\"thumbnailUrl\":\"https:\/\/www.pullmanparismontparnasse.com\/wp-content\/uploads\/sites\/127\/2025\/08\/partners-events.jpg\",\"datePublished\":\"2025-08-28T13:29:37+00:00\",\"dateModified\":\"2026-04-16T12:29:33+00:00\",\"description\":\"Notre h\u00f4tel offre des salles de r\u00e9union \u00e0 Paris parmi les plus grands espaces de la capitale pour vos \u00e9v\u00e9nements professionnels, conf\u00e9rences ou r\u00e9ceptions.\",\"breadcrumb\":{\"@id\":\"https:\/\/www.pullmanparismontparnasse.com\/fr\/prestataires-pour-vos-evenements\/#breadcrumb\"},\"inLanguage\":\"fr-FR\",\"potentialAction\":[{\"@type\":\"ReadAction\",\"target\":[\"https:\/\/www.pullmanparismontparnasse.com\/fr\/prestataires-pour-vos-evenements\/\"]}]},{\"@type\":\"ImageObject\",\"inLanguage\":\"fr-FR\",\"@id\":\"https:\/\/www.pullmanparismontparnasse.com\/fr\/prestataires-pour-vos-evenements\/#primaryimage\",\"url\":\"https:\/\/www.pullmanparismontparnasse.com\/wp-content\/uploads\/sites\/127\/2025\/08\/partners-events.jpg\",\"contentUrl\":\"https:\/\/www.pullmanparismontparnasse.com\/wp-content\/uploads\/sites\/127\/2025\/08\/partners-events.jpg\",\"width\":2124,\"height\":1411,\"caption\":\"A diverse business team showing collaboration and unity with hands joined together in a team-building exercise.\"},{\"@type\":\"BreadcrumbList\",\"@id\":\"https:\/\/www.pullmanparismontparnasse.com\/fr\/prestataires-pour-vos-evenements\/#breadcrumb\",\"itemListElement\":[{\"@type\":\"ListItem\",\"position\":1,\"name\":\"Home\",\"item\":\"https:\/\/www.pullmanparismontparnasse.com\/fr\/\"},{\"@type\":\"ListItem\",\"position\":2,\"name\":\"Prestataires pour vos \u00e9v\u00e8nements\"}]},{\"@type\":\"WebSite\",\"@id\":\"https:\/\/www.pullmanparismontparnasse.com\/#website\",\"url\":\"https:\/\/www.pullmanparismontparnasse.com\/\",\"name\":\"Pullman Montparnasse\",\"description\":\"\",\"potentialAction\":[{\"@type\":\"SearchAction\",\"target\":{\"@type\":\"EntryPoint\",\"urlTemplate\":\"https:\/\/www.pullmanparismontparnasse.com\/?s={search_term_string}\"},\"query-input\":{\"@type\":\"PropertyValueSpecification\",\"valueRequired\":true,\"valueName\":\"search_term_string\"}}],\"inLanguage\":\"fr-FR\"}]}<\/script>\n<!-- \/ Yoast SEO plugin. -->","yoast_head_json":{"title":"Salles de r\u00e9union \u00e0 Paris | H\u00f4tel Pullman Paris Montparnasse","description":"Notre h\u00f4tel offre des salles de r\u00e9union \u00e0 Paris parmi les plus grands espaces de la capitale pour vos \u00e9v\u00e9nements professionnels, conf\u00e9rences ou r\u00e9ceptions.","robots":{"index":"index","follow":"follow","max-snippet":"max-snippet:-1","max-image-preview":"max-image-preview:large","max-video-preview":"max-video-preview:-1"},"canonical":"https:\/\/www.pullmanparismontparnasse.com\/fr\/prestataires-pour-vos-evenements\/","og_locale":"fr_FR","og_type":"article","og_title":"Salles de r\u00e9union \u00e0 Paris | H\u00f4tel Pullman Paris Montparnasse","og_description":"Notre h\u00f4tel offre des salles de r\u00e9union \u00e0 Paris parmi les plus grands espaces de la capitale pour vos \u00e9v\u00e9nements professionnels, conf\u00e9rences ou r\u00e9ceptions.","og_url":"https:\/\/www.pullmanparismontparnasse.com\/fr\/prestataires-pour-vos-evenements\/","og_site_name":"Pullman Montparnasse","article_modified_time":"2026-04-16T12:29:33+00:00","og_image":[{"width":1024,"height":680,"url":"https:\/\/www.pullmanparismontparnasse.com\/wp-content\/uploads\/sites\/127\/2025\/08\/partners-events-1024x680.jpg","type":"image\/jpeg"}],"twitter_card":"summary_large_image","twitter_misc":{"Dur\u00e9e de lecture est.":"1 minute"},"schema":{"@context":"https:\/\/schema.org","@graph":[{"@type":"WebPage","@id":"https:\/\/www.pullmanparismontparnasse.com\/fr\/prestataires-pour-vos-evenements\/","url":"https:\/\/www.pullmanparismontparnasse.com\/fr\/prestataires-pour-vos-evenements\/","name":"Salles de r\u00e9union \u00e0 Paris | H\u00f4tel Pullman Paris Montparnasse","isPartOf":{"@id":"https:\/\/www.pullmanparismontparnasse.com\/#website"},"primaryImageOfPage":{"@id":"https:\/\/www.pullmanparismontparnasse.com\/fr\/prestataires-pour-vos-evenements\/#primaryimage"},"image":{"@id":"https:\/\/www.pullmanparismontparnasse.com\/fr\/prestataires-pour-vos-evenements\/#primaryimage"},"thumbnailUrl":"https:\/\/www.pullmanparismontparnasse.com\/wp-content\/uploads\/sites\/127\/2025\/08\/partners-events.jpg","datePublished":"2025-08-28T13:29:37+00:00","dateModified":"2026-04-16T12:29:33+00:00","description":"Notre h\u00f4tel offre des salles de r\u00e9union \u00e0 Paris parmi les plus grands espaces de la capitale pour vos \u00e9v\u00e9nements professionnels, conf\u00e9rences ou r\u00e9ceptions.","breadcrumb":{"@id":"https:\/\/www.pullmanparismontparnasse.com\/fr\/prestataires-pour-vos-evenements\/#breadcrumb"},"inLanguage":"fr-FR","potentialAction":[{"@type":"ReadAction","target":["https:\/\/www.pullmanparismontparnasse.com\/fr\/prestataires-pour-vos-evenements\/"]}]},{"@type":"ImageObject","inLanguage":"fr-FR","@id":"https:\/\/www.pullmanparismontparnasse.com\/fr\/prestataires-pour-vos-evenements\/#primaryimage","url":"https:\/\/www.pullmanparismontparnasse.com\/wp-content\/uploads\/sites\/127\/2025\/08\/partners-events.jpg","contentUrl":"https:\/\/www.pullmanparismontparnasse.com\/wp-content\/uploads\/sites\/127\/2025\/08\/partners-events.jpg","width":2124,"height":1411,"caption":"A diverse business team showing collaboration and unity with hands joined together in a team-building exercise."},{"@type":"BreadcrumbList","@id":"https:\/\/www.pullmanparismontparnasse.com\/fr\/prestataires-pour-vos-evenements\/#breadcrumb","itemListElement":[{"@type":"ListItem","position":1,"name":"Home","item":"https:\/\/www.pullmanparismontparnasse.com\/fr\/"},{"@type":"ListItem","position":2,"name":"Prestataires pour vos \u00e9v\u00e8nements"}]},{"@type":"WebSite","@id":"https:\/\/www.pullmanparismontparnasse.com\/#website","url":"https:\/\/www.pullmanparismontparnasse.com\/","name":"Pullman Montparnasse","description":"","potentialAction":[{"@type":"SearchAction","target":{"@type":"EntryPoint","urlTemplate":"https:\/\/www.pullmanparismontparnasse.com\/?s={search_term_string}"},"query-input":{"@type":"PropertyValueSpecification","valueRequired":true,"valueName":"search_term_string"}}],"inLanguage":"fr-FR"}]}},"_links":{"self":[{"href":"https:\/\/www.pullmanparismontparnasse.com\/fr\/wp-json\/wp\/v2\/pages\/1067","targetHints":{"allow":["GET"]}}],"collection":[{"href":"https:\/\/www.pullmanparismontparnasse.com\/fr\/wp-json\/wp\/v2\/pages"}],"about":[{"href":"https:\/\/www.pullmanparismontparnasse.com\/fr\/wp-json\/wp\/v2\/types\/page"}],"author":[{"embeddable":true,"href":"https:\/\/www.pullmanparismontparnasse.com\/fr\/wp-json\/wp\/v2\/users\/283"}],"replies":[{"embeddable":true,"href":"https:\/\/www.pullmanparismontparnasse.com\/fr\/wp-json\/wp\/v2\/comments?post=1067"}],"version-history":[{"count":3,"href":"https:\/\/www.pullmanparismontparnasse.com\/fr\/wp-json\/wp\/v2\/pages\/1067\/revisions"}],"predecessor-version":[{"id":1722,"href":"https:\/\/www.pullmanparismontparnasse.com\/fr\/wp-json\/wp\/v2\/pages\/1067\/revisions\/1722"}],"wp:featuredmedia":[{"embeddable":true,"href":"https:\/\/www.pullmanparismontparnasse.com\/fr\/wp-json\/wp\/v2\/media\/1202"}],"wp:attachment":[{"href":"https:\/\/www.pullmanparismontparnasse.com\/fr\/wp-json\/wp\/v2\/media?parent=1067"}],"wp:term":[{"taxonomy":"category","embeddable":true,"href":"https:\/\/www.pullmanparismontparnasse.com\/fr\/wp-json\/wp\/v2\/categories?post=1067"}],"curies":[{"name":"wp","href":"https:\/\/api.w.org\/{rel}","templated":true}]}}